{"id":53511,"date":"2017-04-05T15:30:49","date_gmt":"2017-04-05T15:30:49","guid":{"rendered":"https:\/\/www.elibron.com\/catalog\/product\/la-defection-de-marmont-en-1814-ouvrage-suivi-dun-grand-nombre-de-documents-inedits-ou-peu-connus-dun-precis-des-jugements-de-napoleon-1-er-sur-le-marechal-marmont-dune-notice-bibliographique\/"},"modified":"2017-04-06T10:27:07","modified_gmt":"2017-04-06T10:27:07","slug":"la-defection-de-marmont-en-1814-ouvrage-suivi-dun-grand-nombre-de-documents-inedits-ou-peu-connus-dun-precis-des-jugements-de-napoleon-1-er-sur-le-marechal-marmont-dune-notice-bibliographique","status":"publish","type":"product","link":"https:\/\/www.elibron.com\/catalog\/product\/la-defection-de-marmont-en-1814-ouvrage-suivi-dun-grand-nombre-de-documents-inedits-ou-peu-connus-dun-precis-des-jugements-de-napoleon-1-er-sur-le-marechal-marmont-dune-notice-bibliographique\/","title":{"rendered":"La d\u00e9fection de Marmont en 1814. Ouvrage suivi d&#8217;un grand nombre de documents in\u00e9dits ou peu connus, d&#8217;un pr\u00e9cis des jugements de Napol\u00e9on 1-er sur le mar\u00e9chal Marmont, d&#8217;une notice bibliographique\u0085"},"content":{"rendered":"<aside class=\"mashsb-container mashsb-main mashsb-stretched\"><div class=\"mashsb-box\"><div class=\"mashsb-buttons\"><a  class=\"mashicon-facebook mash-large mash-center mashsb-noshadow\" href=\"https:\/\/www.facebook.com\/sharer.php?u=https%3A%2F%2Fwww.elibron.com%2Fcatalog%2Fproduct%2Fla-defection-de-marmont-en-1814-ouvrage-suivi-dun-grand-nombre-de-documents-inedits-ou-peu-connus-dun-precis-des-jugements-de-napoleon-1-er-sur-le-marechal-marmont-dune-notice-bibliographique%2F\" target=\"_blank\" rel=\"noopener nofollow\"><span class=\"icon\"><\/span><span class=\"text\">Share<\/span><\/a><a  class=\"mashicon-twitter mash-large mash-center mashsb-noshadow\" href=\"https:\/\/twitter.com\/intent\/tweet?text=&url=https:\/\/www.elibron.com\/catalog\/product\/la-defection-de-marmont-en-1814-ouvrage-suivi-dun-grand-nombre-de-documents-inedits-ou-peu-connus-dun-precis-des-jugements-de-napoleon-1-er-sur-le-marechal-marmont-dune-notice-bibliographique\/&via=ElibronBooks\" target=\"_blank\" rel=\"noopener nofollow\"><span class=\"icon\"><\/span><span class=\"text\">Tweet<\/span><\/a><div class=\"onoffswitch2 mash-large mashsb-noshadow\" style=\"display:none;\"><\/div><\/div>\r\n            <\/div>\r\n                <div style=\"clear:both;\"><\/div><div class=\"mashsb-toggle-container\"><\/div><\/aside>\r\n            <!-- Share buttons by mashshare.net - Version: 3.5.7-->","protected":false},"excerpt":{"rendered":"","protected":false},"featured_media":53512,"comment_status":"closed","ping_status":"open","template":"","meta":{"_acf_changed":false,"jetpack_post_was_ever_published":false,"jetpack_publicize_message":"","jetpack_publicize_feature_enabled":true,"jetpack_social_post_already_shared":false,"jetpack_social_options":{"image_generator_settings":{"template":"highway","enabled":false},"version":2}},"product_brand":[],"product_cat":[2344,6,2356,2355,2437,2366],"product_tag":[53,79,74,297,94],"class_list":{"0":"post-53511","1":"product","2":"type-product","3":"status-publish","4":"has-post-thumbnail","6":"product_cat-biography-memoir-books","7":"product_cat-books","8":"product_cat-europe-books","9":"product_cat-history-books","10":"product_cat-military-books","11":"product_cat-society-social-sciences-books","12":"product_tag-biography-memoir","13":"product_tag-europe","14":"product_tag-history","15":"product_tag-military","16":"product_tag-society-social-sciences","18":"first","19":"instock","20":"purchasable","21":"product-type-simple"},"jetpack_publicize_connections":[],"acf":[],"jetpack_sharing_enabled":true,"_links":{"self":[{"href":"https:\/\/www.elibron.com\/catalog\/wp-json\/wp\/v2\/product\/53511","targetHints":{"allow":["GET"]}}],"collection":[{"href":"https:\/\/www.elibron.com\/catalog\/wp-json\/wp\/v2\/product"}],"about":[{"href":"https:\/\/www.elibron.com\/catalog\/wp-json\/wp\/v2\/types\/product"}],"replies":[{"embeddable":true,"href":"https:\/\/www.elibron.com\/catalog\/wp-json\/wp\/v2\/comments?post=53511"}],"wp:featuredmedia":[{"embeddable":true,"href":"https:\/\/www.elibron.com\/catalog\/wp-json\/wp\/v2\/media\/53512"}],"wp:attachment":[{"href":"https:\/\/www.elibron.com\/catalog\/wp-json\/wp\/v2\/media?parent=53511"}],"wp:term":[{"taxonomy":"product_brand","embeddable":true,"href":"https:\/\/www.elibron.com\/catalog\/wp-json\/wp\/v2\/product_brand?post=53511"},{"taxonomy":"product_cat","embeddable":true,"href":"https:\/\/www.elibron.com\/catalog\/wp-json\/wp\/v2\/product_cat?post=53511"},{"taxonomy":"product_tag","embeddable":true,"href":"https:\/\/www.elibron.com\/catalog\/wp-json\/wp\/v2\/product_tag?post=53511"}],"curies":[{"name":"wp","href":"https:\/\/api.w.org\/{rel}","templated":true}]}}