{"id":52963,"date":"2017-04-05T14:59:12","date_gmt":"2017-04-05T14:59:12","guid":{"rendered":"https:\/\/www.elibron.com\/catalog\/product\/lart-de-la-cuisine-francaise-aux-xix-e-siecle-traite-des-entrees-chaudes-des-rots-en-gras-et-en-maigre-des-entremets-de-legumes-entremets-sucres-et-autres-ou-6-e-7-e-et-derniere-partie-de-louv-2\/"},"modified":"2017-04-06T10:22:04","modified_gmt":"2017-04-06T10:22:04","slug":"lart-de-la-cuisine-francaise-aux-xix-e-siecle-traite-des-entrees-chaudes-des-rots-en-gras-et-en-maigre-des-entremets-de-legumes-entremets-sucres-et-autres-ou-6-e-7-e-et-derniere-partie-de-louv-2","status":"publish","type":"product","link":"https:\/\/www.elibron.com\/catalog\/product\/lart-de-la-cuisine-francaise-aux-xix-e-siecle-traite-des-entrees-chaudes-des-rots-en-gras-et-en-maigre-des-entremets-de-legumes-entremets-sucres-et-autres-ou-6-e-7-e-et-derniere-partie-de-louv-2\/","title":{"rendered":"L&#8217;art de la cuisine fran\u00e7aise aux XIX-e si\u00e8cle. Trait\u00e9 des entr\u00e9es chaudes, des rots en gras et en maigre, des entremets de l\u00e9gumes, entremets sucr\u00e9s et autres, ou 6-e, 7-e et derni\u00e8re partie de l&#8217;ouvrage de Car\u00eame. Tome 5"},"content":{"rendered":"<aside class=\"mashsb-container mashsb-main mashsb-stretched\"><div class=\"mashsb-box\"><div class=\"mashsb-buttons\"><a  class=\"mashicon-facebook mash-large mash-center mashsb-noshadow\" href=\"https:\/\/www.facebook.com\/sharer.php?u=https%3A%2F%2Fwww.elibron.com%2Fcatalog%2Fproduct%2Flart-de-la-cuisine-francaise-aux-xix-e-siecle-traite-des-entrees-chaudes-des-rots-en-gras-et-en-maigre-des-entremets-de-legumes-entremets-sucres-et-autres-ou-6-e-7-e-et-derniere-partie-de-louv-2%2F\" target=\"_blank\" rel=\"noopener nofollow\"><span class=\"icon\"><\/span><span class=\"text\">Share<\/span><\/a><a  class=\"mashicon-twitter mash-large mash-center mashsb-noshadow\" href=\"https:\/\/twitter.com\/intent\/tweet?text=&url=https:\/\/www.elibron.com\/catalog\/product\/lart-de-la-cuisine-francaise-aux-xix-e-siecle-traite-des-entrees-chaudes-des-rots-en-gras-et-en-maigre-des-entremets-de-legumes-entremets-sucres-et-autres-ou-6-e-7-e-et-derniere-partie-de-louv-2\/&via=ElibronBooks\" target=\"_blank\" rel=\"noopener nofollow\"><span class=\"icon\"><\/span><span class=\"text\">Tweet<\/span><\/a><div class=\"onoffswitch2 mash-large mashsb-noshadow\" style=\"display:none;\"><\/div><\/div>\r\n            <\/div>\r\n                <div style=\"clear:both;\"><\/div><div class=\"mashsb-toggle-container\"><\/div><\/aside>\r\n            <!-- Share buttons by mashshare.net - Version: 3.5.7-->","protected":false},"excerpt":{"rendered":"","protected":false},"featured_media":52964,"comment_status":"closed","ping_status":"open","template":"","meta":{"_acf_changed":false,"jetpack_post_was_ever_published":false,"jetpack_publicize_message":"","jetpack_publicize_feature_enabled":true,"jetpack_social_post_already_shared":false,"jetpack_social_options":{"image_generator_settings":{"template":"highway","enabled":false},"version":2}},"product_brand":[],"product_cat":[6,2472,2473,2372,2474],"product_tag":[451,452,110,453],"class_list":{"0":"post-52963","1":"product","2":"type-product","3":"status-publish","4":"has-post-thumbnail","6":"product_cat-books","7":"product_cat-cooking-books","8":"product_cat-food-books","9":"product_cat-life-family-books","10":"product_cat-wine-beverages-books","11":"product_tag-cooking","12":"product_tag-food","13":"product_tag-life-family","14":"product_tag-wine-beverages","16":"first","17":"instock","18":"purchasable","19":"product-type-simple"},"jetpack_publicize_connections":[],"acf":[],"jetpack_sharing_enabled":true,"_links":{"self":[{"href":"https:\/\/www.elibron.com\/catalog\/wp-json\/wp\/v2\/product\/52963","targetHints":{"allow":["GET"]}}],"collection":[{"href":"https:\/\/www.elibron.com\/catalog\/wp-json\/wp\/v2\/product"}],"about":[{"href":"https:\/\/www.elibron.com\/catalog\/wp-json\/wp\/v2\/types\/product"}],"replies":[{"embeddable":true,"href":"https:\/\/www.elibron.com\/catalog\/wp-json\/wp\/v2\/comments?post=52963"}],"wp:featuredmedia":[{"embeddable":true,"href":"https:\/\/www.elibron.com\/catalog\/wp-json\/wp\/v2\/media\/52964"}],"wp:attachment":[{"href":"https:\/\/www.elibron.com\/catalog\/wp-json\/wp\/v2\/media?parent=52963"}],"wp:term":[{"taxonomy":"product_brand","embeddable":true,"href":"https:\/\/www.elibron.com\/catalog\/wp-json\/wp\/v2\/product_brand?post=52963"},{"taxonomy":"product_cat","embeddable":true,"href":"https:\/\/www.elibron.com\/catalog\/wp-json\/wp\/v2\/product_cat?post=52963"},{"taxonomy":"product_tag","embeddable":true,"href":"https:\/\/www.elibron.com\/catalog\/wp-json\/wp\/v2\/product_tag?post=52963"}],"curies":[{"name":"wp","href":"https:\/\/api.w.org\/{rel}","templated":true}]}}