{"id":52787,"date":"2017-04-05T14:48:29","date_gmt":"2017-04-05T14:48:29","guid":{"rendered":"https:\/\/www.elibron.com\/catalog\/product\/scenes-de-mer-tome-1-deux-lions-pour-une-femme-suivi-de-un-caractere-de-marin-toutes-nations-ou-le-petit-forban-par-edouard-corbiere\/"},"modified":"2017-04-06T10:20:32","modified_gmt":"2017-04-06T10:20:32","slug":"scenes-de-mer-tome-1-deux-lions-pour-une-femme-suivi-de-un-caractere-de-marin-toutes-nations-ou-le-petit-forban-par-edouard-corbiere","status":"publish","type":"product","link":"https:\/\/www.elibron.com\/catalog\/product\/scenes-de-mer-tome-1-deux-lions-pour-une-femme-suivi-de-un-caractere-de-marin-toutes-nations-ou-le-petit-forban-par-edouard-corbiere\/","title":{"rendered":"Sc\u00e8nes de mer. Tome 1. Deux lions pour une femme. Suivi de Un caract\u00e8re de marin, Toutes-Nations, ou Le Petit Forban. Par \u00c9douard Corbi\u00e8re"},"content":{"rendered":"<aside class=\"mashsb-container mashsb-main mashsb-stretched\"><div class=\"mashsb-box\"><div class=\"mashsb-buttons\"><a  class=\"mashicon-facebook mash-large mash-center mashsb-noshadow\" href=\"https:\/\/www.facebook.com\/sharer.php?u=https%3A%2F%2Fwww.elibron.com%2Fcatalog%2Fproduct%2Fscenes-de-mer-tome-1-deux-lions-pour-une-femme-suivi-de-un-caractere-de-marin-toutes-nations-ou-le-petit-forban-par-edouard-corbiere%2F\" target=\"_blank\" rel=\"noopener nofollow\"><span class=\"icon\"><\/span><span class=\"text\">Share<\/span><\/a><a  class=\"mashicon-twitter mash-large mash-center mashsb-noshadow\" href=\"https:\/\/twitter.com\/intent\/tweet?text=&url=https:\/\/www.elibron.com\/catalog\/product\/scenes-de-mer-tome-1-deux-lions-pour-une-femme-suivi-de-un-caractere-de-marin-toutes-nations-ou-le-petit-forban-par-edouard-corbiere\/&via=ElibronBooks\" target=\"_blank\" rel=\"noopener nofollow\"><span class=\"icon\"><\/span><span class=\"text\">Tweet<\/span><\/a><div class=\"onoffswitch2 mash-large mashsb-noshadow\" style=\"display:none;\"><\/div><\/div>\r\n            <\/div>\r\n                <div style=\"clear:both;\"><\/div><div class=\"mashsb-toggle-container\"><\/div><\/aside>\r\n            <!-- Share buttons by mashshare.net - Version: 3.5.7-->","protected":false},"excerpt":{"rendered":"","protected":false},"featured_media":52788,"comment_status":"closed","ping_status":"open","template":"","meta":{"_acf_changed":false,"jetpack_post_was_ever_published":false,"jetpack_publicize_message":"","jetpack_publicize_feature_enabled":true,"jetpack_social_post_already_shared":false,"jetpack_social_options":{"image_generator_settings":{"template":"highway","enabled":false},"version":2}},"product_brand":[],"product_cat":[6,2352,2332],"product_tag":[65,8],"class_list":{"0":"post-52787","1":"product","2":"type-product","3":"status-publish","4":"has-post-thumbnail","6":"product_cat-books","7":"product_cat-novel-books","8":"product_cat-novels-short-fiction-books","9":"product_tag-novel","10":"product_tag-novels-short-fiction","12":"first","13":"instock","14":"purchasable","15":"product-type-simple"},"jetpack_publicize_connections":[],"acf":[],"jetpack_sharing_enabled":true,"_links":{"self":[{"href":"https:\/\/www.elibron.com\/catalog\/wp-json\/wp\/v2\/product\/52787","targetHints":{"allow":["GET"]}}],"collection":[{"href":"https:\/\/www.elibron.com\/catalog\/wp-json\/wp\/v2\/product"}],"about":[{"href":"https:\/\/www.elibron.com\/catalog\/wp-json\/wp\/v2\/types\/product"}],"replies":[{"embeddable":true,"href":"https:\/\/www.elibron.com\/catalog\/wp-json\/wp\/v2\/comments?post=52787"}],"wp:featuredmedia":[{"embeddable":true,"href":"https:\/\/www.elibron.com\/catalog\/wp-json\/wp\/v2\/media\/52788"}],"wp:attachment":[{"href":"https:\/\/www.elibron.com\/catalog\/wp-json\/wp\/v2\/media?parent=52787"}],"wp:term":[{"taxonomy":"product_brand","embeddable":true,"href":"https:\/\/www.elibron.com\/catalog\/wp-json\/wp\/v2\/product_brand?post=52787"},{"taxonomy":"product_cat","embeddable":true,"href":"https:\/\/www.elibron.com\/catalog\/wp-json\/wp\/v2\/product_cat?post=52787"},{"taxonomy":"product_tag","embeddable":true,"href":"https:\/\/www.elibron.com\/catalog\/wp-json\/wp\/v2\/product_tag?post=52787"}],"curies":[{"name":"wp","href":"https:\/\/api.w.org\/{rel}","templated":true}]}}