{"id":52331,"date":"2017-04-05T14:18:19","date_gmt":"2017-04-05T14:18:19","guid":{"rendered":"https:\/\/www.elibron.com\/catalog\/product\/correspondance-des-deys-dalger-avec-la-cour-de-france-1579-1833-publiee-avec-une-introduction-des-eclairissements-et-des-notes-par-eugene-plantet-tome-1-1579-1700\/"},"modified":"2017-04-06T10:16:24","modified_gmt":"2017-04-06T10:16:24","slug":"correspondance-des-deys-dalger-avec-la-cour-de-france-1579-1833-publiee-avec-une-introduction-des-eclairissements-et-des-notes-par-eugene-plantet-tome-1-1579-1700","status":"publish","type":"product","link":"https:\/\/www.elibron.com\/catalog\/product\/correspondance-des-deys-dalger-avec-la-cour-de-france-1579-1833-publiee-avec-une-introduction-des-eclairissements-et-des-notes-par-eugene-plantet-tome-1-1579-1700\/","title":{"rendered":"Correspondance des deys d&#8217;Alger avec la cour de France, 1579-1833. Publi\u00e9e avec une introduction, des \u00e9clairissements et des notes par Eug\u00e8ne Plantet. Tome 1. (1579-1700)"},"content":{"rendered":"<aside class=\"mashsb-container mashsb-main mashsb-stretched\"><div class=\"mashsb-box\"><div class=\"mashsb-buttons\"><a  class=\"mashicon-facebook mash-large mash-center mashsb-noshadow\" href=\"https:\/\/www.facebook.com\/sharer.php?u=https%3A%2F%2Fwww.elibron.com%2Fcatalog%2Fproduct%2Fcorrespondance-des-deys-dalger-avec-la-cour-de-france-1579-1833-publiee-avec-une-introduction-des-eclairissements-et-des-notes-par-eugene-plantet-tome-1-1579-1700%2F\" target=\"_blank\" rel=\"noopener nofollow\"><span class=\"icon\"><\/span><span class=\"text\">Share<\/span><\/a><a  class=\"mashicon-twitter mash-large mash-center mashsb-noshadow\" href=\"https:\/\/twitter.com\/intent\/tweet?text=&url=https:\/\/www.elibron.com\/catalog\/product\/correspondance-des-deys-dalger-avec-la-cour-de-france-1579-1833-publiee-avec-une-introduction-des-eclairissements-et-des-notes-par-eugene-plantet-tome-1-1579-1700\/&via=ElibronBooks\" target=\"_blank\" rel=\"noopener nofollow\"><span class=\"icon\"><\/span><span class=\"text\">Tweet<\/span><\/a><div class=\"onoffswitch2 mash-large mashsb-noshadow\" style=\"display:none;\"><\/div><\/div>\r\n            <\/div>\r\n                <div style=\"clear:both;\"><\/div><div class=\"mashsb-toggle-container\"><\/div><\/aside>\r\n            <!-- Share buttons by mashshare.net - Version: 3.5.7-->","protected":false},"excerpt":{"rendered":"","protected":false},"featured_media":52332,"comment_status":"closed","ping_status":"open","template":"","meta":{"_acf_changed":false,"jetpack_post_was_ever_published":false,"jetpack_publicize_message":"","jetpack_publicize_feature_enabled":true,"jetpack_social_post_already_shared":false,"jetpack_social_options":{"image_generator_settings":{"template":"highway","enabled":false},"version":2}},"product_brand":[],"product_cat":[2344,6,2401,2479,2400,2366],"product_tag":[53,189,709,188,94],"class_list":{"0":"post-52331","1":"product","2":"type-product","3":"status-publish","4":"has-post-thumbnail","6":"product_cat-biography-memoir-books","7":"product_cat-books","8":"product_cat-heads-of-state-books","9":"product_cat-international-relations-books","10":"product_cat-politicians-books","11":"product_cat-society-social-sciences-books","12":"product_tag-biography-memoir","13":"product_tag-heads-of-state","14":"product_tag-international-relations","15":"product_tag-politicians","16":"product_tag-society-social-sciences","18":"first","19":"instock","20":"purchasable","21":"product-type-simple"},"jetpack_publicize_connections":[],"acf":[],"jetpack_sharing_enabled":true,"_links":{"self":[{"href":"https:\/\/www.elibron.com\/catalog\/wp-json\/wp\/v2\/product\/52331","targetHints":{"allow":["GET"]}}],"collection":[{"href":"https:\/\/www.elibron.com\/catalog\/wp-json\/wp\/v2\/product"}],"about":[{"href":"https:\/\/www.elibron.com\/catalog\/wp-json\/wp\/v2\/types\/product"}],"replies":[{"embeddable":true,"href":"https:\/\/www.elibron.com\/catalog\/wp-json\/wp\/v2\/comments?post=52331"}],"wp:featuredmedia":[{"embeddable":true,"href":"https:\/\/www.elibron.com\/catalog\/wp-json\/wp\/v2\/media\/52332"}],"wp:attachment":[{"href":"https:\/\/www.elibron.com\/catalog\/wp-json\/wp\/v2\/media?parent=52331"}],"wp:term":[{"taxonomy":"product_brand","embeddable":true,"href":"https:\/\/www.elibron.com\/catalog\/wp-json\/wp\/v2\/product_brand?post=52331"},{"taxonomy":"product_cat","embeddable":true,"href":"https:\/\/www.elibron.com\/catalog\/wp-json\/wp\/v2\/product_cat?post=52331"},{"taxonomy":"product_tag","embeddable":true,"href":"https:\/\/www.elibron.com\/catalog\/wp-json\/wp\/v2\/product_tag?post=52331"}],"curies":[{"name":"wp","href":"https:\/\/api.w.org\/{rel}","templated":true}]}}