{"id":50997,"date":"2017-04-05T13:01:38","date_gmt":"2017-04-05T13:01:38","guid":{"rendered":"https:\/\/www.elibron.com\/catalog\/product\/traditions-teratologiques-ou-recits-de-lantiquite-et-du-moyen-age-en-occident-sur-quelques-points-de-la-fable-du-merveilleux-et-de-lhistoire-naturelle-publies-dapres-plusieurs-manuscrits-inedits\/"},"modified":"2017-04-06T10:04:17","modified_gmt":"2017-04-06T10:04:17","slug":"traditions-teratologiques-ou-recits-de-lantiquite-et-du-moyen-age-en-occident-sur-quelques-points-de-la-fable-du-merveilleux-et-de-lhistoire-naturelle-publies-dapres-plusieurs-manuscrits-inedits","status":"publish","type":"product","link":"https:\/\/www.elibron.com\/catalog\/product\/traditions-teratologiques-ou-recits-de-lantiquite-et-du-moyen-age-en-occident-sur-quelques-points-de-la-fable-du-merveilleux-et-de-lhistoire-naturelle-publies-dapres-plusieurs-manuscrits-inedits\/","title":{"rendered":"Traditions t\u00e9ratologiques, ou R\u00e9cits de l&#8217;antiquit\u00e9 et du Moyen \u00c2ge en Occident sur quelques points de la fable du merveilleux et de l&#8217;histoire naturelle. Publi\u00e9s d&#8217;apr\u00e8s plusieurs manuscrits in\u00e9dits grecs; latins, et en vieux fran\u00e7ais"},"content":{"rendered":"<aside class=\"mashsb-container mashsb-main mashsb-stretched\"><div class=\"mashsb-box\"><div class=\"mashsb-buttons\"><a  class=\"mashicon-facebook mash-large mash-center mashsb-noshadow\" href=\"https:\/\/www.facebook.com\/sharer.php?u=https%3A%2F%2Fwww.elibron.com%2Fcatalog%2Fproduct%2Ftraditions-teratologiques-ou-recits-de-lantiquite-et-du-moyen-age-en-occident-sur-quelques-points-de-la-fable-du-merveilleux-et-de-lhistoire-naturelle-publies-dapres-plusieurs-manuscrits-inedits%2F\" target=\"_blank\" rel=\"noopener nofollow\"><span class=\"icon\"><\/span><span class=\"text\">Share<\/span><\/a><a  class=\"mashicon-twitter mash-large mash-center mashsb-noshadow\" href=\"https:\/\/twitter.com\/intent\/tweet?text=&url=https:\/\/www.elibron.com\/catalog\/product\/traditions-teratologiques-ou-recits-de-lantiquite-et-du-moyen-age-en-occident-sur-quelques-points-de-la-fable-du-merveilleux-et-de-lhistoire-naturelle-publies-dapres-plusieurs-manuscrits-inedits\/&via=ElibronBooks\" target=\"_blank\" rel=\"noopener nofollow\"><span class=\"icon\"><\/span><span class=\"text\">Tweet<\/span><\/a><div class=\"onoffswitch2 mash-large mashsb-noshadow\" style=\"display:none;\"><\/div><\/div>\r\n            <\/div>\r\n                <div style=\"clear:both;\"><\/div><div class=\"mashsb-toggle-container\"><\/div><\/aside>\r\n            <!-- Share buttons by mashshare.net - Version: 3.5.7-->","protected":false},"excerpt":{"rendered":"","protected":false},"featured_media":50998,"comment_status":"closed","ping_status":"open","template":"","meta":{"_acf_changed":false,"jetpack_post_was_ever_published":false,"jetpack_publicize_message":"","jetpack_publicize_feature_enabled":true,"jetpack_social_post_already_shared":false,"jetpack_social_options":{"image_generator_settings":{"template":"highway","enabled":false},"version":2}},"product_brand":[],"product_cat":[6,2356,2343,2355],"product_tag":[79,20,74],"class_list":{"0":"post-50997","1":"product","2":"type-product","3":"status-publish","4":"has-post-thumbnail","6":"product_cat-books","7":"product_cat-europe-books","8":"product_cat-folklore-mythology-books","9":"product_cat-history-books","10":"product_tag-europe","11":"product_tag-folklore-mythology","12":"product_tag-history","14":"first","15":"instock","16":"purchasable","17":"product-type-simple"},"jetpack_publicize_connections":[],"acf":[],"jetpack_sharing_enabled":true,"_links":{"self":[{"href":"https:\/\/www.elibron.com\/catalog\/wp-json\/wp\/v2\/product\/50997","targetHints":{"allow":["GET"]}}],"collection":[{"href":"https:\/\/www.elibron.com\/catalog\/wp-json\/wp\/v2\/product"}],"about":[{"href":"https:\/\/www.elibron.com\/catalog\/wp-json\/wp\/v2\/types\/product"}],"replies":[{"embeddable":true,"href":"https:\/\/www.elibron.com\/catalog\/wp-json\/wp\/v2\/comments?post=50997"}],"wp:featuredmedia":[{"embeddable":true,"href":"https:\/\/www.elibron.com\/catalog\/wp-json\/wp\/v2\/media\/50998"}],"wp:attachment":[{"href":"https:\/\/www.elibron.com\/catalog\/wp-json\/wp\/v2\/media?parent=50997"}],"wp:term":[{"taxonomy":"product_brand","embeddable":true,"href":"https:\/\/www.elibron.com\/catalog\/wp-json\/wp\/v2\/product_brand?post=50997"},{"taxonomy":"product_cat","embeddable":true,"href":"https:\/\/www.elibron.com\/catalog\/wp-json\/wp\/v2\/product_cat?post=50997"},{"taxonomy":"product_tag","embeddable":true,"href":"https:\/\/www.elibron.com\/catalog\/wp-json\/wp\/v2\/product_tag?post=50997"}],"curies":[{"name":"wp","href":"https:\/\/api.w.org\/{rel}","templated":true}]}}