{"id":50759,"date":"2017-04-05T12:48:16","date_gmt":"2017-04-05T12:48:16","guid":{"rendered":"https:\/\/www.elibron.com\/catalog\/product\/les-deux-champollion-leur-vie-et-leurs-%c2%9cuvres-leur-correspondance-archeologique-relative-au-dauphine-et-a-legypte-etude-complete-de-biographie-et-de-bibliographie-1778-1867\/"},"modified":"2017-04-06T10:02:00","modified_gmt":"2017-04-06T10:02:00","slug":"les-deux-champollion-leur-vie-et-leurs-%c2%9cuvres-leur-correspondance-archeologique-relative-au-dauphine-et-a-legypte-etude-complete-de-biographie-et-de-bibliographie-1778-1867","status":"publish","type":"product","link":"https:\/\/www.elibron.com\/catalog\/product\/les-deux-champollion-leur-vie-et-leurs-%c2%9cuvres-leur-correspondance-archeologique-relative-au-dauphine-et-a-legypte-etude-complete-de-biographie-et-de-bibliographie-1778-1867\/","title":{"rendered":"Les deux Champollion: leur vie et leurs \u009cuvres, leur correspondance arch\u00e9ologique relative au Dauphin\u00e9 et \u00e0 l&#8217;\u00c9gypte. \u00c9tude compl\u00e8te de biographie et de bibliographie, 1778-1867"},"content":{"rendered":"<aside class=\"mashsb-container mashsb-main mashsb-stretched\"><div class=\"mashsb-box\"><div class=\"mashsb-buttons\"><a  class=\"mashicon-facebook mash-large mash-center mashsb-noshadow\" href=\"https:\/\/www.facebook.com\/sharer.php?u=https%3A%2F%2Fwww.elibron.com%2Fcatalog%2Fproduct%2Fles-deux-champollion-leur-vie-et-leurs-%25c2%259cuvres-leur-correspondance-archeologique-relative-au-dauphine-et-a-legypte-etude-complete-de-biographie-et-de-bibliographie-1778-1867%2F\" target=\"_blank\" rel=\"noopener nofollow\"><span class=\"icon\"><\/span><span class=\"text\">Share<\/span><\/a><a  class=\"mashicon-twitter mash-large mash-center mashsb-noshadow\" href=\"https:\/\/twitter.com\/intent\/tweet?text=&url=https:\/\/www.elibron.com\/catalog\/product\/les-deux-champollion-leur-vie-et-leurs-%c2%9cuvres-leur-correspondance-archeologique-relative-au-dauphine-et-a-legypte-etude-complete-de-biographie-et-de-bibliographie-1778-1867\/&via=ElibronBooks\" target=\"_blank\" rel=\"noopener nofollow\"><span class=\"icon\"><\/span><span class=\"text\">Tweet<\/span><\/a><div class=\"onoffswitch2 mash-large mashsb-noshadow\" style=\"display:none;\"><\/div><\/div>\r\n            <\/div>\r\n                <div style=\"clear:both;\"><\/div><div class=\"mashsb-toggle-container\"><\/div><\/aside>\r\n            <!-- Share buttons by mashshare.net - Version: 3.5.7-->","protected":false},"excerpt":{"rendered":"","protected":false},"featured_media":50760,"comment_status":"closed","ping_status":"open","template":"","meta":{"_acf_changed":false,"jetpack_post_was_ever_published":false,"jetpack_publicize_message":"","jetpack_publicize_feature_enabled":true,"jetpack_social_post_already_shared":false,"jetpack_social_options":{"image_generator_settings":{"template":"highway","enabled":false},"version":2}},"product_brand":[],"product_cat":[2486,2344,6,2390,2365,2389],"product_tag":[527,53,163,91,162],"class_list":{"0":"post-50759","1":"product","2":"type-product","3":"status-publish","4":"has-post-thumbnail","6":"product_cat-archaeology","7":"product_cat-biography-memoir-books","8":"product_cat-books","9":"product_cat-inventors-books","10":"product_cat-sciences-books","11":"product_cat-scientists-books","12":"product_tag-archaeology","13":"product_tag-biography-memoir","14":"product_tag-inventors","15":"product_tag-sciences","16":"product_tag-scientists","18":"first","19":"instock","20":"purchasable","21":"product-type-simple"},"jetpack_publicize_connections":[],"acf":[],"jetpack_sharing_enabled":true,"_links":{"self":[{"href":"https:\/\/www.elibron.com\/catalog\/wp-json\/wp\/v2\/product\/50759","targetHints":{"allow":["GET"]}}],"collection":[{"href":"https:\/\/www.elibron.com\/catalog\/wp-json\/wp\/v2\/product"}],"about":[{"href":"https:\/\/www.elibron.com\/catalog\/wp-json\/wp\/v2\/types\/product"}],"replies":[{"embeddable":true,"href":"https:\/\/www.elibron.com\/catalog\/wp-json\/wp\/v2\/comments?post=50759"}],"wp:featuredmedia":[{"embeddable":true,"href":"https:\/\/www.elibron.com\/catalog\/wp-json\/wp\/v2\/media\/50760"}],"wp:attachment":[{"href":"https:\/\/www.elibron.com\/catalog\/wp-json\/wp\/v2\/media?parent=50759"}],"wp:term":[{"taxonomy":"product_brand","embeddable":true,"href":"https:\/\/www.elibron.com\/catalog\/wp-json\/wp\/v2\/product_brand?post=50759"},{"taxonomy":"product_cat","embeddable":true,"href":"https:\/\/www.elibron.com\/catalog\/wp-json\/wp\/v2\/product_cat?post=50759"},{"taxonomy":"product_tag","embeddable":true,"href":"https:\/\/www.elibron.com\/catalog\/wp-json\/wp\/v2\/product_tag?post=50759"}],"curies":[{"name":"wp","href":"https:\/\/api.w.org\/{rel}","templated":true}]}}