{"id":50755,"date":"2017-04-05T12:48:03","date_gmt":"2017-04-05T12:48:03","guid":{"rendered":"https:\/\/www.elibron.com\/catalog\/product\/histoire-ante-diluvienne-de-la-chine-ou-histoire-de-la-chine-dans-les-tems-anterieurs-a-lan-2298-avant-notre-ere\/"},"modified":"2017-04-06T10:01:58","modified_gmt":"2017-04-06T10:01:58","slug":"histoire-ante-diluvienne-de-la-chine-ou-histoire-de-la-chine-dans-les-tems-anterieurs-a-lan-2298-avant-notre-ere","status":"publish","type":"product","link":"https:\/\/www.elibron.com\/catalog\/product\/histoire-ante-diluvienne-de-la-chine-ou-histoire-de-la-chine-dans-les-tems-anterieurs-a-lan-2298-avant-notre-ere\/","title":{"rendered":"Histoire ant\u00e9-diluvienne de la Chine, ou Histoire de la Chine dans les tems ant\u00e9rieurs \u00e0 l&#8217;an 2298 avant notre \u00e8re"},"content":{"rendered":"<aside class=\"mashsb-container mashsb-main mashsb-stretched\"><div class=\"mashsb-box\"><div class=\"mashsb-buttons\"><a  class=\"mashicon-facebook mash-large mash-center mashsb-noshadow\" href=\"https:\/\/www.facebook.com\/sharer.php?u=https%3A%2F%2Fwww.elibron.com%2Fcatalog%2Fproduct%2Fhistoire-ante-diluvienne-de-la-chine-ou-histoire-de-la-chine-dans-les-tems-anterieurs-a-lan-2298-avant-notre-ere%2F\" target=\"_blank\" rel=\"noopener nofollow\"><span class=\"icon\"><\/span><span class=\"text\">Share<\/span><\/a><a  class=\"mashicon-twitter mash-large mash-center mashsb-noshadow\" href=\"https:\/\/twitter.com\/intent\/tweet?text=&url=https:\/\/www.elibron.com\/catalog\/product\/histoire-ante-diluvienne-de-la-chine-ou-histoire-de-la-chine-dans-les-tems-anterieurs-a-lan-2298-avant-notre-ere\/&via=ElibronBooks\" target=\"_blank\" rel=\"noopener nofollow\"><span class=\"icon\"><\/span><span class=\"text\">Tweet<\/span><\/a><div class=\"onoffswitch2 mash-large mashsb-noshadow\" style=\"display:none;\"><\/div><\/div>\r\n            <\/div>\r\n                <div style=\"clear:both;\"><\/div><div class=\"mashsb-toggle-container\"><\/div><\/aside>\r\n            <!-- Share buttons by mashshare.net - Version: 3.5.7-->","protected":false},"excerpt":{"rendered":"","protected":false},"featured_media":50756,"comment_status":"closed","ping_status":"open","template":"","meta":{"_acf_changed":false,"jetpack_post_was_ever_published":false,"jetpack_publicize_message":"","jetpack_publicize_feature_enabled":true,"jetpack_social_post_already_shared":false,"jetpack_social_options":{"image_generator_settings":{"template":"highway","enabled":false},"version":2}},"product_brand":[],"product_cat":[2409,2419,6,2410,2355],"product_tag":[214,237,236,74],"class_list":{"0":"post-50755","1":"product","2":"type-product","3":"status-publish","4":"has-post-thumbnail","6":"product_cat-ancient-history","7":"product_cat-asia-books","8":"product_cat-books","9":"product_cat-general-books","10":"product_cat-history-books","11":"product_tag-ancient-history","12":"product_tag-asia","13":"product_tag-general","14":"product_tag-history","16":"first","17":"instock","18":"purchasable","19":"product-type-simple"},"jetpack_publicize_connections":[],"acf":[],"jetpack_sharing_enabled":true,"_links":{"self":[{"href":"https:\/\/www.elibron.com\/catalog\/wp-json\/wp\/v2\/product\/50755","targetHints":{"allow":["GET"]}}],"collection":[{"href":"https:\/\/www.elibron.com\/catalog\/wp-json\/wp\/v2\/product"}],"about":[{"href":"https:\/\/www.elibron.com\/catalog\/wp-json\/wp\/v2\/types\/product"}],"replies":[{"embeddable":true,"href":"https:\/\/www.elibron.com\/catalog\/wp-json\/wp\/v2\/comments?post=50755"}],"wp:featuredmedia":[{"embeddable":true,"href":"https:\/\/www.elibron.com\/catalog\/wp-json\/wp\/v2\/media\/50756"}],"wp:attachment":[{"href":"https:\/\/www.elibron.com\/catalog\/wp-json\/wp\/v2\/media?parent=50755"}],"wp:term":[{"taxonomy":"product_brand","embeddable":true,"href":"https:\/\/www.elibron.com\/catalog\/wp-json\/wp\/v2\/product_brand?post=50755"},{"taxonomy":"product_cat","embeddable":true,"href":"https:\/\/www.elibron.com\/catalog\/wp-json\/wp\/v2\/product_cat?post=50755"},{"taxonomy":"product_tag","embeddable":true,"href":"https:\/\/www.elibron.com\/catalog\/wp-json\/wp\/v2\/product_tag?post=50755"}],"curies":[{"name":"wp","href":"https:\/\/api.w.org\/{rel}","templated":true}]}}