{"id":50565,"date":"2017-04-05T12:37:33","date_gmt":"2017-04-05T12:37:33","guid":{"rendered":"https:\/\/www.elibron.com\/catalog\/product\/comment-bleriot-a-traverse-la-manche-par-charles-fontaine-recit-de-la-traversee-par-louis-bleriot-conclusions-de-m-paul-painleve\/"},"modified":"2017-04-06T10:00:14","modified_gmt":"2017-04-06T10:00:14","slug":"comment-bleriot-a-traverse-la-manche-par-charles-fontaine-recit-de-la-traversee-par-louis-bleriot-conclusions-de-m-paul-painleve","status":"publish","type":"product","link":"https:\/\/www.elibron.com\/catalog\/product\/comment-bleriot-a-traverse-la-manche-par-charles-fontaine-recit-de-la-traversee-par-louis-bleriot-conclusions-de-m-paul-painleve\/","title":{"rendered":"Comment Bl\u00e9riot \u00e0 travers\u00e9 la Manche. [Par] Charles Fontaine. R\u00e9cit de la travers\u00e9e par Louis Bl\u00e9riot. Conclusions de m. Paul Painlev\u00e9"},"content":{"rendered":"<aside class=\"mashsb-container mashsb-main mashsb-stretched\"><div class=\"mashsb-box\"><div class=\"mashsb-buttons\"><a  class=\"mashicon-facebook mash-large mash-center mashsb-noshadow\" href=\"https:\/\/www.facebook.com\/sharer.php?u=https%3A%2F%2Fwww.elibron.com%2Fcatalog%2Fproduct%2Fcomment-bleriot-a-traverse-la-manche-par-charles-fontaine-recit-de-la-traversee-par-louis-bleriot-conclusions-de-m-paul-painleve%2F\" target=\"_blank\" rel=\"noopener nofollow\"><span class=\"icon\"><\/span><span class=\"text\">Share<\/span><\/a><a  class=\"mashicon-twitter mash-large mash-center mashsb-noshadow\" href=\"https:\/\/twitter.com\/intent\/tweet?text=&url=https:\/\/www.elibron.com\/catalog\/product\/comment-bleriot-a-traverse-la-manche-par-charles-fontaine-recit-de-la-traversee-par-louis-bleriot-conclusions-de-m-paul-painleve\/&via=ElibronBooks\" target=\"_blank\" rel=\"noopener nofollow\"><span class=\"icon\"><\/span><span class=\"text\">Tweet<\/span><\/a><div class=\"onoffswitch2 mash-large mashsb-noshadow\" style=\"display:none;\"><\/div><\/div>\r\n            <\/div>\r\n                <div style=\"clear:both;\"><\/div><div class=\"mashsb-toggle-container\"><\/div><\/aside>\r\n            <!-- Share buttons by mashshare.net - Version: 3.5.7-->","protected":false},"excerpt":{"rendered":"","protected":false},"featured_media":50566,"comment_status":"closed","ping_status":"open","template":"","meta":{"_acf_changed":false,"jetpack_post_was_ever_published":false,"jetpack_publicize_message":"","jetpack_publicize_feature_enabled":true,"jetpack_social_post_already_shared":false,"jetpack_social_options":{"image_generator_settings":{"template":"highway","enabled":false},"version":2}},"product_brand":[],"product_cat":[6,2358,2378,2357,2379],"product_tag":[76,128,193,129],"class_list":{"0":"post-50565","1":"product","2":"type-product","3":"status-publish","4":"has-post-thumbnail","6":"product_cat-books","7":"product_cat-countries-maps-books","8":"product_cat-customs-traditions-of-nations-books","9":"product_cat-travel-books","10":"product_cat-travel-stories-books","11":"product_tag-countries-maps","12":"product_tag-customs-traditions-of-nations","13":"product_tag-travel","14":"product_tag-travel-stories","16":"first","17":"instock","18":"purchasable","19":"product-type-simple"},"jetpack_publicize_connections":[],"acf":[],"jetpack_sharing_enabled":true,"_links":{"self":[{"href":"https:\/\/www.elibron.com\/catalog\/wp-json\/wp\/v2\/product\/50565","targetHints":{"allow":["GET"]}}],"collection":[{"href":"https:\/\/www.elibron.com\/catalog\/wp-json\/wp\/v2\/product"}],"about":[{"href":"https:\/\/www.elibron.com\/catalog\/wp-json\/wp\/v2\/types\/product"}],"replies":[{"embeddable":true,"href":"https:\/\/www.elibron.com\/catalog\/wp-json\/wp\/v2\/comments?post=50565"}],"wp:featuredmedia":[{"embeddable":true,"href":"https:\/\/www.elibron.com\/catalog\/wp-json\/wp\/v2\/media\/50566"}],"wp:attachment":[{"href":"https:\/\/www.elibron.com\/catalog\/wp-json\/wp\/v2\/media?parent=50565"}],"wp:term":[{"taxonomy":"product_brand","embeddable":true,"href":"https:\/\/www.elibron.com\/catalog\/wp-json\/wp\/v2\/product_brand?post=50565"},{"taxonomy":"product_cat","embeddable":true,"href":"https:\/\/www.elibron.com\/catalog\/wp-json\/wp\/v2\/product_cat?post=50565"},{"taxonomy":"product_tag","embeddable":true,"href":"https:\/\/www.elibron.com\/catalog\/wp-json\/wp\/v2\/product_tag?post=50565"}],"curies":[{"name":"wp","href":"https:\/\/api.w.org\/{rel}","templated":true}]}}