{"id":50275,"date":"2017-04-05T12:21:18","date_gmt":"2017-04-05T12:21:18","guid":{"rendered":"https:\/\/www.elibron.com\/catalog\/product\/les-passages-de-venus-sur-le-disque-solaire-consideres-au-point-de-vue-de-la-determination-de-la-distance-du-soleil-a-la-terre-passage-de-1874-notion-historiques-sur-les-passages-de-1761-et-1769\/"},"modified":"2017-04-06T09:57:37","modified_gmt":"2017-04-06T09:57:37","slug":"les-passages-de-venus-sur-le-disque-solaire-consideres-au-point-de-vue-de-la-determination-de-la-distance-du-soleil-a-la-terre-passage-de-1874-notion-historiques-sur-les-passages-de-1761-et-1769","status":"publish","type":"product","link":"https:\/\/www.elibron.com\/catalog\/product\/les-passages-de-venus-sur-le-disque-solaire-consideres-au-point-de-vue-de-la-determination-de-la-distance-du-soleil-a-la-terre-passage-de-1874-notion-historiques-sur-les-passages-de-1761-et-1769\/","title":{"rendered":"Les passages de V\u00e9nus sur le disque solaire. Consid\u00e9r\u00e9s au point de vue de la d\u00e9termination de la distance du soleil \u00e0 la terre. Passage de 1874. Notion historiques sur les passages de 1761 et 1769"},"content":{"rendered":"<aside class=\"mashsb-container mashsb-main mashsb-stretched\"><div class=\"mashsb-box\"><div class=\"mashsb-buttons\"><a  class=\"mashicon-facebook mash-large mash-center mashsb-noshadow\" href=\"https:\/\/www.facebook.com\/sharer.php?u=https%3A%2F%2Fwww.elibron.com%2Fcatalog%2Fproduct%2Fles-passages-de-venus-sur-le-disque-solaire-consideres-au-point-de-vue-de-la-determination-de-la-distance-du-soleil-a-la-terre-passage-de-1874-notion-historiques-sur-les-passages-de-1761-et-1769%2F\" target=\"_blank\" rel=\"noopener nofollow\"><span class=\"icon\"><\/span><span class=\"text\">Share<\/span><\/a><a  class=\"mashicon-twitter mash-large mash-center mashsb-noshadow\" href=\"https:\/\/twitter.com\/intent\/tweet?text=&url=https:\/\/www.elibron.com\/catalog\/product\/les-passages-de-venus-sur-le-disque-solaire-consideres-au-point-de-vue-de-la-determination-de-la-distance-du-soleil-a-la-terre-passage-de-1874-notion-historiques-sur-les-passages-de-1761-et-1769\/&via=ElibronBooks\" target=\"_blank\" rel=\"noopener nofollow\"><span class=\"icon\"><\/span><span class=\"text\">Tweet<\/span><\/a><div class=\"onoffswitch2 mash-large mashsb-noshadow\" style=\"display:none;\"><\/div><\/div>\r\n            <\/div>\r\n                <div style=\"clear:both;\"><\/div><div class=\"mashsb-toggle-container\"><\/div><\/aside>\r\n            <!-- Share buttons by mashshare.net - Version: 3.5.7-->","protected":false},"excerpt":{"rendered":"","protected":false},"featured_media":50276,"comment_status":"closed","ping_status":"open","template":"","meta":{"_acf_changed":false,"jetpack_post_was_ever_published":false,"jetpack_publicize_message":"","jetpack_publicize_feature_enabled":true,"jetpack_social_post_already_shared":false,"jetpack_social_options":{"image_generator_settings":{"template":"highway","enabled":false},"version":2}},"product_brand":[],"product_cat":[2440,6,2365],"product_tag":[305,91],"class_list":{"0":"post-50275","1":"product","2":"type-product","3":"status-publish","4":"has-post-thumbnail","6":"product_cat-astronomy-books","7":"product_cat-books","8":"product_cat-sciences-books","9":"product_tag-astronomy","10":"product_tag-sciences","12":"first","13":"instock","14":"purchasable","15":"product-type-simple"},"jetpack_publicize_connections":[],"acf":[],"jetpack_sharing_enabled":true,"_links":{"self":[{"href":"https:\/\/www.elibron.com\/catalog\/wp-json\/wp\/v2\/product\/50275","targetHints":{"allow":["GET"]}}],"collection":[{"href":"https:\/\/www.elibron.com\/catalog\/wp-json\/wp\/v2\/product"}],"about":[{"href":"https:\/\/www.elibron.com\/catalog\/wp-json\/wp\/v2\/types\/product"}],"replies":[{"embeddable":true,"href":"https:\/\/www.elibron.com\/catalog\/wp-json\/wp\/v2\/comments?post=50275"}],"wp:featuredmedia":[{"embeddable":true,"href":"https:\/\/www.elibron.com\/catalog\/wp-json\/wp\/v2\/media\/50276"}],"wp:attachment":[{"href":"https:\/\/www.elibron.com\/catalog\/wp-json\/wp\/v2\/media?parent=50275"}],"wp:term":[{"taxonomy":"product_brand","embeddable":true,"href":"https:\/\/www.elibron.com\/catalog\/wp-json\/wp\/v2\/product_brand?post=50275"},{"taxonomy":"product_cat","embeddable":true,"href":"https:\/\/www.elibron.com\/catalog\/wp-json\/wp\/v2\/product_cat?post=50275"},{"taxonomy":"product_tag","embeddable":true,"href":"https:\/\/www.elibron.com\/catalog\/wp-json\/wp\/v2\/product_tag?post=50275"}],"curies":[{"name":"wp","href":"https:\/\/api.w.org\/{rel}","templated":true}]}}