{"id":50077,"date":"2017-04-05T12:10:21","date_gmt":"2017-04-05T12:10:21","guid":{"rendered":"https:\/\/www.elibron.com\/catalog\/product\/les-systemes-representatifs-avec-elections-populaires-historiquement-exposes-et-developpes-en-rapport-avec-les-conditions-politiques-et-sociales-des-peuples-traduit-de-lallemand-par-stanislas-lepor\/"},"modified":"2017-04-06T09:55:43","modified_gmt":"2017-04-06T09:55:43","slug":"les-systemes-representatifs-avec-elections-populaires-historiquement-exposes-et-developpes-en-rapport-avec-les-conditions-politiques-et-sociales-des-peuples-traduit-de-lallemand-par-stanislas-lepor","status":"publish","type":"product","link":"https:\/\/www.elibron.com\/catalog\/product\/les-systemes-representatifs-avec-elections-populaires-historiquement-exposes-et-developpes-en-rapport-avec-les-conditions-politiques-et-sociales-des-peuples-traduit-de-lallemand-par-stanislas-lepor\/","title":{"rendered":"Les syst\u00e8mes repr\u00e9sentatifs avec \u00e9lections populaires. Historiquement expos\u00e9s et d\u00e9velopp\u00e9s en rapport avec les conditions politiques et sociales des peuples. Traduit de l&#8217;allemand par Stanislas Leportier"},"content":{"rendered":"<aside class=\"mashsb-container mashsb-main mashsb-stretched\"><div class=\"mashsb-box\"><div class=\"mashsb-buttons\"><a  class=\"mashicon-facebook mash-large mash-center mashsb-noshadow\" href=\"https:\/\/www.facebook.com\/sharer.php?u=https%3A%2F%2Fwww.elibron.com%2Fcatalog%2Fproduct%2Fles-systemes-representatifs-avec-elections-populaires-historiquement-exposes-et-developpes-en-rapport-avec-les-conditions-politiques-et-sociales-des-peuples-traduit-de-lallemand-par-stanislas-lepor%2F\" target=\"_blank\" rel=\"noopener nofollow\"><span class=\"icon\"><\/span><span class=\"text\">Share<\/span><\/a><a  class=\"mashicon-twitter mash-large mash-center mashsb-noshadow\" href=\"https:\/\/twitter.com\/intent\/tweet?text=&url=https:\/\/www.elibron.com\/catalog\/product\/les-systemes-representatifs-avec-elections-populaires-historiquement-exposes-et-developpes-en-rapport-avec-les-conditions-politiques-et-sociales-des-peuples-traduit-de-lallemand-par-stanislas-lepor\/&via=ElibronBooks\" target=\"_blank\" rel=\"noopener nofollow\"><span class=\"icon\"><\/span><span class=\"text\">Tweet<\/span><\/a><div class=\"onoffswitch2 mash-large mashsb-noshadow\" style=\"display:none;\"><\/div><\/div>\r\n            <\/div>\r\n                <div style=\"clear:both;\"><\/div><div class=\"mashsb-toggle-container\"><\/div><\/aside>\r\n            <!-- Share buttons by mashshare.net - Version: 3.5.7-->","protected":false},"excerpt":{"rendered":"","protected":false},"featured_media":50078,"comment_status":"closed","ping_status":"open","template":"","meta":{"_acf_changed":false,"jetpack_post_was_ever_published":false,"jetpack_publicize_message":"","jetpack_publicize_feature_enabled":true,"jetpack_social_post_already_shared":false,"jetpack_social_options":{"image_generator_settings":{"template":"highway","enabled":false},"version":2}},"product_brand":[],"product_cat":[6,2341,2340,2403,2366],"product_tag":[45,17,199,94],"class_list":{"0":"post-50077","1":"product","2":"type-product","3":"status-publish","4":"has-post-thumbnail","6":"product_cat-books","7":"product_cat-constitutional-books","8":"product_cat-law-books","9":"product_cat-politics-political-science-books","10":"product_cat-society-social-sciences-books","11":"product_tag-constitutional","12":"product_tag-law","13":"product_tag-politics-political-science","14":"product_tag-society-social-sciences","16":"first","17":"instock","18":"purchasable","19":"product-type-simple"},"jetpack_publicize_connections":[],"acf":[],"jetpack_sharing_enabled":true,"_links":{"self":[{"href":"https:\/\/www.elibron.com\/catalog\/wp-json\/wp\/v2\/product\/50077","targetHints":{"allow":["GET"]}}],"collection":[{"href":"https:\/\/www.elibron.com\/catalog\/wp-json\/wp\/v2\/product"}],"about":[{"href":"https:\/\/www.elibron.com\/catalog\/wp-json\/wp\/v2\/types\/product"}],"replies":[{"embeddable":true,"href":"https:\/\/www.elibron.com\/catalog\/wp-json\/wp\/v2\/comments?post=50077"}],"wp:featuredmedia":[{"embeddable":true,"href":"https:\/\/www.elibron.com\/catalog\/wp-json\/wp\/v2\/media\/50078"}],"wp:attachment":[{"href":"https:\/\/www.elibron.com\/catalog\/wp-json\/wp\/v2\/media?parent=50077"}],"wp:term":[{"taxonomy":"product_brand","embeddable":true,"href":"https:\/\/www.elibron.com\/catalog\/wp-json\/wp\/v2\/product_brand?post=50077"},{"taxonomy":"product_cat","embeddable":true,"href":"https:\/\/www.elibron.com\/catalog\/wp-json\/wp\/v2\/product_cat?post=50077"},{"taxonomy":"product_tag","embeddable":true,"href":"https:\/\/www.elibron.com\/catalog\/wp-json\/wp\/v2\/product_tag?post=50077"}],"curies":[{"name":"wp","href":"https:\/\/api.w.org\/{rel}","templated":true}]}}