{"id":49987,"date":"2017-04-05T12:05:17","date_gmt":"2017-04-05T12:05:17","guid":{"rendered":"https:\/\/www.elibron.com\/catalog\/product\/voyage-en-suisse-en-lombardie-et-en-piemont-suivi-du-tableau-resume-des-evenemens-de-la-suisse-depuis-1830-et-dun-itineraire-tome-1\/"},"modified":"2017-04-06T09:54:50","modified_gmt":"2017-04-06T09:54:50","slug":"voyage-en-suisse-en-lombardie-et-en-piemont-suivi-du-tableau-resume-des-evenemens-de-la-suisse-depuis-1830-et-dun-itineraire-tome-1","status":"publish","type":"product","link":"https:\/\/www.elibron.com\/catalog\/product\/voyage-en-suisse-en-lombardie-et-en-piemont-suivi-du-tableau-resume-des-evenemens-de-la-suisse-depuis-1830-et-dun-itineraire-tome-1\/","title":{"rendered":"Voyage en Suisse, en Lombardie et en Pi\u00e9mont. Suivi du tableau r\u00e9sum\u00e9 des \u00e9v\u00e9nemens de la Suisse depuis 1830, et d&#8217;un itin\u00e9raire. Tome 1"},"content":{"rendered":"<aside class=\"mashsb-container mashsb-main mashsb-stretched\"><div class=\"mashsb-box\"><div class=\"mashsb-buttons\"><a  class=\"mashicon-facebook mash-large mash-center mashsb-noshadow\" href=\"https:\/\/www.facebook.com\/sharer.php?u=https%3A%2F%2Fwww.elibron.com%2Fcatalog%2Fproduct%2Fvoyage-en-suisse-en-lombardie-et-en-piemont-suivi-du-tableau-resume-des-evenemens-de-la-suisse-depuis-1830-et-dun-itineraire-tome-1%2F\" target=\"_blank\" rel=\"noopener nofollow\"><span class=\"icon\"><\/span><span class=\"text\">Share<\/span><\/a><a  class=\"mashicon-twitter mash-large mash-center mashsb-noshadow\" href=\"https:\/\/twitter.com\/intent\/tweet?text=&url=https:\/\/www.elibron.com\/catalog\/product\/voyage-en-suisse-en-lombardie-et-en-piemont-suivi-du-tableau-resume-des-evenemens-de-la-suisse-depuis-1830-et-dun-itineraire-tome-1\/&via=ElibronBooks\" target=\"_blank\" rel=\"noopener nofollow\"><span class=\"icon\"><\/span><span class=\"text\">Tweet<\/span><\/a><div class=\"onoffswitch2 mash-large mashsb-noshadow\" style=\"display:none;\"><\/div><\/div>\r\n            <\/div>\r\n                <div style=\"clear:both;\"><\/div><div class=\"mashsb-toggle-container\"><\/div><\/aside>\r\n            <!-- Share buttons by mashshare.net - Version: 3.5.7-->","protected":false},"excerpt":{"rendered":"","protected":false},"featured_media":49988,"comment_status":"closed","ping_status":"open","template":"","meta":{"_acf_changed":false,"jetpack_post_was_ever_published":false,"jetpack_publicize_message":"","jetpack_publicize_feature_enabled":true,"jetpack_social_post_already_shared":false,"jetpack_social_options":{"image_generator_settings":{"template":"highway","enabled":false},"version":2}},"product_brand":[],"product_cat":[6,2358,2356,2355,2357,2359],"product_tag":[76,79,74,193,77],"class_list":{"0":"post-49987","1":"product","2":"type-product","3":"status-publish","4":"has-post-thumbnail","6":"product_cat-books","7":"product_cat-countries-maps-books","8":"product_cat-europe-books","9":"product_cat-history-books","10":"product_cat-travel-books","11":"product_cat-travel-guides-books","12":"product_tag-countries-maps","13":"product_tag-europe","14":"product_tag-history","15":"product_tag-travel","16":"product_tag-travel-guides","18":"first","19":"instock","20":"purchasable","21":"product-type-simple"},"jetpack_publicize_connections":[],"acf":[],"jetpack_sharing_enabled":true,"_links":{"self":[{"href":"https:\/\/www.elibron.com\/catalog\/wp-json\/wp\/v2\/product\/49987","targetHints":{"allow":["GET"]}}],"collection":[{"href":"https:\/\/www.elibron.com\/catalog\/wp-json\/wp\/v2\/product"}],"about":[{"href":"https:\/\/www.elibron.com\/catalog\/wp-json\/wp\/v2\/types\/product"}],"replies":[{"embeddable":true,"href":"https:\/\/www.elibron.com\/catalog\/wp-json\/wp\/v2\/comments?post=49987"}],"wp:featuredmedia":[{"embeddable":true,"href":"https:\/\/www.elibron.com\/catalog\/wp-json\/wp\/v2\/media\/49988"}],"wp:attachment":[{"href":"https:\/\/www.elibron.com\/catalog\/wp-json\/wp\/v2\/media?parent=49987"}],"wp:term":[{"taxonomy":"product_brand","embeddable":true,"href":"https:\/\/www.elibron.com\/catalog\/wp-json\/wp\/v2\/product_brand?post=49987"},{"taxonomy":"product_cat","embeddable":true,"href":"https:\/\/www.elibron.com\/catalog\/wp-json\/wp\/v2\/product_cat?post=49987"},{"taxonomy":"product_tag","embeddable":true,"href":"https:\/\/www.elibron.com\/catalog\/wp-json\/wp\/v2\/product_tag?post=49987"}],"curies":[{"name":"wp","href":"https:\/\/api.w.org\/{rel}","templated":true}]}}