{"id":49823,"date":"2017-04-05T11:56:06","date_gmt":"2017-04-05T11:56:06","guid":{"rendered":"https:\/\/www.elibron.com\/catalog\/product\/wrod-ap-polipa-powie-spoeczna-w-4-ch-tomach-osnuta-na-tle-stosunkow-wiejskich-krolestwa-polskiego-1864-1874-wincenty-hr-o-tom-3-ssiedzi-powie-spoeczna-w-12-tu-tomach%c2%851864-1899\/"},"modified":"2017-04-06T09:53:23","modified_gmt":"2017-04-06T09:53:23","slug":"wrod-ap-polipa-powie-spoeczna-w-4-ch-tomach-osnuta-na-tle-stosunkow-wiejskich-krolestwa-polskiego-1864-1874-wincenty-hr-o-tom-3-ssiedzi-powie-spoeczna-w-12-tu-tomach%c2%851864-1899","status":"publish","type":"product","link":"https:\/\/www.elibron.com\/catalog\/product\/wrod-ap-polipa-powie-spoeczna-w-4-ch-tomach-osnuta-na-tle-stosunkow-wiejskich-krolestwa-polskiego-1864-1874-wincenty-hr-o-tom-3-ssiedzi-powie-spoeczna-w-12-tu-tomach%c2%851864-1899\/","title":{"rendered":"W?r\u00f3d ?ap polipa. Powie?? spo?eczna w 4-ch tomach osnuta na tle stosunk\u00f3w wiejskich Kr\u00f3lestwa Polskiego, 1864-1874. Wincenty hr. ?o?. Tom 3. (S?siedzi. Powie?? spo?eczna w 12-tu tomach\u00851864-1899; Cz??? 1; Tom 3"},"content":{"rendered":"<aside class=\"mashsb-container mashsb-main mashsb-stretched\"><div class=\"mashsb-box\"><div class=\"mashsb-buttons\"><a  class=\"mashicon-facebook mash-large mash-center mashsb-noshadow\" href=\"https:\/\/www.facebook.com\/sharer.php?u=https%3A%2F%2Fwww.elibron.com%2Fcatalog%2Fproduct%2Fwrod-ap-polipa-powie-spoeczna-w-4-ch-tomach-osnuta-na-tle-stosunkow-wiejskich-krolestwa-polskiego-1864-1874-wincenty-hr-o-tom-3-ssiedzi-powie-spoeczna-w-12-tu-tomach%25c2%25851864-1899%2F\" target=\"_blank\" rel=\"noopener nofollow\"><span class=\"icon\"><\/span><span class=\"text\">Share<\/span><\/a><a  class=\"mashicon-twitter mash-large mash-center mashsb-noshadow\" href=\"https:\/\/twitter.com\/intent\/tweet?text=&url=https:\/\/www.elibron.com\/catalog\/product\/wrod-ap-polipa-powie-spoeczna-w-4-ch-tomach-osnuta-na-tle-stosunkow-wiejskich-krolestwa-polskiego-1864-1874-wincenty-hr-o-tom-3-ssiedzi-powie-spoeczna-w-12-tu-tomach%c2%851864-1899\/&via=ElibronBooks\" target=\"_blank\" rel=\"noopener nofollow\"><span class=\"icon\"><\/span><span class=\"text\">Tweet<\/span><\/a><div class=\"onoffswitch2 mash-large mashsb-noshadow\" style=\"display:none;\"><\/div><\/div>\r\n            <\/div>\r\n                <div style=\"clear:both;\"><\/div><div class=\"mashsb-toggle-container\"><\/div><\/aside>\r\n            <!-- Share buttons by mashshare.net - Version: 3.5.7-->","protected":false},"excerpt":{"rendered":"","protected":false},"featured_media":49824,"comment_status":"closed","ping_status":"open","template":"","meta":{"_acf_changed":false,"jetpack_post_was_ever_published":false,"jetpack_publicize_message":"","jetpack_publicize_feature_enabled":true,"jetpack_social_post_already_shared":false,"jetpack_social_options":{"image_generator_settings":{"template":"highway","enabled":false},"version":2}},"product_brand":[],"product_cat":[6,2332,2333],"product_tag":[8,9],"class_list":{"0":"post-49823","1":"product","2":"type-product","3":"status-publish","4":"has-post-thumbnail","6":"product_cat-books","7":"product_cat-novels-short-fiction-books","8":"product_cat-romance-books","9":"product_tag-novels-short-fiction","10":"product_tag-romance","12":"first","13":"instock","14":"purchasable","15":"product-type-simple"},"jetpack_publicize_connections":[],"acf":[],"jetpack_sharing_enabled":true,"_links":{"self":[{"href":"https:\/\/www.elibron.com\/catalog\/wp-json\/wp\/v2\/product\/49823","targetHints":{"allow":["GET"]}}],"collection":[{"href":"https:\/\/www.elibron.com\/catalog\/wp-json\/wp\/v2\/product"}],"about":[{"href":"https:\/\/www.elibron.com\/catalog\/wp-json\/wp\/v2\/types\/product"}],"replies":[{"embeddable":true,"href":"https:\/\/www.elibron.com\/catalog\/wp-json\/wp\/v2\/comments?post=49823"}],"wp:featuredmedia":[{"embeddable":true,"href":"https:\/\/www.elibron.com\/catalog\/wp-json\/wp\/v2\/media\/49824"}],"wp:attachment":[{"href":"https:\/\/www.elibron.com\/catalog\/wp-json\/wp\/v2\/media?parent=49823"}],"wp:term":[{"taxonomy":"product_brand","embeddable":true,"href":"https:\/\/www.elibron.com\/catalog\/wp-json\/wp\/v2\/product_brand?post=49823"},{"taxonomy":"product_cat","embeddable":true,"href":"https:\/\/www.elibron.com\/catalog\/wp-json\/wp\/v2\/product_cat?post=49823"},{"taxonomy":"product_tag","embeddable":true,"href":"https:\/\/www.elibron.com\/catalog\/wp-json\/wp\/v2\/product_tag?post=49823"}],"curies":[{"name":"wp","href":"https:\/\/api.w.org\/{rel}","templated":true}]}}