{"id":49695,"date":"2017-04-05T11:48:59","date_gmt":"2017-04-05T11:48:59","guid":{"rendered":"https:\/\/www.elibron.com\/catalog\/product\/essai-dune-analyse-critique-de-la-notice-des-tableaux-italiens-du-musee-national-du-louvre-accompagne-dobservations-et-de-documents-relatifs-a-ces-memes-tableaux\/"},"modified":"2017-04-06T09:52:12","modified_gmt":"2017-04-06T09:52:12","slug":"essai-dune-analyse-critique-de-la-notice-des-tableaux-italiens-du-musee-national-du-louvre-accompagne-dobservations-et-de-documents-relatifs-a-ces-memes-tableaux","status":"publish","type":"product","link":"https:\/\/www.elibron.com\/catalog\/product\/essai-dune-analyse-critique-de-la-notice-des-tableaux-italiens-du-musee-national-du-louvre-accompagne-dobservations-et-de-documents-relatifs-a-ces-memes-tableaux\/","title":{"rendered":"Essai d&#8217;une analyse critique de la notice des tableaux italiens du Mus\u00e9e national du Louvre. Accompagn\u00e9 d&#8217;observations et de documents relatifs \u00e0 ces m\u00eames tableaux"},"content":{"rendered":"<aside class=\"mashsb-container mashsb-main mashsb-stretched\"><div class=\"mashsb-box\"><div class=\"mashsb-buttons\"><a  class=\"mashicon-facebook mash-large mash-center mashsb-noshadow\" href=\"https:\/\/www.facebook.com\/sharer.php?u=https%3A%2F%2Fwww.elibron.com%2Fcatalog%2Fproduct%2Fessai-dune-analyse-critique-de-la-notice-des-tableaux-italiens-du-musee-national-du-louvre-accompagne-dobservations-et-de-documents-relatifs-a-ces-memes-tableaux%2F\" target=\"_blank\" rel=\"noopener nofollow\"><span class=\"icon\"><\/span><span class=\"text\">Share<\/span><\/a><a  class=\"mashicon-twitter mash-large mash-center mashsb-noshadow\" href=\"https:\/\/twitter.com\/intent\/tweet?text=&url=https:\/\/www.elibron.com\/catalog\/product\/essai-dune-analyse-critique-de-la-notice-des-tableaux-italiens-du-musee-national-du-louvre-accompagne-dobservations-et-de-documents-relatifs-a-ces-memes-tableaux\/&via=ElibronBooks\" target=\"_blank\" rel=\"noopener nofollow\"><span class=\"icon\"><\/span><span class=\"text\">Tweet<\/span><\/a><div class=\"onoffswitch2 mash-large mashsb-noshadow\" style=\"display:none;\"><\/div><\/div>\r\n            <\/div>\r\n                <div style=\"clear:both;\"><\/div><div class=\"mashsb-toggle-container\"><\/div><\/aside>\r\n            <!-- Share buttons by mashshare.net - Version: 3.5.7-->","protected":false},"excerpt":{"rendered":"","protected":false},"featured_media":49696,"comment_status":"closed","ping_status":"open","template":"","meta":{"_acf_changed":false,"jetpack_post_was_ever_published":false,"jetpack_publicize_message":"","jetpack_publicize_feature_enabled":true,"jetpack_social_post_already_shared":false,"jetpack_social_options":{"image_generator_settings":{"template":"highway","enabled":false},"version":2}},"product_brand":[],"product_cat":[2405,2398,6,2467],"product_tag":[205,182,415],"class_list":{"0":"post-49695","1":"product","2":"type-product","3":"status-publish","4":"has-post-thumbnail","6":"product_cat-art-history-art-study","7":"product_cat-arts-entertainment-books","8":"product_cat-books","9":"product_cat-museums-collections-books","10":"product_tag-art-history-art-study","11":"product_tag-arts-entertainment","12":"product_tag-museums-collections","14":"first","15":"instock","16":"purchasable","17":"product-type-simple"},"jetpack_publicize_connections":[],"acf":[],"jetpack_sharing_enabled":true,"_links":{"self":[{"href":"https:\/\/www.elibron.com\/catalog\/wp-json\/wp\/v2\/product\/49695","targetHints":{"allow":["GET"]}}],"collection":[{"href":"https:\/\/www.elibron.com\/catalog\/wp-json\/wp\/v2\/product"}],"about":[{"href":"https:\/\/www.elibron.com\/catalog\/wp-json\/wp\/v2\/types\/product"}],"replies":[{"embeddable":true,"href":"https:\/\/www.elibron.com\/catalog\/wp-json\/wp\/v2\/comments?post=49695"}],"wp:featuredmedia":[{"embeddable":true,"href":"https:\/\/www.elibron.com\/catalog\/wp-json\/wp\/v2\/media\/49696"}],"wp:attachment":[{"href":"https:\/\/www.elibron.com\/catalog\/wp-json\/wp\/v2\/media?parent=49695"}],"wp:term":[{"taxonomy":"product_brand","embeddable":true,"href":"https:\/\/www.elibron.com\/catalog\/wp-json\/wp\/v2\/product_brand?post=49695"},{"taxonomy":"product_cat","embeddable":true,"href":"https:\/\/www.elibron.com\/catalog\/wp-json\/wp\/v2\/product_cat?post=49695"},{"taxonomy":"product_tag","embeddable":true,"href":"https:\/\/www.elibron.com\/catalog\/wp-json\/wp\/v2\/product_tag?post=49695"}],"curies":[{"name":"wp","href":"https:\/\/api.w.org\/{rel}","templated":true}]}}