{"id":49579,"date":"2017-04-05T11:42:37","date_gmt":"2017-04-05T11:42:37","guid":{"rendered":"https:\/\/www.elibron.com\/catalog\/product\/introduction-physiologique-a-letude-de-la-philosophie-conferences-sur-la-physiologie-du-systeme-nerveux-de-lhomme-faites-a-la-faculte-des-lettres-de-montpellier-avec-une-preface-par-m-benoist\/"},"modified":"2017-04-06T09:51:11","modified_gmt":"2017-04-06T09:51:11","slug":"introduction-physiologique-a-letude-de-la-philosophie-conferences-sur-la-physiologie-du-systeme-nerveux-de-lhomme-faites-a-la-faculte-des-lettres-de-montpellier-avec-une-preface-par-m-benoist","status":"publish","type":"product","link":"https:\/\/www.elibron.com\/catalog\/product\/introduction-physiologique-a-letude-de-la-philosophie-conferences-sur-la-physiologie-du-systeme-nerveux-de-lhomme-faites-a-la-faculte-des-lettres-de-montpellier-avec-une-preface-par-m-benoist\/","title":{"rendered":"Introduction physiologique \u00e0 l&#8217;\u00e9tude de la philosophie. Conf\u00e9rences sur la physiologie du syst\u00e8me nerveux de l&#8217;homme, faites \u00e0 la Facult\u00e9 des lettres de Montpellier. Avec une pr\u00e9face par M. Benoist"},"content":{"rendered":"<aside class=\"mashsb-container mashsb-main mashsb-stretched\"><div class=\"mashsb-box\"><div class=\"mashsb-buttons\"><a  class=\"mashicon-facebook mash-large mash-center mashsb-noshadow\" href=\"https:\/\/www.facebook.com\/sharer.php?u=https%3A%2F%2Fwww.elibron.com%2Fcatalog%2Fproduct%2Fintroduction-physiologique-a-letude-de-la-philosophie-conferences-sur-la-physiologie-du-systeme-nerveux-de-lhomme-faites-a-la-faculte-des-lettres-de-montpellier-avec-une-preface-par-m-benoist%2F\" target=\"_blank\" rel=\"noopener nofollow\"><span class=\"icon\"><\/span><span class=\"text\">Share<\/span><\/a><a  class=\"mashicon-twitter mash-large mash-center mashsb-noshadow\" href=\"https:\/\/twitter.com\/intent\/tweet?text=&url=https:\/\/www.elibron.com\/catalog\/product\/introduction-physiologique-a-letude-de-la-philosophie-conferences-sur-la-physiologie-du-systeme-nerveux-de-lhomme-faites-a-la-faculte-des-lettres-de-montpellier-avec-une-preface-par-m-benoist\/&via=ElibronBooks\" target=\"_blank\" rel=\"noopener nofollow\"><span class=\"icon\"><\/span><span class=\"text\">Tweet<\/span><\/a><div class=\"onoffswitch2 mash-large mashsb-noshadow\" style=\"display:none;\"><\/div><\/div>\r\n            <\/div>\r\n                <div style=\"clear:both;\"><\/div><div class=\"mashsb-toggle-container\"><\/div><\/aside>\r\n            <!-- Share buttons by mashshare.net - Version: 3.5.7-->","protected":false},"excerpt":{"rendered":"","protected":false},"featured_media":49580,"comment_status":"closed","ping_status":"open","template":"","meta":{"_acf_changed":false,"jetpack_post_was_ever_published":false,"jetpack_publicize_message":"","jetpack_publicize_feature_enabled":true,"jetpack_social_post_already_shared":false,"jetpack_social_options":{"image_generator_settings":{"template":"highway","enabled":false},"version":2}},"product_brand":[],"product_cat":[6,2361],"product_tag":[84],"class_list":{"0":"post-49579","1":"product","2":"type-product","3":"status-publish","4":"has-post-thumbnail","6":"product_cat-books","7":"product_cat-philosophy-books","8":"product_tag-philosophy","10":"first","11":"instock","12":"purchasable","13":"product-type-simple"},"jetpack_publicize_connections":[],"acf":[],"jetpack_sharing_enabled":true,"_links":{"self":[{"href":"https:\/\/www.elibron.com\/catalog\/wp-json\/wp\/v2\/product\/49579","targetHints":{"allow":["GET"]}}],"collection":[{"href":"https:\/\/www.elibron.com\/catalog\/wp-json\/wp\/v2\/product"}],"about":[{"href":"https:\/\/www.elibron.com\/catalog\/wp-json\/wp\/v2\/types\/product"}],"replies":[{"embeddable":true,"href":"https:\/\/www.elibron.com\/catalog\/wp-json\/wp\/v2\/comments?post=49579"}],"wp:featuredmedia":[{"embeddable":true,"href":"https:\/\/www.elibron.com\/catalog\/wp-json\/wp\/v2\/media\/49580"}],"wp:attachment":[{"href":"https:\/\/www.elibron.com\/catalog\/wp-json\/wp\/v2\/media?parent=49579"}],"wp:term":[{"taxonomy":"product_brand","embeddable":true,"href":"https:\/\/www.elibron.com\/catalog\/wp-json\/wp\/v2\/product_brand?post=49579"},{"taxonomy":"product_cat","embeddable":true,"href":"https:\/\/www.elibron.com\/catalog\/wp-json\/wp\/v2\/product_cat?post=49579"},{"taxonomy":"product_tag","embeddable":true,"href":"https:\/\/www.elibron.com\/catalog\/wp-json\/wp\/v2\/product_tag?post=49579"}],"curies":[{"name":"wp","href":"https:\/\/api.w.org\/{rel}","templated":true}]}}