{"id":49501,"date":"2017-04-05T11:38:18","date_gmt":"2017-04-05T11:38:18","guid":{"rendered":"https:\/\/www.elibron.com\/catalog\/product\/nouvelles-recherches-bibliographiques-pour-servir-de-supplement-au-manuel-du-libraire-et-de-lamateur-de-livres-tome-3-p-z-supplement-notice-sur-deux-anciens-romans-intitules-les-chroniques-de-g\/"},"modified":"2017-04-06T09:50:23","modified_gmt":"2017-04-06T09:50:23","slug":"nouvelles-recherches-bibliographiques-pour-servir-de-supplement-au-manuel-du-libraire-et-de-lamateur-de-livres-tome-3-p-z-supplement-notice-sur-deux-anciens-romans-intitules-les-chroniques-de-g","status":"publish","type":"product","link":"https:\/\/www.elibron.com\/catalog\/product\/nouvelles-recherches-bibliographiques-pour-servir-de-supplement-au-manuel-du-libraire-et-de-lamateur-de-livres-tome-3-p-z-supplement-notice-sur-deux-anciens-romans-intitules-les-chroniques-de-g\/","title":{"rendered":"Nouvelles recherches bibliographiques, pour servir de suppl\u00e9ment au manuel du libraire et de l&#8217;amateur de livres. Tome 3: P-Z.; Suppl\u00e9ment: Notice sur deux anciens romans intitul\u00e9s Les chroniques de Gargantua"},"content":{"rendered":"<aside class=\"mashsb-container mashsb-main mashsb-stretched\"><div class=\"mashsb-box\"><div class=\"mashsb-buttons\"><a  class=\"mashicon-facebook mash-large mash-center mashsb-noshadow\" href=\"https:\/\/www.facebook.com\/sharer.php?u=https%3A%2F%2Fwww.elibron.com%2Fcatalog%2Fproduct%2Fnouvelles-recherches-bibliographiques-pour-servir-de-supplement-au-manuel-du-libraire-et-de-lamateur-de-livres-tome-3-p-z-supplement-notice-sur-deux-anciens-romans-intitules-les-chroniques-de-g%2F\" target=\"_blank\" rel=\"noopener nofollow\"><span class=\"icon\"><\/span><span class=\"text\">Share<\/span><\/a><a  class=\"mashicon-twitter mash-large mash-center mashsb-noshadow\" href=\"https:\/\/twitter.com\/intent\/tweet?text=&url=https:\/\/www.elibron.com\/catalog\/product\/nouvelles-recherches-bibliographiques-pour-servir-de-supplement-au-manuel-du-libraire-et-de-lamateur-de-livres-tome-3-p-z-supplement-notice-sur-deux-anciens-romans-intitules-les-chroniques-de-g\/&via=ElibronBooks\" target=\"_blank\" rel=\"noopener nofollow\"><span class=\"icon\"><\/span><span class=\"text\">Tweet<\/span><\/a><div class=\"onoffswitch2 mash-large mashsb-noshadow\" style=\"display:none;\"><\/div><\/div>\r\n            <\/div>\r\n                <div style=\"clear:both;\"><\/div><div class=\"mashsb-toggle-container\"><\/div><\/aside>\r\n            <!-- Share buttons by mashshare.net - Version: 3.5.7-->","protected":false},"excerpt":{"rendered":"","protected":false},"featured_media":49502,"comment_status":"closed","ping_status":"open","template":"","meta":{"_acf_changed":false,"jetpack_post_was_ever_published":false,"jetpack_publicize_message":"","jetpack_publicize_feature_enabled":true,"jetpack_social_post_already_shared":false,"jetpack_social_options":{"image_generator_settings":{"template":"highway","enabled":false},"version":2}},"product_brand":[],"product_cat":[2524,6,2337,2394],"product_tag":[817,119,224],"class_list":{"0":"post-49501","1":"product","2":"type-product","3":"status-publish","4":"has-post-thumbnail","6":"product_cat-bibliographies-indexes-books","7":"product_cat-books","8":"product_cat-literary-criticism-studies-books","9":"product_cat-reference-books","10":"product_tag-bibliographies-indexes","11":"product_tag-literary-criticism-studies","12":"product_tag-reference","14":"first","15":"instock","16":"purchasable","17":"product-type-simple"},"jetpack_publicize_connections":[],"acf":[],"jetpack_sharing_enabled":true,"_links":{"self":[{"href":"https:\/\/www.elibron.com\/catalog\/wp-json\/wp\/v2\/product\/49501","targetHints":{"allow":["GET"]}}],"collection":[{"href":"https:\/\/www.elibron.com\/catalog\/wp-json\/wp\/v2\/product"}],"about":[{"href":"https:\/\/www.elibron.com\/catalog\/wp-json\/wp\/v2\/types\/product"}],"replies":[{"embeddable":true,"href":"https:\/\/www.elibron.com\/catalog\/wp-json\/wp\/v2\/comments?post=49501"}],"wp:featuredmedia":[{"embeddable":true,"href":"https:\/\/www.elibron.com\/catalog\/wp-json\/wp\/v2\/media\/49502"}],"wp:attachment":[{"href":"https:\/\/www.elibron.com\/catalog\/wp-json\/wp\/v2\/media?parent=49501"}],"wp:term":[{"taxonomy":"product_brand","embeddable":true,"href":"https:\/\/www.elibron.com\/catalog\/wp-json\/wp\/v2\/product_brand?post=49501"},{"taxonomy":"product_cat","embeddable":true,"href":"https:\/\/www.elibron.com\/catalog\/wp-json\/wp\/v2\/product_cat?post=49501"},{"taxonomy":"product_tag","embeddable":true,"href":"https:\/\/www.elibron.com\/catalog\/wp-json\/wp\/v2\/product_tag?post=49501"}],"curies":[{"name":"wp","href":"https:\/\/api.w.org\/{rel}","templated":true}]}}