{"id":49399,"date":"2017-04-05T11:32:34","date_gmt":"2017-04-05T11:32:34","guid":{"rendered":"https:\/\/www.elibron.com\/catalog\/product\/gavarni-lhomme-et-l%c2%9cuvre-ouvrage-enrichi-du-portrait-de-gavarni-grave-a-leau-forte-par-flameng-dapres-un-dessin-de-lartiste-et-dun-fac-simile-dautographe\/"},"modified":"2017-04-06T09:49:28","modified_gmt":"2017-04-06T09:49:28","slug":"gavarni-lhomme-et-l%c2%9cuvre-ouvrage-enrichi-du-portrait-de-gavarni-grave-a-leau-forte-par-flameng-dapres-un-dessin-de-lartiste-et-dun-fac-simile-dautographe","status":"publish","type":"product","link":"https:\/\/www.elibron.com\/catalog\/product\/gavarni-lhomme-et-l%c2%9cuvre-ouvrage-enrichi-du-portrait-de-gavarni-grave-a-leau-forte-par-flameng-dapres-un-dessin-de-lartiste-et-dun-fac-simile-dautographe\/","title":{"rendered":"Gavarni. L&#8217;homme et l&#8217;\u009cuvre. Ouvrage enrichi du portrait de Gavarni grav\u00e9 \u00e0 l&#8217;eau-forte par Flameng d&#8217;apr\u00e8s un dessin de l&#8217;artiste et d&#8217;un fac-simile d&#8217;autographe"},"content":{"rendered":"<aside class=\"mashsb-container mashsb-main mashsb-stretched\"><div class=\"mashsb-box\"><div class=\"mashsb-buttons\"><a  class=\"mashicon-facebook mash-large mash-center mashsb-noshadow\" href=\"https:\/\/www.facebook.com\/sharer.php?u=https%3A%2F%2Fwww.elibron.com%2Fcatalog%2Fproduct%2Fgavarni-lhomme-et-l%25c2%259cuvre-ouvrage-enrichi-du-portrait-de-gavarni-grave-a-leau-forte-par-flameng-dapres-un-dessin-de-lartiste-et-dun-fac-simile-dautographe%2F\" target=\"_blank\" rel=\"noopener nofollow\"><span class=\"icon\"><\/span><span class=\"text\">Share<\/span><\/a><a  class=\"mashicon-twitter mash-large mash-center mashsb-noshadow\" href=\"https:\/\/twitter.com\/intent\/tweet?text=&url=https:\/\/www.elibron.com\/catalog\/product\/gavarni-lhomme-et-l%c2%9cuvre-ouvrage-enrichi-du-portrait-de-gavarni-grave-a-leau-forte-par-flameng-dapres-un-dessin-de-lartiste-et-dun-fac-simile-dautographe\/&via=ElibronBooks\" target=\"_blank\" rel=\"noopener nofollow\"><span class=\"icon\"><\/span><span class=\"text\">Tweet<\/span><\/a><div class=\"onoffswitch2 mash-large mashsb-noshadow\" style=\"display:none;\"><\/div><\/div>\r\n            <\/div>\r\n                <div style=\"clear:both;\"><\/div><div class=\"mashsb-toggle-container\"><\/div><\/aside>\r\n            <!-- Share buttons by mashshare.net - Version: 3.5.7-->","protected":false},"excerpt":{"rendered":"","protected":false},"featured_media":49400,"comment_status":"closed","ping_status":"open","template":"","meta":{"_acf_changed":false,"jetpack_post_was_ever_published":false,"jetpack_publicize_message":"","jetpack_publicize_feature_enabled":true,"jetpack_social_post_already_shared":false,"jetpack_social_options":{"image_generator_settings":{"template":"highway","enabled":false},"version":2}},"product_brand":[],"product_cat":[2460,2459,2344,6,2461],"product_tag":[394,393,53,395],"class_list":{"0":"post-49399","1":"product","2":"type-product","3":"status-publish","4":"has-post-thumbnail","6":"product_cat-architects","7":"product_cat-artists-books","8":"product_cat-biography-memoir-books","9":"product_cat-books","10":"product_cat-photographers-books","11":"product_tag-architects","12":"product_tag-artists","13":"product_tag-biography-memoir","14":"product_tag-photographers","16":"first","17":"instock","18":"purchasable","19":"product-type-simple"},"jetpack_publicize_connections":[],"acf":[],"jetpack_sharing_enabled":true,"_links":{"self":[{"href":"https:\/\/www.elibron.com\/catalog\/wp-json\/wp\/v2\/product\/49399","targetHints":{"allow":["GET"]}}],"collection":[{"href":"https:\/\/www.elibron.com\/catalog\/wp-json\/wp\/v2\/product"}],"about":[{"href":"https:\/\/www.elibron.com\/catalog\/wp-json\/wp\/v2\/types\/product"}],"replies":[{"embeddable":true,"href":"https:\/\/www.elibron.com\/catalog\/wp-json\/wp\/v2\/comments?post=49399"}],"wp:featuredmedia":[{"embeddable":true,"href":"https:\/\/www.elibron.com\/catalog\/wp-json\/wp\/v2\/media\/49400"}],"wp:attachment":[{"href":"https:\/\/www.elibron.com\/catalog\/wp-json\/wp\/v2\/media?parent=49399"}],"wp:term":[{"taxonomy":"product_brand","embeddable":true,"href":"https:\/\/www.elibron.com\/catalog\/wp-json\/wp\/v2\/product_brand?post=49399"},{"taxonomy":"product_cat","embeddable":true,"href":"https:\/\/www.elibron.com\/catalog\/wp-json\/wp\/v2\/product_cat?post=49399"},{"taxonomy":"product_tag","embeddable":true,"href":"https:\/\/www.elibron.com\/catalog\/wp-json\/wp\/v2\/product_tag?post=49399"}],"curies":[{"name":"wp","href":"https:\/\/api.w.org\/{rel}","templated":true}]}}