{"id":49147,"date":"2017-04-05T11:18:40","date_gmt":"2017-04-05T11:18:40","guid":{"rendered":"https:\/\/www.elibron.com\/catalog\/product\/etudes-theoriques-et-pratiques-sur-le-mouvement-des-eaux-courantes-suivies-de-considerations-relatives-au-regime-des-grandes-eaux-au-debouche-a-leur-donner-et-a-la-marche-des-alluvions-dans-les-riv\/"},"modified":"2017-04-06T09:47:06","modified_gmt":"2017-04-06T09:47:06","slug":"etudes-theoriques-et-pratiques-sur-le-mouvement-des-eaux-courantes-suivies-de-considerations-relatives-au-regime-des-grandes-eaux-au-debouche-a-leur-donner-et-a-la-marche-des-alluvions-dans-les-riv","status":"publish","type":"product","link":"https:\/\/www.elibron.com\/catalog\/product\/etudes-theoriques-et-pratiques-sur-le-mouvement-des-eaux-courantes-suivies-de-considerations-relatives-au-regime-des-grandes-eaux-au-debouche-a-leur-donner-et-a-la-marche-des-alluvions-dans-les-riv\/","title":{"rendered":"\u00c9tudes th\u00e9oriques et pratiques sur le mouvement des eaux courantes. Suivies de consid\u00e9rations relatives au r\u00e9gime des grandes eaux, au d\u00e9bouch\u00e9 \u00e0 leur donner, et \u00e0 la marche des alluvions dans les rivi\u00e8res \u00e0 fond mobile"},"content":{"rendered":"<aside class=\"mashsb-container mashsb-main mashsb-stretched\"><div class=\"mashsb-box\"><div class=\"mashsb-buttons\"><a  class=\"mashicon-facebook mash-large mash-center mashsb-noshadow\" href=\"https:\/\/www.facebook.com\/sharer.php?u=https%3A%2F%2Fwww.elibron.com%2Fcatalog%2Fproduct%2Fetudes-theoriques-et-pratiques-sur-le-mouvement-des-eaux-courantes-suivies-de-considerations-relatives-au-regime-des-grandes-eaux-au-debouche-a-leur-donner-et-a-la-marche-des-alluvions-dans-les-riv%2F\" target=\"_blank\" rel=\"noopener nofollow\"><span class=\"icon\"><\/span><span class=\"text\">Share<\/span><\/a><a  class=\"mashicon-twitter mash-large mash-center mashsb-noshadow\" href=\"https:\/\/twitter.com\/intent\/tweet?text=&url=https:\/\/www.elibron.com\/catalog\/product\/etudes-theoriques-et-pratiques-sur-le-mouvement-des-eaux-courantes-suivies-de-considerations-relatives-au-regime-des-grandes-eaux-au-debouche-a-leur-donner-et-a-la-marche-des-alluvions-dans-les-riv\/&via=ElibronBooks\" target=\"_blank\" rel=\"noopener nofollow\"><span class=\"icon\"><\/span><span class=\"text\">Tweet<\/span><\/a><div class=\"onoffswitch2 mash-large mashsb-noshadow\" style=\"display:none;\"><\/div><\/div>\r\n            <\/div>\r\n                <div style=\"clear:both;\"><\/div><div class=\"mashsb-toggle-container\"><\/div><\/aside>\r\n            <!-- Share buttons by mashshare.net - Version: 3.5.7-->","protected":false},"excerpt":{"rendered":"","protected":false},"featured_media":49148,"comment_status":"closed","ping_status":"open","template":"","meta":{"_acf_changed":false,"jetpack_post_was_ever_published":false,"jetpack_publicize_message":"","jetpack_publicize_feature_enabled":true,"jetpack_social_post_already_shared":false,"jetpack_social_options":{"image_generator_settings":{"template":"highway","enabled":false},"version":2}},"product_brand":[],"product_cat":[6,2573,2433,2441,2365],"product_tag":[1241,288,315,91],"class_list":{"0":"post-49147","1":"product","2":"type-product","3":"status-publish","4":"has-post-thumbnail","6":"product_cat-books","7":"product_cat-civil-books","8":"product_cat-engineering-technology-books","9":"product_cat-physics-books","10":"product_cat-sciences-books","11":"product_tag-civil","12":"product_tag-engineering-technology","13":"product_tag-physics","14":"product_tag-sciences","16":"first","17":"instock","18":"purchasable","19":"product-type-simple"},"jetpack_publicize_connections":[],"acf":[],"jetpack_sharing_enabled":true,"_links":{"self":[{"href":"https:\/\/www.elibron.com\/catalog\/wp-json\/wp\/v2\/product\/49147","targetHints":{"allow":["GET"]}}],"collection":[{"href":"https:\/\/www.elibron.com\/catalog\/wp-json\/wp\/v2\/product"}],"about":[{"href":"https:\/\/www.elibron.com\/catalog\/wp-json\/wp\/v2\/types\/product"}],"replies":[{"embeddable":true,"href":"https:\/\/www.elibron.com\/catalog\/wp-json\/wp\/v2\/comments?post=49147"}],"wp:featuredmedia":[{"embeddable":true,"href":"https:\/\/www.elibron.com\/catalog\/wp-json\/wp\/v2\/media\/49148"}],"wp:attachment":[{"href":"https:\/\/www.elibron.com\/catalog\/wp-json\/wp\/v2\/media?parent=49147"}],"wp:term":[{"taxonomy":"product_brand","embeddable":true,"href":"https:\/\/www.elibron.com\/catalog\/wp-json\/wp\/v2\/product_brand?post=49147"},{"taxonomy":"product_cat","embeddable":true,"href":"https:\/\/www.elibron.com\/catalog\/wp-json\/wp\/v2\/product_cat?post=49147"},{"taxonomy":"product_tag","embeddable":true,"href":"https:\/\/www.elibron.com\/catalog\/wp-json\/wp\/v2\/product_tag?post=49147"}],"curies":[{"name":"wp","href":"https:\/\/api.w.org\/{rel}","templated":true}]}}