{"id":49045,"date":"2017-04-05T11:13:09","date_gmt":"2017-04-05T11:13:09","guid":{"rendered":"https:\/\/www.elibron.com\/catalog\/product\/la-philosophie-mystique-en-france-a-la-fin-du-xviii-e-siecle-saint-martin-et-son-maitre-martinez-pasqualis\/"},"modified":"2017-04-06T09:46:10","modified_gmt":"2017-04-06T09:46:10","slug":"la-philosophie-mystique-en-france-a-la-fin-du-xviii-e-siecle-saint-martin-et-son-maitre-martinez-pasqualis","status":"publish","type":"product","link":"https:\/\/www.elibron.com\/catalog\/product\/la-philosophie-mystique-en-france-a-la-fin-du-xviii-e-siecle-saint-martin-et-son-maitre-martinez-pasqualis\/","title":{"rendered":"La philosophie mystique en France \u00e0 la fin du XVIII-e si\u00e8cle. Saint-Martin et son ma\u00eetre Martinez Pasqualis"},"content":{"rendered":"<aside class=\"mashsb-container mashsb-main mashsb-stretched\"><div class=\"mashsb-box\"><div class=\"mashsb-buttons\"><a  class=\"mashicon-facebook mash-large mash-center mashsb-noshadow\" href=\"https:\/\/www.facebook.com\/sharer.php?u=https%3A%2F%2Fwww.elibron.com%2Fcatalog%2Fproduct%2Fla-philosophie-mystique-en-france-a-la-fin-du-xviii-e-siecle-saint-martin-et-son-maitre-martinez-pasqualis%2F\" target=\"_blank\" rel=\"noopener nofollow\"><span class=\"icon\"><\/span><span class=\"text\">Share<\/span><\/a><a  class=\"mashicon-twitter mash-large mash-center mashsb-noshadow\" href=\"https:\/\/twitter.com\/intent\/tweet?text=&url=https:\/\/www.elibron.com\/catalog\/product\/la-philosophie-mystique-en-france-a-la-fin-du-xviii-e-siecle-saint-martin-et-son-maitre-martinez-pasqualis\/&via=ElibronBooks\" target=\"_blank\" rel=\"noopener nofollow\"><span class=\"icon\"><\/span><span class=\"text\">Tweet<\/span><\/a><div class=\"onoffswitch2 mash-large mashsb-noshadow\" style=\"display:none;\"><\/div><\/div>\r\n            <\/div>\r\n                <div style=\"clear:both;\"><\/div><div class=\"mashsb-toggle-container\"><\/div><\/aside>\r\n            <!-- Share buttons by mashshare.net - Version: 3.5.7-->","protected":false},"excerpt":{"rendered":"","protected":false},"featured_media":49046,"comment_status":"closed","ping_status":"open","template":"","meta":{"_acf_changed":false,"jetpack_post_was_ever_published":false,"jetpack_publicize_message":"","jetpack_publicize_feature_enabled":true,"jetpack_social_post_already_shared":false,"jetpack_social_options":{"image_generator_settings":{"template":"highway","enabled":false},"version":2}},"product_brand":[],"product_cat":[2344,6,2354,2361,2353],"product_tag":[53,69,84,68],"class_list":{"0":"post-49045","1":"product","2":"type-product","3":"status-publish","4":"has-post-thumbnail","6":"product_cat-biography-memoir-books","7":"product_cat-books","8":"product_cat-philosophers-books","9":"product_cat-philosophy-books","10":"product_cat-religious-books","11":"product_tag-biography-memoir","12":"product_tag-philosophers","13":"product_tag-philosophy","14":"product_tag-religious","16":"first","17":"instock","18":"purchasable","19":"product-type-simple"},"jetpack_publicize_connections":[],"acf":[],"jetpack_sharing_enabled":true,"_links":{"self":[{"href":"https:\/\/www.elibron.com\/catalog\/wp-json\/wp\/v2\/product\/49045","targetHints":{"allow":["GET"]}}],"collection":[{"href":"https:\/\/www.elibron.com\/catalog\/wp-json\/wp\/v2\/product"}],"about":[{"href":"https:\/\/www.elibron.com\/catalog\/wp-json\/wp\/v2\/types\/product"}],"replies":[{"embeddable":true,"href":"https:\/\/www.elibron.com\/catalog\/wp-json\/wp\/v2\/comments?post=49045"}],"wp:featuredmedia":[{"embeddable":true,"href":"https:\/\/www.elibron.com\/catalog\/wp-json\/wp\/v2\/media\/49046"}],"wp:attachment":[{"href":"https:\/\/www.elibron.com\/catalog\/wp-json\/wp\/v2\/media?parent=49045"}],"wp:term":[{"taxonomy":"product_brand","embeddable":true,"href":"https:\/\/www.elibron.com\/catalog\/wp-json\/wp\/v2\/product_brand?post=49045"},{"taxonomy":"product_cat","embeddable":true,"href":"https:\/\/www.elibron.com\/catalog\/wp-json\/wp\/v2\/product_cat?post=49045"},{"taxonomy":"product_tag","embeddable":true,"href":"https:\/\/www.elibron.com\/catalog\/wp-json\/wp\/v2\/product_tag?post=49045"}],"curies":[{"name":"wp","href":"https:\/\/api.w.org\/{rel}","templated":true}]}}