{"id":48908,"date":"2017-04-05T11:05:24","date_gmt":"2017-04-05T11:05:24","guid":{"rendered":"https:\/\/www.elibron.com\/catalog\/product\/la-belgique-et-leurope-ou-precis-des-evenemens-arrives-dans-le-royaume-des-pays-bas-pendant-le-periode-1815-1831\/"},"modified":"2017-04-06T09:44:49","modified_gmt":"2017-04-06T09:44:49","slug":"la-belgique-et-leurope-ou-precis-des-evenemens-arrives-dans-le-royaume-des-pays-bas-pendant-le-periode-1815-1831","status":"publish","type":"product","link":"https:\/\/www.elibron.com\/catalog\/product\/la-belgique-et-leurope-ou-precis-des-evenemens-arrives-dans-le-royaume-des-pays-bas-pendant-le-periode-1815-1831\/","title":{"rendered":"La Belgique et l&#8217;Europe, ou, Pr\u00e9cis des \u00e9v\u00e9nemens, arriv\u00e9s dans le royaume des Pays-Bas, pendant le periode 1815 &#8211; 1831"},"content":{"rendered":"<aside class=\"mashsb-container mashsb-main mashsb-stretched\"><div class=\"mashsb-box\"><div class=\"mashsb-buttons\"><a  class=\"mashicon-facebook mash-large mash-center mashsb-noshadow\" href=\"https:\/\/www.facebook.com\/sharer.php?u=https%3A%2F%2Fwww.elibron.com%2Fcatalog%2Fproduct%2Fla-belgique-et-leurope-ou-precis-des-evenemens-arrives-dans-le-royaume-des-pays-bas-pendant-le-periode-1815-1831%2F\" target=\"_blank\" rel=\"noopener nofollow\"><span class=\"icon\"><\/span><span class=\"text\">Share<\/span><\/a><a  class=\"mashicon-twitter mash-large mash-center mashsb-noshadow\" href=\"https:\/\/twitter.com\/intent\/tweet?text=&url=https:\/\/www.elibron.com\/catalog\/product\/la-belgique-et-leurope-ou-precis-des-evenemens-arrives-dans-le-royaume-des-pays-bas-pendant-le-periode-1815-1831\/&via=ElibronBooks\" target=\"_blank\" rel=\"noopener nofollow\"><span class=\"icon\"><\/span><span class=\"text\">Tweet<\/span><\/a><div class=\"onoffswitch2 mash-large mashsb-noshadow\" style=\"display:none;\"><\/div><\/div>\r\n            <\/div>\r\n                <div style=\"clear:both;\"><\/div><div class=\"mashsb-toggle-container\"><\/div><\/aside>\r\n            <!-- Share buttons by mashshare.net - Version: 3.5.7-->","protected":false},"excerpt":{"rendered":"","protected":false},"featured_media":48909,"comment_status":"closed","ping_status":"open","template":"","meta":{"_acf_changed":false,"jetpack_post_was_ever_published":false,"jetpack_publicize_message":"","jetpack_publicize_feature_enabled":true,"jetpack_social_post_already_shared":false,"jetpack_social_options":{"image_generator_settings":{"template":"highway","enabled":false},"version":2}},"product_brand":[],"product_cat":[6,2356,2355],"product_tag":[79,74],"class_list":{"0":"post-48908","1":"product","2":"type-product","3":"status-publish","4":"has-post-thumbnail","6":"product_cat-books","7":"product_cat-europe-books","8":"product_cat-history-books","9":"product_tag-europe","10":"product_tag-history","12":"first","13":"instock","14":"purchasable","15":"product-type-simple"},"jetpack_publicize_connections":[],"acf":[],"jetpack_sharing_enabled":true,"_links":{"self":[{"href":"https:\/\/www.elibron.com\/catalog\/wp-json\/wp\/v2\/product\/48908","targetHints":{"allow":["GET"]}}],"collection":[{"href":"https:\/\/www.elibron.com\/catalog\/wp-json\/wp\/v2\/product"}],"about":[{"href":"https:\/\/www.elibron.com\/catalog\/wp-json\/wp\/v2\/types\/product"}],"replies":[{"embeddable":true,"href":"https:\/\/www.elibron.com\/catalog\/wp-json\/wp\/v2\/comments?post=48908"}],"wp:featuredmedia":[{"embeddable":true,"href":"https:\/\/www.elibron.com\/catalog\/wp-json\/wp\/v2\/media\/48909"}],"wp:attachment":[{"href":"https:\/\/www.elibron.com\/catalog\/wp-json\/wp\/v2\/media?parent=48908"}],"wp:term":[{"taxonomy":"product_brand","embeddable":true,"href":"https:\/\/www.elibron.com\/catalog\/wp-json\/wp\/v2\/product_brand?post=48908"},{"taxonomy":"product_cat","embeddable":true,"href":"https:\/\/www.elibron.com\/catalog\/wp-json\/wp\/v2\/product_cat?post=48908"},{"taxonomy":"product_tag","embeddable":true,"href":"https:\/\/www.elibron.com\/catalog\/wp-json\/wp\/v2\/product_tag?post=48908"}],"curies":[{"name":"wp","href":"https:\/\/api.w.org\/{rel}","templated":true}]}}