{"id":48582,"date":"2017-04-05T10:47:35","date_gmt":"2017-04-05T10:47:35","guid":{"rendered":"https:\/\/www.elibron.com\/catalog\/product\/la-societe-francaise-avant-et-apres-1789\/"},"modified":"2017-04-06T09:41:37","modified_gmt":"2017-04-06T09:41:37","slug":"la-societe-francaise-avant-et-apres-1789","status":"publish","type":"product","link":"https:\/\/www.elibron.com\/catalog\/product\/la-societe-francaise-avant-et-apres-1789\/","title":{"rendered":"La soci\u00e9t\u00e9 fran\u00e7aise avant et apr\u00e8s 1789"},"content":{"rendered":"<aside class=\"mashsb-container mashsb-main mashsb-stretched\"><div class=\"mashsb-box\"><div class=\"mashsb-buttons\"><a  class=\"mashicon-facebook mash-large mash-center mashsb-noshadow\" href=\"https:\/\/www.facebook.com\/sharer.php?u=https%3A%2F%2Fwww.elibron.com%2Fcatalog%2Fproduct%2Fla-societe-francaise-avant-et-apres-1789%2F\" target=\"_blank\" rel=\"noopener nofollow\"><span class=\"icon\"><\/span><span class=\"text\">Share<\/span><\/a><a  class=\"mashicon-twitter mash-large mash-center mashsb-noshadow\" href=\"https:\/\/twitter.com\/intent\/tweet?text=&url=https:\/\/www.elibron.com\/catalog\/product\/la-societe-francaise-avant-et-apres-1789\/&via=ElibronBooks\" target=\"_blank\" rel=\"noopener nofollow\"><span class=\"icon\"><\/span><span class=\"text\">Tweet<\/span><\/a><div class=\"onoffswitch2 mash-large mashsb-noshadow\" style=\"display:none;\"><\/div><\/div>\r\n            <\/div>\r\n                <div style=\"clear:both;\"><\/div><div class=\"mashsb-toggle-container\"><\/div><\/aside>\r\n            <!-- Share buttons by mashshare.net - Version: 3.5.7-->","protected":false},"excerpt":{"rendered":"","protected":false},"featured_media":48583,"comment_status":"closed","ping_status":"open","template":"","meta":{"_acf_changed":false,"jetpack_post_was_ever_published":false,"jetpack_publicize_message":"","jetpack_publicize_feature_enabled":true,"jetpack_social_post_already_shared":false,"jetpack_social_options":{"image_generator_settings":{"template":"highway","enabled":false},"version":2}},"product_brand":[],"product_cat":[6,2358,2516,2378,2356,2355,2517,2366,2357,2379],"product_tag":[76,752,128,79,74,753,94,193,129],"class_list":{"0":"post-48582","1":"product","2":"type-product","3":"status-publish","4":"has-post-thumbnail","6":"product_cat-books","7":"product_cat-countries-maps-books","8":"product_cat-crimes-books","9":"product_cat-customs-traditions-of-nations-books","10":"product_cat-europe-books","11":"product_cat-history-books","12":"product_cat-law-enforcement-books","13":"product_cat-society-social-sciences-books","14":"product_cat-travel-books","15":"product_cat-travel-stories-books","16":"product_tag-countries-maps","17":"product_tag-crimes","18":"product_tag-customs-traditions-of-nations","19":"product_tag-europe","20":"product_tag-history","21":"product_tag-law-enforcement","22":"product_tag-society-social-sciences","23":"product_tag-travel","24":"product_tag-travel-stories","26":"first","27":"instock","28":"purchasable","29":"product-type-simple"},"jetpack_publicize_connections":[],"acf":[],"jetpack_sharing_enabled":true,"_links":{"self":[{"href":"https:\/\/www.elibron.com\/catalog\/wp-json\/wp\/v2\/product\/48582","targetHints":{"allow":["GET"]}}],"collection":[{"href":"https:\/\/www.elibron.com\/catalog\/wp-json\/wp\/v2\/product"}],"about":[{"href":"https:\/\/www.elibron.com\/catalog\/wp-json\/wp\/v2\/types\/product"}],"replies":[{"embeddable":true,"href":"https:\/\/www.elibron.com\/catalog\/wp-json\/wp\/v2\/comments?post=48582"}],"wp:featuredmedia":[{"embeddable":true,"href":"https:\/\/www.elibron.com\/catalog\/wp-json\/wp\/v2\/media\/48583"}],"wp:attachment":[{"href":"https:\/\/www.elibron.com\/catalog\/wp-json\/wp\/v2\/media?parent=48582"}],"wp:term":[{"taxonomy":"product_brand","embeddable":true,"href":"https:\/\/www.elibron.com\/catalog\/wp-json\/wp\/v2\/product_brand?post=48582"},{"taxonomy":"product_cat","embeddable":true,"href":"https:\/\/www.elibron.com\/catalog\/wp-json\/wp\/v2\/product_cat?post=48582"},{"taxonomy":"product_tag","embeddable":true,"href":"https:\/\/www.elibron.com\/catalog\/wp-json\/wp\/v2\/product_tag?post=48582"}],"curies":[{"name":"wp","href":"https:\/\/api.w.org\/{rel}","templated":true}]}}