{"id":48080,"date":"2017-04-05T10:19:51","date_gmt":"2017-04-05T10:19:51","guid":{"rendered":"https:\/\/www.elibron.com\/catalog\/product\/collection-de-vingt-portraits-du-siecle-de-louis-xiv-que-lon-peut-joindre-a-la-nouvelle-edition-des-lettres-de-madame-de-sevigne-imprimees-par-p-didot-laine\/"},"modified":"2017-04-06T09:36:49","modified_gmt":"2017-04-06T09:36:49","slug":"collection-de-vingt-portraits-du-siecle-de-louis-xiv-que-lon-peut-joindre-a-la-nouvelle-edition-des-lettres-de-madame-de-sevigne-imprimees-par-p-didot-laine","status":"publish","type":"product","link":"https:\/\/www.elibron.com\/catalog\/product\/collection-de-vingt-portraits-du-siecle-de-louis-xiv-que-lon-peut-joindre-a-la-nouvelle-edition-des-lettres-de-madame-de-sevigne-imprimees-par-p-didot-laine\/","title":{"rendered":"Collection de vingt portraits du si\u00e8cle de Louis XIV. Que l&#8217;on peut joindre \u00e0 la nouvelle \u00e9dition des lettres de madame de S\u00e9vign\u00e9 imprim\u00e9es par P. Didot, l&#8217;a\u00een\u00e9"},"content":{"rendered":"<aside class=\"mashsb-container mashsb-main mashsb-stretched\"><div class=\"mashsb-box\"><div class=\"mashsb-buttons\"><a  class=\"mashicon-facebook mash-large mash-center mashsb-noshadow\" href=\"https:\/\/www.facebook.com\/sharer.php?u=https%3A%2F%2Fwww.elibron.com%2Fcatalog%2Fproduct%2Fcollection-de-vingt-portraits-du-siecle-de-louis-xiv-que-lon-peut-joindre-a-la-nouvelle-edition-des-lettres-de-madame-de-sevigne-imprimees-par-p-didot-laine%2F\" target=\"_blank\" rel=\"noopener nofollow\"><span class=\"icon\"><\/span><span class=\"text\">Share<\/span><\/a><a  class=\"mashicon-twitter mash-large mash-center mashsb-noshadow\" href=\"https:\/\/twitter.com\/intent\/tweet?text=&url=https:\/\/www.elibron.com\/catalog\/product\/collection-de-vingt-portraits-du-siecle-de-louis-xiv-que-lon-peut-joindre-a-la-nouvelle-edition-des-lettres-de-madame-de-sevigne-imprimees-par-p-didot-laine\/&via=ElibronBooks\" target=\"_blank\" rel=\"noopener nofollow\"><span class=\"icon\"><\/span><span class=\"text\">Tweet<\/span><\/a><div class=\"onoffswitch2 mash-large mashsb-noshadow\" style=\"display:none;\"><\/div><\/div>\r\n            <\/div>\r\n                <div style=\"clear:both;\"><\/div><div class=\"mashsb-toggle-container\"><\/div><\/aside>\r\n            <!-- Share buttons by mashshare.net - Version: 3.5.7-->","protected":false},"excerpt":{"rendered":"","protected":false},"featured_media":48081,"comment_status":"closed","ping_status":"open","template":"","meta":{"_acf_changed":false,"jetpack_post_was_ever_published":false,"jetpack_publicize_message":"","jetpack_publicize_feature_enabled":true,"jetpack_social_post_already_shared":false,"jetpack_social_options":{"image_generator_settings":{"template":"highway","enabled":false},"version":2}},"product_brand":[],"product_cat":[2398,2344,6,2401,2468,2400],"product_tag":[182,53,189,425,188],"class_list":{"0":"post-48080","1":"product","2":"type-product","3":"status-publish","4":"has-post-thumbnail","6":"product_cat-arts-entertainment-books","7":"product_cat-biography-memoir-books","8":"product_cat-books","9":"product_cat-heads-of-state-books","10":"product_cat-painting-drawing-books","11":"product_cat-politicians-books","12":"product_tag-arts-entertainment","13":"product_tag-biography-memoir","14":"product_tag-heads-of-state","15":"product_tag-painting-drawing","16":"product_tag-politicians","18":"first","19":"instock","20":"purchasable","21":"product-type-simple"},"jetpack_publicize_connections":[],"acf":[],"jetpack_sharing_enabled":true,"_links":{"self":[{"href":"https:\/\/www.elibron.com\/catalog\/wp-json\/wp\/v2\/product\/48080","targetHints":{"allow":["GET"]}}],"collection":[{"href":"https:\/\/www.elibron.com\/catalog\/wp-json\/wp\/v2\/product"}],"about":[{"href":"https:\/\/www.elibron.com\/catalog\/wp-json\/wp\/v2\/types\/product"}],"replies":[{"embeddable":true,"href":"https:\/\/www.elibron.com\/catalog\/wp-json\/wp\/v2\/comments?post=48080"}],"wp:featuredmedia":[{"embeddable":true,"href":"https:\/\/www.elibron.com\/catalog\/wp-json\/wp\/v2\/media\/48081"}],"wp:attachment":[{"href":"https:\/\/www.elibron.com\/catalog\/wp-json\/wp\/v2\/media?parent=48080"}],"wp:term":[{"taxonomy":"product_brand","embeddable":true,"href":"https:\/\/www.elibron.com\/catalog\/wp-json\/wp\/v2\/product_brand?post=48080"},{"taxonomy":"product_cat","embeddable":true,"href":"https:\/\/www.elibron.com\/catalog\/wp-json\/wp\/v2\/product_cat?post=48080"},{"taxonomy":"product_tag","embeddable":true,"href":"https:\/\/www.elibron.com\/catalog\/wp-json\/wp\/v2\/product_tag?post=48080"}],"curies":[{"name":"wp","href":"https:\/\/api.w.org\/{rel}","templated":true}]}}