{"id":47734,"date":"2017-04-05T10:00:24","date_gmt":"2017-04-05T10:00:24","guid":{"rendered":"https:\/\/www.elibron.com\/catalog\/product\/die-eecho-slaven-uebersichtliche-darstellung-von-dr-jaroslav-vlach-volkslied-und-tanz-das-wiederaufleben-der-bohmischen-sprache-und-literatur-die-altesten-denkmale-bohmischen-schrifttums-und-der\/"},"modified":"2017-04-06T09:33:30","modified_gmt":"2017-04-06T09:33:30","slug":"die-eecho-slaven-uebersichtliche-darstellung-von-dr-jaroslav-vlach-volkslied-und-tanz-das-wiederaufleben-der-bohmischen-sprache-und-literatur-die-altesten-denkmale-bohmischen-schrifttums-und-der","status":"publish","type":"product","link":"https:\/\/www.elibron.com\/catalog\/product\/die-eecho-slaven-uebersichtliche-darstellung-von-dr-jaroslav-vlach-volkslied-und-tanz-das-wiederaufleben-der-bohmischen-sprache-und-literatur-die-altesten-denkmale-bohmischen-schrifttums-und-der\/","title":{"rendered":"Die \u00c8echo-Slaven. Uebersichtliche Darstellung von Dr. Jaroslav Vlach. Volkslied und Tanz. Das Wiederaufleben der b\u00f6hmischen Sprache und Literatur. Die \u00e4ltesten Denkmale b\u00f6hmischen Schrifttums und der Streit \u00fcber deren Aechtheit. Drei Studien von Joseph Al"},"content":{"rendered":"<aside class=\"mashsb-container mashsb-main mashsb-stretched\"><div class=\"mashsb-box\"><div class=\"mashsb-buttons\"><a  class=\"mashicon-facebook mash-large mash-center mashsb-noshadow\" href=\"https:\/\/www.facebook.com\/sharer.php?u=https%3A%2F%2Fwww.elibron.com%2Fcatalog%2Fproduct%2Fdie-eecho-slaven-uebersichtliche-darstellung-von-dr-jaroslav-vlach-volkslied-und-tanz-das-wiederaufleben-der-bohmischen-sprache-und-literatur-die-altesten-denkmale-bohmischen-schrifttums-und-der%2F\" target=\"_blank\" rel=\"noopener nofollow\"><span class=\"icon\"><\/span><span class=\"text\">Share<\/span><\/a><a  class=\"mashicon-twitter mash-large mash-center mashsb-noshadow\" href=\"https:\/\/twitter.com\/intent\/tweet?text=&url=https:\/\/www.elibron.com\/catalog\/product\/die-eecho-slaven-uebersichtliche-darstellung-von-dr-jaroslav-vlach-volkslied-und-tanz-das-wiederaufleben-der-bohmischen-sprache-und-literatur-die-altesten-denkmale-bohmischen-schrifttums-und-der\/&via=ElibronBooks\" target=\"_blank\" rel=\"noopener nofollow\"><span class=\"icon\"><\/span><span class=\"text\">Tweet<\/span><\/a><div class=\"onoffswitch2 mash-large mashsb-noshadow\" style=\"display:none;\"><\/div><\/div>\r\n            <\/div>\r\n                <div style=\"clear:both;\"><\/div><div class=\"mashsb-toggle-container\"><\/div><\/aside>\r\n            <!-- Share buttons by mashshare.net - Version: 3.5.7-->","protected":false},"excerpt":{"rendered":"","protected":false},"featured_media":47735,"comment_status":"closed","ping_status":"open","template":"","meta":{"_acf_changed":false,"jetpack_post_was_ever_published":false,"jetpack_publicize_message":"","jetpack_publicize_feature_enabled":true,"jetpack_social_post_already_shared":false,"jetpack_social_options":{"image_generator_settings":{"template":"highway","enabled":false},"version":2}},"product_brand":[],"product_cat":[6,2356,2355],"product_tag":[79,74],"class_list":{"0":"post-47734","1":"product","2":"type-product","3":"status-publish","4":"has-post-thumbnail","6":"product_cat-books","7":"product_cat-europe-books","8":"product_cat-history-books","9":"product_tag-europe","10":"product_tag-history","12":"first","13":"instock","14":"purchasable","15":"product-type-simple"},"jetpack_publicize_connections":[],"acf":[],"jetpack_sharing_enabled":true,"_links":{"self":[{"href":"https:\/\/www.elibron.com\/catalog\/wp-json\/wp\/v2\/product\/47734","targetHints":{"allow":["GET"]}}],"collection":[{"href":"https:\/\/www.elibron.com\/catalog\/wp-json\/wp\/v2\/product"}],"about":[{"href":"https:\/\/www.elibron.com\/catalog\/wp-json\/wp\/v2\/types\/product"}],"replies":[{"embeddable":true,"href":"https:\/\/www.elibron.com\/catalog\/wp-json\/wp\/v2\/comments?post=47734"}],"wp:featuredmedia":[{"embeddable":true,"href":"https:\/\/www.elibron.com\/catalog\/wp-json\/wp\/v2\/media\/47735"}],"wp:attachment":[{"href":"https:\/\/www.elibron.com\/catalog\/wp-json\/wp\/v2\/media?parent=47734"}],"wp:term":[{"taxonomy":"product_brand","embeddable":true,"href":"https:\/\/www.elibron.com\/catalog\/wp-json\/wp\/v2\/product_brand?post=47734"},{"taxonomy":"product_cat","embeddable":true,"href":"https:\/\/www.elibron.com\/catalog\/wp-json\/wp\/v2\/product_cat?post=47734"},{"taxonomy":"product_tag","embeddable":true,"href":"https:\/\/www.elibron.com\/catalog\/wp-json\/wp\/v2\/product_tag?post=47734"}],"curies":[{"name":"wp","href":"https:\/\/api.w.org\/{rel}","templated":true}]}}