{"id":47576,"date":"2017-04-05T09:51:25","date_gmt":"2017-04-05T09:51:25","guid":{"rendered":"https:\/\/www.elibron.com\/catalog\/product\/norddeutsche-sagen-marchen-und-gebrauche-aus-meklenburg-pommern-der-mark-sachsen-thuringen-braunschweig-hannover-oldenburg-und-westfalen-aus-dem-munde-des-volkes-gesammelt-und-herausgegeben-v\/"},"modified":"2017-04-06T09:31:59","modified_gmt":"2017-04-06T09:31:59","slug":"norddeutsche-sagen-marchen-und-gebrauche-aus-meklenburg-pommern-der-mark-sachsen-thuringen-braunschweig-hannover-oldenburg-und-westfalen-aus-dem-munde-des-volkes-gesammelt-und-herausgegeben-v","status":"publish","type":"product","link":"https:\/\/www.elibron.com\/catalog\/product\/norddeutsche-sagen-marchen-und-gebrauche-aus-meklenburg-pommern-der-mark-sachsen-thuringen-braunschweig-hannover-oldenburg-und-westfalen-aus-dem-munde-des-volkes-gesammelt-und-herausgegeben-v\/","title":{"rendered":"Norddeutsche Sagen, M\u00e4rchen und Gebr\u00e4uche aus Meklenburg, Pommern, der Mark, Sachsen, Th\u00fcringen, Braunschweig, Hannover, Oldenburg und Westfalen. Aus dem Munde des Volkes gesammelt und herausgegeben von A. Kuhn und W. Schwartz"},"content":{"rendered":"<aside class=\"mashsb-container mashsb-main mashsb-stretched\"><div class=\"mashsb-box\"><div class=\"mashsb-buttons\"><a  class=\"mashicon-facebook mash-large mash-center mashsb-noshadow\" href=\"https:\/\/www.facebook.com\/sharer.php?u=https%3A%2F%2Fwww.elibron.com%2Fcatalog%2Fproduct%2Fnorddeutsche-sagen-marchen-und-gebrauche-aus-meklenburg-pommern-der-mark-sachsen-thuringen-braunschweig-hannover-oldenburg-und-westfalen-aus-dem-munde-des-volkes-gesammelt-und-herausgegeben-v%2F\" target=\"_blank\" rel=\"noopener nofollow\"><span class=\"icon\"><\/span><span class=\"text\">Share<\/span><\/a><a  class=\"mashicon-twitter mash-large mash-center mashsb-noshadow\" href=\"https:\/\/twitter.com\/intent\/tweet?text=&url=https:\/\/www.elibron.com\/catalog\/product\/norddeutsche-sagen-marchen-und-gebrauche-aus-meklenburg-pommern-der-mark-sachsen-thuringen-braunschweig-hannover-oldenburg-und-westfalen-aus-dem-munde-des-volkes-gesammelt-und-herausgegeben-v\/&via=ElibronBooks\" target=\"_blank\" rel=\"noopener nofollow\"><span class=\"icon\"><\/span><span class=\"text\">Tweet<\/span><\/a><div class=\"onoffswitch2 mash-large mashsb-noshadow\" style=\"display:none;\"><\/div><\/div>\r\n            <\/div>\r\n                <div style=\"clear:both;\"><\/div><div class=\"mashsb-toggle-container\"><\/div><\/aside>\r\n            <!-- Share buttons by mashshare.net - Version: 3.5.7-->","protected":false},"excerpt":{"rendered":"","protected":false},"featured_media":47577,"comment_status":"closed","ping_status":"open","template":"","meta":{"_acf_changed":false,"jetpack_post_was_ever_published":false,"jetpack_publicize_message":"","jetpack_publicize_feature_enabled":true,"jetpack_social_post_already_shared":false,"jetpack_social_options":{"image_generator_settings":{"template":"highway","enabled":false},"version":2}},"product_brand":[],"product_cat":[6,2356,2343],"product_tag":[79,20],"class_list":{"0":"post-47576","1":"product","2":"type-product","3":"status-publish","4":"has-post-thumbnail","6":"product_cat-books","7":"product_cat-europe-books","8":"product_cat-folklore-mythology-books","9":"product_tag-europe","10":"product_tag-folklore-mythology","12":"first","13":"instock","14":"purchasable","15":"product-type-simple"},"jetpack_publicize_connections":[],"acf":[],"jetpack_sharing_enabled":true,"_links":{"self":[{"href":"https:\/\/www.elibron.com\/catalog\/wp-json\/wp\/v2\/product\/47576","targetHints":{"allow":["GET"]}}],"collection":[{"href":"https:\/\/www.elibron.com\/catalog\/wp-json\/wp\/v2\/product"}],"about":[{"href":"https:\/\/www.elibron.com\/catalog\/wp-json\/wp\/v2\/types\/product"}],"replies":[{"embeddable":true,"href":"https:\/\/www.elibron.com\/catalog\/wp-json\/wp\/v2\/comments?post=47576"}],"wp:featuredmedia":[{"embeddable":true,"href":"https:\/\/www.elibron.com\/catalog\/wp-json\/wp\/v2\/media\/47577"}],"wp:attachment":[{"href":"https:\/\/www.elibron.com\/catalog\/wp-json\/wp\/v2\/media?parent=47576"}],"wp:term":[{"taxonomy":"product_brand","embeddable":true,"href":"https:\/\/www.elibron.com\/catalog\/wp-json\/wp\/v2\/product_brand?post=47576"},{"taxonomy":"product_cat","embeddable":true,"href":"https:\/\/www.elibron.com\/catalog\/wp-json\/wp\/v2\/product_cat?post=47576"},{"taxonomy":"product_tag","embeddable":true,"href":"https:\/\/www.elibron.com\/catalog\/wp-json\/wp\/v2\/product_tag?post=47576"}],"curies":[{"name":"wp","href":"https:\/\/api.w.org\/{rel}","templated":true}]}}