{"id":47105,"date":"2017-04-05T09:25:32","date_gmt":"2017-04-05T09:25:32","guid":{"rendered":"https:\/\/www.elibron.com\/catalog\/product\/geschichte-der-allerhochst-bestatigten-unterstutzungs-kasse-fur-evangelisch-lutherische-gemeinden-in-rusland\/"},"modified":"2017-04-06T09:27:26","modified_gmt":"2017-04-06T09:27:26","slug":"geschichte-der-allerhochst-bestatigten-unterstutzungs-kasse-fur-evangelisch-lutherische-gemeinden-in-rusland","status":"publish","type":"product","link":"https:\/\/www.elibron.com\/catalog\/product\/geschichte-der-allerhochst-bestatigten-unterstutzungs-kasse-fur-evangelisch-lutherische-gemeinden-in-rusland\/","title":{"rendered":"Geschichte der Allerh\u00f6chst best\u00e4tigten Unterst\u00fctzungs-Kasse f\u00fcr Evangelisch-Lutherische Gemeinden in Ru\u00dfland"},"content":{"rendered":"<aside class=\"mashsb-container mashsb-main mashsb-stretched\"><div class=\"mashsb-box\"><div class=\"mashsb-buttons\"><a  class=\"mashicon-facebook mash-large mash-center mashsb-noshadow\" href=\"https:\/\/www.facebook.com\/sharer.php?u=https%3A%2F%2Fwww.elibron.com%2Fcatalog%2Fproduct%2Fgeschichte-der-allerhochst-bestatigten-unterstutzungs-kasse-fur-evangelisch-lutherische-gemeinden-in-rusland%2F\" target=\"_blank\" rel=\"noopener nofollow\"><span class=\"icon\"><\/span><span class=\"text\">Share<\/span><\/a><a  class=\"mashicon-twitter mash-large mash-center mashsb-noshadow\" href=\"https:\/\/twitter.com\/intent\/tweet?text=&url=https:\/\/www.elibron.com\/catalog\/product\/geschichte-der-allerhochst-bestatigten-unterstutzungs-kasse-fur-evangelisch-lutherische-gemeinden-in-rusland\/&via=ElibronBooks\" target=\"_blank\" rel=\"noopener nofollow\"><span class=\"icon\"><\/span><span class=\"text\">Tweet<\/span><\/a><div class=\"onoffswitch2 mash-large mashsb-noshadow\" style=\"display:none;\"><\/div><\/div>\r\n            <\/div>\r\n                <div style=\"clear:both;\"><\/div><div class=\"mashsb-toggle-container\"><\/div><\/aside>\r\n            <!-- Share buttons by mashshare.net - Version: 3.5.7-->","protected":false},"excerpt":{"rendered":"","protected":false},"featured_media":47106,"comment_status":"closed","ping_status":"open","template":"","meta":{"_acf_changed":false,"jetpack_post_was_ever_published":false,"jetpack_publicize_message":"","jetpack_publicize_feature_enabled":true,"jetpack_social_post_already_shared":false,"jetpack_social_options":{"image_generator_settings":{"template":"highway","enabled":false},"version":2}},"product_brand":[],"product_cat":[6,2382,2356,2355,2381,2417],"product_tag":[135,79,74,134,357],"class_list":{"0":"post-47105","1":"product","2":"type-product","3":"status-publish","4":"has-post-thumbnail","6":"product_cat-books","7":"product_cat-christianity-books","8":"product_cat-europe-books","9":"product_cat-history-books","10":"product_cat-religions-spirituality-books","11":"product_cat-russia-books","12":"product_tag-christianity","13":"product_tag-europe","14":"product_tag-history","15":"product_tag-religions-spirituality","16":"product_tag-russia","18":"first","19":"instock","20":"purchasable","21":"product-type-simple"},"jetpack_publicize_connections":[],"acf":[],"jetpack_sharing_enabled":true,"_links":{"self":[{"href":"https:\/\/www.elibron.com\/catalog\/wp-json\/wp\/v2\/product\/47105","targetHints":{"allow":["GET"]}}],"collection":[{"href":"https:\/\/www.elibron.com\/catalog\/wp-json\/wp\/v2\/product"}],"about":[{"href":"https:\/\/www.elibron.com\/catalog\/wp-json\/wp\/v2\/types\/product"}],"replies":[{"embeddable":true,"href":"https:\/\/www.elibron.com\/catalog\/wp-json\/wp\/v2\/comments?post=47105"}],"wp:featuredmedia":[{"embeddable":true,"href":"https:\/\/www.elibron.com\/catalog\/wp-json\/wp\/v2\/media\/47106"}],"wp:attachment":[{"href":"https:\/\/www.elibron.com\/catalog\/wp-json\/wp\/v2\/media?parent=47105"}],"wp:term":[{"taxonomy":"product_brand","embeddable":true,"href":"https:\/\/www.elibron.com\/catalog\/wp-json\/wp\/v2\/product_brand?post=47105"},{"taxonomy":"product_cat","embeddable":true,"href":"https:\/\/www.elibron.com\/catalog\/wp-json\/wp\/v2\/product_cat?post=47105"},{"taxonomy":"product_tag","embeddable":true,"href":"https:\/\/www.elibron.com\/catalog\/wp-json\/wp\/v2\/product_tag?post=47105"}],"curies":[{"name":"wp","href":"https:\/\/api.w.org\/{rel}","templated":true}]}}