{"id":46939,"date":"2017-04-05T09:16:21","date_gmt":"2017-04-05T09:16:21","guid":{"rendered":"https:\/\/www.elibron.com\/catalog\/product\/leitfaden-der-weltgeschichte-fur-untere-gymnasialklassen-oder-lateinische-schulen-real-und-burgerschulen-padagogien-und-tochteranstalten-von-dr-heinrich-dittmar\/"},"modified":"2017-04-06T09:25:54","modified_gmt":"2017-04-06T09:25:54","slug":"leitfaden-der-weltgeschichte-fur-untere-gymnasialklassen-oder-lateinische-schulen-real-und-burgerschulen-padagogien-und-tochteranstalten-von-dr-heinrich-dittmar","status":"publish","type":"product","link":"https:\/\/www.elibron.com\/catalog\/product\/leitfaden-der-weltgeschichte-fur-untere-gymnasialklassen-oder-lateinische-schulen-real-und-burgerschulen-padagogien-und-tochteranstalten-von-dr-heinrich-dittmar\/","title":{"rendered":"Leitfaden der Weltgeschichte. F\u00fcr untere Gymnasialklassen oder lateinische Schulen, Real- und B\u00fcrgerschulen, P\u00e4dagogien und T\u00f6chteranstalten. Von Dr. Heinrich Dittmar"},"content":{"rendered":"<aside class=\"mashsb-container mashsb-main mashsb-stretched\"><div class=\"mashsb-box\"><div class=\"mashsb-buttons\"><a  class=\"mashicon-facebook mash-large mash-center mashsb-noshadow\" href=\"https:\/\/www.facebook.com\/sharer.php?u=https%3A%2F%2Fwww.elibron.com%2Fcatalog%2Fproduct%2Fleitfaden-der-weltgeschichte-fur-untere-gymnasialklassen-oder-lateinische-schulen-real-und-burgerschulen-padagogien-und-tochteranstalten-von-dr-heinrich-dittmar%2F\" target=\"_blank\" rel=\"noopener nofollow\"><span class=\"icon\"><\/span><span class=\"text\">Share<\/span><\/a><a  class=\"mashicon-twitter mash-large mash-center mashsb-noshadow\" href=\"https:\/\/twitter.com\/intent\/tweet?text=&url=https:\/\/www.elibron.com\/catalog\/product\/leitfaden-der-weltgeschichte-fur-untere-gymnasialklassen-oder-lateinische-schulen-real-und-burgerschulen-padagogien-und-tochteranstalten-von-dr-heinrich-dittmar\/&via=ElibronBooks\" target=\"_blank\" rel=\"noopener nofollow\"><span class=\"icon\"><\/span><span class=\"text\">Tweet<\/span><\/a><div class=\"onoffswitch2 mash-large mashsb-noshadow\" style=\"display:none;\"><\/div><\/div>\r\n            <\/div>\r\n                <div style=\"clear:both;\"><\/div><div class=\"mashsb-toggle-container\"><\/div><\/aside>\r\n            <!-- Share buttons by mashshare.net - Version: 3.5.7-->","protected":false},"excerpt":{"rendered":"","protected":false},"featured_media":46940,"comment_status":"closed","ping_status":"open","template":"","meta":{"_acf_changed":false,"jetpack_post_was_ever_published":false,"jetpack_publicize_message":"","jetpack_publicize_feature_enabled":true,"jetpack_social_post_already_shared":false,"jetpack_social_options":{"image_generator_settings":{"template":"highway","enabled":false},"version":2}},"product_brand":[],"product_cat":[6,2407,2355,2432],"product_tag":[284,74,497],"class_list":{"0":"post-46939","1":"product","2":"type-product","3":"status-publish","4":"has-post-thumbnail","6":"product_cat-books","7":"product_cat-education-books","8":"product_cat-history-books","9":"product_cat-schools-books","10":"product_tag-education","11":"product_tag-history","12":"product_tag-schools","14":"first","15":"instock","16":"purchasable","17":"product-type-simple"},"jetpack_publicize_connections":[],"acf":[],"jetpack_sharing_enabled":true,"_links":{"self":[{"href":"https:\/\/www.elibron.com\/catalog\/wp-json\/wp\/v2\/product\/46939","targetHints":{"allow":["GET"]}}],"collection":[{"href":"https:\/\/www.elibron.com\/catalog\/wp-json\/wp\/v2\/product"}],"about":[{"href":"https:\/\/www.elibron.com\/catalog\/wp-json\/wp\/v2\/types\/product"}],"replies":[{"embeddable":true,"href":"https:\/\/www.elibron.com\/catalog\/wp-json\/wp\/v2\/comments?post=46939"}],"wp:featuredmedia":[{"embeddable":true,"href":"https:\/\/www.elibron.com\/catalog\/wp-json\/wp\/v2\/media\/46940"}],"wp:attachment":[{"href":"https:\/\/www.elibron.com\/catalog\/wp-json\/wp\/v2\/media?parent=46939"}],"wp:term":[{"taxonomy":"product_brand","embeddable":true,"href":"https:\/\/www.elibron.com\/catalog\/wp-json\/wp\/v2\/product_brand?post=46939"},{"taxonomy":"product_cat","embeddable":true,"href":"https:\/\/www.elibron.com\/catalog\/wp-json\/wp\/v2\/product_cat?post=46939"},{"taxonomy":"product_tag","embeddable":true,"href":"https:\/\/www.elibron.com\/catalog\/wp-json\/wp\/v2\/product_tag?post=46939"}],"curies":[{"name":"wp","href":"https:\/\/api.w.org\/{rel}","templated":true}]}}