{"id":46537,"date":"2017-04-05T08:54:26","date_gmt":"2017-04-05T08:54:26","guid":{"rendered":"https:\/\/www.elibron.com\/catalog\/product\/lehrbuch-einer-allgemeinen-literargeschichte-aller-bekannten-volker-der-welt-von-der-altesten-bis-auf-die-neueste-zeit-band-2-abtheilung-3-halfte-1-lehrbuch-einer-literargeschichte-der-beruhmtest\/"},"modified":"2017-04-06T09:22:05","modified_gmt":"2017-04-06T09:22:05","slug":"lehrbuch-einer-allgemeinen-literargeschichte-aller-bekannten-volker-der-welt-von-der-altesten-bis-auf-die-neueste-zeit-band-2-abtheilung-3-halfte-1-lehrbuch-einer-literargeschichte-der-beruhmtest","status":"publish","type":"product","link":"https:\/\/www.elibron.com\/catalog\/product\/lehrbuch-einer-allgemeinen-literargeschichte-aller-bekannten-volker-der-welt-von-der-altesten-bis-auf-die-neueste-zeit-band-2-abtheilung-3-halfte-1-lehrbuch-einer-literargeschichte-der-beruhmtest\/","title":{"rendered":"Lehrbuch einer allgemeinen Liter\u00e4rgeschichte aller bekannten V\u00f6lker der Welt, von der \u00e4ltesten bis auf die neueste Zeit. Band 2, Abtheilung 3, H\u00e4lfte 1: Lehrbuch einer Liter\u00e4rgeschichte der ber\u00fchmtesten V\u00f6lker des Mittelalters"},"content":{"rendered":"<aside class=\"mashsb-container mashsb-main mashsb-stretched\"><div class=\"mashsb-box\"><div class=\"mashsb-buttons\"><a  class=\"mashicon-facebook mash-large mash-center mashsb-noshadow\" href=\"https:\/\/www.facebook.com\/sharer.php?u=https%3A%2F%2Fwww.elibron.com%2Fcatalog%2Fproduct%2Flehrbuch-einer-allgemeinen-literargeschichte-aller-bekannten-volker-der-welt-von-der-altesten-bis-auf-die-neueste-zeit-band-2-abtheilung-3-halfte-1-lehrbuch-einer-literargeschichte-der-beruhmtest%2F\" target=\"_blank\" rel=\"noopener nofollow\"><span class=\"icon\"><\/span><span class=\"text\">Share<\/span><\/a><a  class=\"mashicon-twitter mash-large mash-center mashsb-noshadow\" href=\"https:\/\/twitter.com\/intent\/tweet?text=&url=https:\/\/www.elibron.com\/catalog\/product\/lehrbuch-einer-allgemeinen-literargeschichte-aller-bekannten-volker-der-welt-von-der-altesten-bis-auf-die-neueste-zeit-band-2-abtheilung-3-halfte-1-lehrbuch-einer-literargeschichte-der-beruhmtest\/&via=ElibronBooks\" target=\"_blank\" rel=\"noopener nofollow\"><span class=\"icon\"><\/span><span class=\"text\">Tweet<\/span><\/a><div class=\"onoffswitch2 mash-large mashsb-noshadow\" style=\"display:none;\"><\/div><\/div>\r\n            <\/div>\r\n                <div style=\"clear:both;\"><\/div><div class=\"mashsb-toggle-container\"><\/div><\/aside>\r\n            <!-- Share buttons by mashshare.net - Version: 3.5.7-->","protected":false},"excerpt":{"rendered":"","protected":false},"featured_media":46538,"comment_status":"closed","ping_status":"open","template":"","meta":{"_acf_changed":false,"jetpack_post_was_ever_published":false,"jetpack_publicize_message":"","jetpack_publicize_feature_enabled":true,"jetpack_social_post_already_shared":false,"jetpack_social_options":{"image_generator_settings":{"template":"highway","enabled":false},"version":2}},"product_brand":[],"product_cat":[6,2337],"product_tag":[119],"class_list":{"0":"post-46537","1":"product","2":"type-product","3":"status-publish","4":"has-post-thumbnail","6":"product_cat-books","7":"product_cat-literary-criticism-studies-books","8":"product_tag-literary-criticism-studies","10":"first","11":"instock","12":"purchasable","13":"product-type-simple"},"jetpack_publicize_connections":[],"acf":[],"jetpack_sharing_enabled":true,"_links":{"self":[{"href":"https:\/\/www.elibron.com\/catalog\/wp-json\/wp\/v2\/product\/46537","targetHints":{"allow":["GET"]}}],"collection":[{"href":"https:\/\/www.elibron.com\/catalog\/wp-json\/wp\/v2\/product"}],"about":[{"href":"https:\/\/www.elibron.com\/catalog\/wp-json\/wp\/v2\/types\/product"}],"replies":[{"embeddable":true,"href":"https:\/\/www.elibron.com\/catalog\/wp-json\/wp\/v2\/comments?post=46537"}],"wp:featuredmedia":[{"embeddable":true,"href":"https:\/\/www.elibron.com\/catalog\/wp-json\/wp\/v2\/media\/46538"}],"wp:attachment":[{"href":"https:\/\/www.elibron.com\/catalog\/wp-json\/wp\/v2\/media?parent=46537"}],"wp:term":[{"taxonomy":"product_brand","embeddable":true,"href":"https:\/\/www.elibron.com\/catalog\/wp-json\/wp\/v2\/product_brand?post=46537"},{"taxonomy":"product_cat","embeddable":true,"href":"https:\/\/www.elibron.com\/catalog\/wp-json\/wp\/v2\/product_cat?post=46537"},{"taxonomy":"product_tag","embeddable":true,"href":"https:\/\/www.elibron.com\/catalog\/wp-json\/wp\/v2\/product_tag?post=46537"}],"curies":[{"name":"wp","href":"https:\/\/api.w.org\/{rel}","templated":true}]}}