{"id":46491,"date":"2017-04-05T08:51:52","date_gmt":"2017-04-05T08:51:52","guid":{"rendered":"https:\/\/www.elibron.com\/catalog\/product\/tristan-et-iseult-poeme-de-gotfrit-de-strasbourg-compare-a-dautres-poemes-sur-le-meme-sujet-these-presentee-a-la-faculte-des-lettres-de-paris-par-a-bossert\/"},"modified":"2017-04-06T09:21:43","modified_gmt":"2017-04-06T09:21:43","slug":"tristan-et-iseult-poeme-de-gotfrit-de-strasbourg-compare-a-dautres-poemes-sur-le-meme-sujet-these-presentee-a-la-faculte-des-lettres-de-paris-par-a-bossert","status":"publish","type":"product","link":"https:\/\/www.elibron.com\/catalog\/product\/tristan-et-iseult-poeme-de-gotfrit-de-strasbourg-compare-a-dautres-poemes-sur-le-meme-sujet-these-presentee-a-la-faculte-des-lettres-de-paris-par-a-bossert\/","title":{"rendered":"Tristan et Iseult. Po\u00e8me de Gotfrit de Strasbourg compar\u00e9 \u00e0 d&#8217;autres po\u00e8mes sur le m\u00eame sujet. Th\u00e8se pr\u00e9sent\u00e9e \u00e0 la Facult\u00e9 des lettres de Paris. Par A. Bossert"},"content":{"rendered":"<aside class=\"mashsb-container mashsb-main mashsb-stretched\"><div class=\"mashsb-box\"><div class=\"mashsb-buttons\"><a  class=\"mashicon-facebook mash-large mash-center mashsb-noshadow\" href=\"https:\/\/www.facebook.com\/sharer.php?u=https%3A%2F%2Fwww.elibron.com%2Fcatalog%2Fproduct%2Ftristan-et-iseult-poeme-de-gotfrit-de-strasbourg-compare-a-dautres-poemes-sur-le-meme-sujet-these-presentee-a-la-faculte-des-lettres-de-paris-par-a-bossert%2F\" target=\"_blank\" rel=\"noopener nofollow\"><span class=\"icon\"><\/span><span class=\"text\">Share<\/span><\/a><a  class=\"mashicon-twitter mash-large mash-center mashsb-noshadow\" href=\"https:\/\/twitter.com\/intent\/tweet?text=&url=https:\/\/www.elibron.com\/catalog\/product\/tristan-et-iseult-poeme-de-gotfrit-de-strasbourg-compare-a-dautres-poemes-sur-le-meme-sujet-these-presentee-a-la-faculte-des-lettres-de-paris-par-a-bossert\/&via=ElibronBooks\" target=\"_blank\" rel=\"noopener nofollow\"><span class=\"icon\"><\/span><span class=\"text\">Tweet<\/span><\/a><div class=\"onoffswitch2 mash-large mashsb-noshadow\" style=\"display:none;\"><\/div><\/div>\r\n            <\/div>\r\n                <div style=\"clear:both;\"><\/div><div class=\"mashsb-toggle-container\"><\/div><\/aside>\r\n            <!-- Share buttons by mashshare.net - Version: 3.5.7-->","protected":false},"excerpt":{"rendered":"","protected":false},"featured_media":46492,"comment_status":"closed","ping_status":"open","template":"","meta":{"_acf_changed":false,"jetpack_post_was_ever_published":false,"jetpack_publicize_message":"","jetpack_publicize_feature_enabled":true,"jetpack_social_post_already_shared":false,"jetpack_social_options":{"image_generator_settings":{"template":"highway","enabled":false},"version":2}},"product_brand":[],"product_cat":[6,2337],"product_tag":[119],"class_list":{"0":"post-46491","1":"product","2":"type-product","3":"status-publish","4":"has-post-thumbnail","6":"product_cat-books","7":"product_cat-literary-criticism-studies-books","8":"product_tag-literary-criticism-studies","10":"first","11":"instock","12":"purchasable","13":"product-type-simple"},"jetpack_publicize_connections":[],"acf":[],"jetpack_sharing_enabled":true,"_links":{"self":[{"href":"https:\/\/www.elibron.com\/catalog\/wp-json\/wp\/v2\/product\/46491","targetHints":{"allow":["GET"]}}],"collection":[{"href":"https:\/\/www.elibron.com\/catalog\/wp-json\/wp\/v2\/product"}],"about":[{"href":"https:\/\/www.elibron.com\/catalog\/wp-json\/wp\/v2\/types\/product"}],"replies":[{"embeddable":true,"href":"https:\/\/www.elibron.com\/catalog\/wp-json\/wp\/v2\/comments?post=46491"}],"wp:featuredmedia":[{"embeddable":true,"href":"https:\/\/www.elibron.com\/catalog\/wp-json\/wp\/v2\/media\/46492"}],"wp:attachment":[{"href":"https:\/\/www.elibron.com\/catalog\/wp-json\/wp\/v2\/media?parent=46491"}],"wp:term":[{"taxonomy":"product_brand","embeddable":true,"href":"https:\/\/www.elibron.com\/catalog\/wp-json\/wp\/v2\/product_brand?post=46491"},{"taxonomy":"product_cat","embeddable":true,"href":"https:\/\/www.elibron.com\/catalog\/wp-json\/wp\/v2\/product_cat?post=46491"},{"taxonomy":"product_tag","embeddable":true,"href":"https:\/\/www.elibron.com\/catalog\/wp-json\/wp\/v2\/product_tag?post=46491"}],"curies":[{"name":"wp","href":"https:\/\/api.w.org\/{rel}","templated":true}]}}