{"id":46293,"date":"2017-04-05T08:41:07","date_gmt":"2017-04-05T08:41:07","guid":{"rendered":"https:\/\/www.elibron.com\/catalog\/product\/die-theologisirende-rechts-und-staatslehre-eine-historisch-kritische-und-thetische-untersuchung-uber-die-principien-der-rechtsphilosophie-und-die-damit-zusammenhangenden-philosophischen-disciplinen\/"},"modified":"2017-04-06T09:19:51","modified_gmt":"2017-04-06T09:19:51","slug":"die-theologisirende-rechts-und-staatslehre-eine-historisch-kritische-und-thetische-untersuchung-uber-die-principien-der-rechtsphilosophie-und-die-damit-zusammenhangenden-philosophischen-disciplinen","status":"publish","type":"product","link":"https:\/\/www.elibron.com\/catalog\/product\/die-theologisirende-rechts-und-staatslehre-eine-historisch-kritische-und-thetische-untersuchung-uber-die-principien-der-rechtsphilosophie-und-die-damit-zusammenhangenden-philosophischen-disciplinen\/","title":{"rendered":"Die theologisirende Rechts- und Staatslehre. Eine historisch-kritische und thetische Untersuchung \u00fcber die Principien der Rechtsphilosophie und die damit zusammenh\u00e4ngenden philosophischen Disciplinen, mit besonderer R\u00fccksicht auf die Rechtsansichten Stahl"},"content":{"rendered":"<aside class=\"mashsb-container mashsb-main mashsb-stretched\"><div class=\"mashsb-box\"><div class=\"mashsb-buttons\"><a  class=\"mashicon-facebook mash-large mash-center mashsb-noshadow\" href=\"https:\/\/www.facebook.com\/sharer.php?u=https%3A%2F%2Fwww.elibron.com%2Fcatalog%2Fproduct%2Fdie-theologisirende-rechts-und-staatslehre-eine-historisch-kritische-und-thetische-untersuchung-uber-die-principien-der-rechtsphilosophie-und-die-damit-zusammenhangenden-philosophischen-disciplinen%2F\" target=\"_blank\" rel=\"noopener nofollow\"><span class=\"icon\"><\/span><span class=\"text\">Share<\/span><\/a><a  class=\"mashicon-twitter mash-large mash-center mashsb-noshadow\" href=\"https:\/\/twitter.com\/intent\/tweet?text=&url=https:\/\/www.elibron.com\/catalog\/product\/die-theologisirende-rechts-und-staatslehre-eine-historisch-kritische-und-thetische-untersuchung-uber-die-principien-der-rechtsphilosophie-und-die-damit-zusammenhangenden-philosophischen-disciplinen\/&via=ElibronBooks\" target=\"_blank\" rel=\"noopener nofollow\"><span class=\"icon\"><\/span><span class=\"text\">Tweet<\/span><\/a><div class=\"onoffswitch2 mash-large mashsb-noshadow\" style=\"display:none;\"><\/div><\/div>\r\n            <\/div>\r\n                <div style=\"clear:both;\"><\/div><div class=\"mashsb-toggle-container\"><\/div><\/aside>\r\n            <!-- Share buttons by mashshare.net - Version: 3.5.7-->","protected":false},"excerpt":{"rendered":"","protected":false},"featured_media":46294,"comment_status":"closed","ping_status":"open","template":"","meta":{"_acf_changed":false,"jetpack_post_was_ever_published":false,"jetpack_publicize_message":"","jetpack_publicize_feature_enabled":true,"jetpack_social_post_already_shared":false,"jetpack_social_options":{"image_generator_settings":{"template":"highway","enabled":false},"version":2}},"product_brand":[],"product_cat":[2364,6,2340,2361],"product_tag":[89,17,84],"class_list":{"0":"post-46293","1":"product","2":"type-product","3":"status-publish","4":"has-post-thumbnail","6":"product_cat-19th-century","7":"product_cat-books","8":"product_cat-law-books","9":"product_cat-philosophy-books","10":"product_tag-19th-century","11":"product_tag-law","12":"product_tag-philosophy","14":"first","15":"instock","16":"purchasable","17":"product-type-simple"},"jetpack_publicize_connections":[],"acf":[],"jetpack_sharing_enabled":true,"_links":{"self":[{"href":"https:\/\/www.elibron.com\/catalog\/wp-json\/wp\/v2\/product\/46293","targetHints":{"allow":["GET"]}}],"collection":[{"href":"https:\/\/www.elibron.com\/catalog\/wp-json\/wp\/v2\/product"}],"about":[{"href":"https:\/\/www.elibron.com\/catalog\/wp-json\/wp\/v2\/types\/product"}],"replies":[{"embeddable":true,"href":"https:\/\/www.elibron.com\/catalog\/wp-json\/wp\/v2\/comments?post=46293"}],"wp:featuredmedia":[{"embeddable":true,"href":"https:\/\/www.elibron.com\/catalog\/wp-json\/wp\/v2\/media\/46294"}],"wp:attachment":[{"href":"https:\/\/www.elibron.com\/catalog\/wp-json\/wp\/v2\/media?parent=46293"}],"wp:term":[{"taxonomy":"product_brand","embeddable":true,"href":"https:\/\/www.elibron.com\/catalog\/wp-json\/wp\/v2\/product_brand?post=46293"},{"taxonomy":"product_cat","embeddable":true,"href":"https:\/\/www.elibron.com\/catalog\/wp-json\/wp\/v2\/product_cat?post=46293"},{"taxonomy":"product_tag","embeddable":true,"href":"https:\/\/www.elibron.com\/catalog\/wp-json\/wp\/v2\/product_tag?post=46293"}],"curies":[{"name":"wp","href":"https:\/\/api.w.org\/{rel}","templated":true}]}}