{"id":45721,"date":"2017-04-05T05:36:04","date_gmt":"2017-04-05T05:36:04","guid":{"rendered":"https:\/\/www.elibron.com\/catalog\/product\/hygiene-vestimentaire-les-modes-et-les-parures-chez-les-francais-depuis-letablissement-de-la-monarchie-jusqua-nos-jours-precede-dun-curieux-parallele-des-modes-chez-les-anciennes-dames-grecques-e\/"},"modified":"2017-04-06T09:14:23","modified_gmt":"2017-04-06T09:14:23","slug":"hygiene-vestimentaire-les-modes-et-les-parures-chez-les-francais-depuis-letablissement-de-la-monarchie-jusqua-nos-jours-precede-dun-curieux-parallele-des-modes-chez-les-anciennes-dames-grecques-e","status":"publish","type":"product","link":"https:\/\/www.elibron.com\/catalog\/product\/hygiene-vestimentaire-les-modes-et-les-parures-chez-les-francais-depuis-letablissement-de-la-monarchie-jusqua-nos-jours-precede-dun-curieux-parallele-des-modes-chez-les-anciennes-dames-grecques-e\/","title":{"rendered":"Hygi\u00e8ne vestimentaire. Les Modes et les parures chez les Fran\u00e7ais depuis l&#8217;\u00e9tablissement de la monarchie jusqu&#8217;a nos jours, pr\u00e9c\u00e9d\u00e9 d&#8217;un curieux parall\u00e8le des modes chez les anciennes dames grecques et romaines"},"content":{"rendered":"<aside class=\"mashsb-container mashsb-main mashsb-stretched\"><div class=\"mashsb-box\"><div class=\"mashsb-buttons\"><a  class=\"mashicon-facebook mash-large mash-center mashsb-noshadow\" href=\"https:\/\/www.facebook.com\/sharer.php?u=https%3A%2F%2Fwww.elibron.com%2Fcatalog%2Fproduct%2Fhygiene-vestimentaire-les-modes-et-les-parures-chez-les-francais-depuis-letablissement-de-la-monarchie-jusqua-nos-jours-precede-dun-curieux-parallele-des-modes-chez-les-anciennes-dames-grecques-e%2F\" target=\"_blank\" rel=\"noopener nofollow\"><span class=\"icon\"><\/span><span class=\"text\">Share<\/span><\/a><a  class=\"mashicon-twitter mash-large mash-center mashsb-noshadow\" href=\"https:\/\/twitter.com\/intent\/tweet?text=&url=https:\/\/www.elibron.com\/catalog\/product\/hygiene-vestimentaire-les-modes-et-les-parures-chez-les-francais-depuis-letablissement-de-la-monarchie-jusqua-nos-jours-precede-dun-curieux-parallele-des-modes-chez-les-anciennes-dames-grecques-e\/&via=ElibronBooks\" target=\"_blank\" rel=\"noopener nofollow\"><span class=\"icon\"><\/span><span class=\"text\">Tweet<\/span><\/a><div class=\"onoffswitch2 mash-large mashsb-noshadow\" style=\"display:none;\"><\/div><\/div>\r\n            <\/div>\r\n                <div style=\"clear:both;\"><\/div><div class=\"mashsb-toggle-container\"><\/div><\/aside>\r\n            <!-- Share buttons by mashshare.net - Version: 3.5.7-->","protected":false},"excerpt":{"rendered":"","protected":false},"featured_media":45722,"comment_status":"closed","ping_status":"open","template":"","meta":{"_acf_changed":false,"jetpack_post_was_ever_published":false,"jetpack_publicize_message":"","jetpack_publicize_feature_enabled":true,"jetpack_social_post_already_shared":false,"jetpack_social_options":{"image_generator_settings":{"template":"highway","enabled":false},"version":2}},"product_brand":[],"product_cat":[2560,6,2372],"product_tag":[1161,110],"class_list":{"0":"post-45721","1":"product","2":"type-product","3":"status-publish","4":"has-post-thumbnail","6":"product_cat-beauty-books","7":"product_cat-books","8":"product_cat-life-family-books","9":"product_tag-beauty","10":"product_tag-life-family","12":"first","13":"instock","14":"purchasable","15":"product-type-simple"},"jetpack_publicize_connections":[],"acf":[],"jetpack_sharing_enabled":true,"_links":{"self":[{"href":"https:\/\/www.elibron.com\/catalog\/wp-json\/wp\/v2\/product\/45721","targetHints":{"allow":["GET"]}}],"collection":[{"href":"https:\/\/www.elibron.com\/catalog\/wp-json\/wp\/v2\/product"}],"about":[{"href":"https:\/\/www.elibron.com\/catalog\/wp-json\/wp\/v2\/types\/product"}],"replies":[{"embeddable":true,"href":"https:\/\/www.elibron.com\/catalog\/wp-json\/wp\/v2\/comments?post=45721"}],"wp:featuredmedia":[{"embeddable":true,"href":"https:\/\/www.elibron.com\/catalog\/wp-json\/wp\/v2\/media\/45722"}],"wp:attachment":[{"href":"https:\/\/www.elibron.com\/catalog\/wp-json\/wp\/v2\/media?parent=45721"}],"wp:term":[{"taxonomy":"product_brand","embeddable":true,"href":"https:\/\/www.elibron.com\/catalog\/wp-json\/wp\/v2\/product_brand?post=45721"},{"taxonomy":"product_cat","embeddable":true,"href":"https:\/\/www.elibron.com\/catalog\/wp-json\/wp\/v2\/product_cat?post=45721"},{"taxonomy":"product_tag","embeddable":true,"href":"https:\/\/www.elibron.com\/catalog\/wp-json\/wp\/v2\/product_tag?post=45721"}],"curies":[{"name":"wp","href":"https:\/\/api.w.org\/{rel}","templated":true}]}}