{"id":45577,"date":"2017-04-05T05:28:10","date_gmt":"2017-04-05T05:28:10","guid":{"rendered":"https:\/\/www.elibron.com\/catalog\/product\/etudes-historiques-sur-le-developpement-de-la-societe-humaine-lachat-des-femmes-la-vengeance-et-les-compositions-le-serment-les-ordalies-et-le-duel-judiciare\/"},"modified":"2017-04-06T09:12:55","modified_gmt":"2017-04-06T09:12:55","slug":"etudes-historiques-sur-le-developpement-de-la-societe-humaine-lachat-des-femmes-la-vengeance-et-les-compositions-le-serment-les-ordalies-et-le-duel-judiciare","status":"publish","type":"product","link":"https:\/\/www.elibron.com\/catalog\/product\/etudes-historiques-sur-le-developpement-de-la-societe-humaine-lachat-des-femmes-la-vengeance-et-les-compositions-le-serment-les-ordalies-et-le-duel-judiciare\/","title":{"rendered":"\u00c9tudes historiques sur le d\u00e9veloppement de la soci\u00e9t\u00e9 humaine. L&#8217;achat des femmes. La vengeance et les compositions. Le serment, les ordalies et le duel judiciare"},"content":{"rendered":"<aside class=\"mashsb-container mashsb-main mashsb-stretched\"><div class=\"mashsb-box\"><div class=\"mashsb-buttons\"><a  class=\"mashicon-facebook mash-large mash-center mashsb-noshadow\" href=\"https:\/\/www.facebook.com\/sharer.php?u=https%3A%2F%2Fwww.elibron.com%2Fcatalog%2Fproduct%2Fetudes-historiques-sur-le-developpement-de-la-societe-humaine-lachat-des-femmes-la-vengeance-et-les-compositions-le-serment-les-ordalies-et-le-duel-judiciare%2F\" target=\"_blank\" rel=\"noopener nofollow\"><span class=\"icon\"><\/span><span class=\"text\">Share<\/span><\/a><a  class=\"mashicon-twitter mash-large mash-center mashsb-noshadow\" href=\"https:\/\/twitter.com\/intent\/tweet?text=&url=https:\/\/www.elibron.com\/catalog\/product\/etudes-historiques-sur-le-developpement-de-la-societe-humaine-lachat-des-femmes-la-vengeance-et-les-compositions-le-serment-les-ordalies-et-le-duel-judiciare\/&via=ElibronBooks\" target=\"_blank\" rel=\"noopener nofollow\"><span class=\"icon\"><\/span><span class=\"text\">Tweet<\/span><\/a><div class=\"onoffswitch2 mash-large mashsb-noshadow\" style=\"display:none;\"><\/div><\/div>\r\n            <\/div>\r\n                <div style=\"clear:both;\"><\/div><div class=\"mashsb-toggle-container\"><\/div><\/aside>\r\n            <!-- Share buttons by mashshare.net - Version: 3.5.7-->","protected":false},"excerpt":{"rendered":"","protected":false},"featured_media":45578,"comment_status":"closed","ping_status":"open","template":"","meta":{"_acf_changed":false,"jetpack_post_was_ever_published":false,"jetpack_publicize_message":"","jetpack_publicize_feature_enabled":true,"jetpack_social_post_already_shared":false,"jetpack_social_options":{"image_generator_settings":{"template":"highway","enabled":false},"version":2}},"product_brand":[],"product_cat":[6,2341,2340,2366],"product_tag":[45,17,94],"class_list":{"0":"post-45577","1":"product","2":"type-product","3":"status-publish","4":"has-post-thumbnail","6":"product_cat-books","7":"product_cat-constitutional-books","8":"product_cat-law-books","9":"product_cat-society-social-sciences-books","10":"product_tag-constitutional","11":"product_tag-law","12":"product_tag-society-social-sciences","14":"first","15":"instock","16":"purchasable","17":"product-type-simple"},"jetpack_publicize_connections":[],"acf":[],"jetpack_sharing_enabled":true,"_links":{"self":[{"href":"https:\/\/www.elibron.com\/catalog\/wp-json\/wp\/v2\/product\/45577","targetHints":{"allow":["GET"]}}],"collection":[{"href":"https:\/\/www.elibron.com\/catalog\/wp-json\/wp\/v2\/product"}],"about":[{"href":"https:\/\/www.elibron.com\/catalog\/wp-json\/wp\/v2\/types\/product"}],"replies":[{"embeddable":true,"href":"https:\/\/www.elibron.com\/catalog\/wp-json\/wp\/v2\/comments?post=45577"}],"wp:featuredmedia":[{"embeddable":true,"href":"https:\/\/www.elibron.com\/catalog\/wp-json\/wp\/v2\/media\/45578"}],"wp:attachment":[{"href":"https:\/\/www.elibron.com\/catalog\/wp-json\/wp\/v2\/media?parent=45577"}],"wp:term":[{"taxonomy":"product_brand","embeddable":true,"href":"https:\/\/www.elibron.com\/catalog\/wp-json\/wp\/v2\/product_brand?post=45577"},{"taxonomy":"product_cat","embeddable":true,"href":"https:\/\/www.elibron.com\/catalog\/wp-json\/wp\/v2\/product_cat?post=45577"},{"taxonomy":"product_tag","embeddable":true,"href":"https:\/\/www.elibron.com\/catalog\/wp-json\/wp\/v2\/product_tag?post=45577"}],"curies":[{"name":"wp","href":"https:\/\/api.w.org\/{rel}","templated":true}]}}