{"id":45075,"date":"2017-04-05T05:00:40","date_gmt":"2017-04-05T05:00:40","guid":{"rendered":"https:\/\/www.elibron.com\/catalog\/product\/pour-la-verite-et-pour-la-justice-petition-a-lassemblee-nationale-et-reponse-aux-rapports-de-mm-saint-marc-girardin-chaper-et-de-rainneville-membres-de-la-commission-denquete\/"},"modified":"2017-04-06T09:08:14","modified_gmt":"2017-04-06T09:08:14","slug":"pour-la-verite-et-pour-la-justice-petition-a-lassemblee-nationale-et-reponse-aux-rapports-de-mm-saint-marc-girardin-chaper-et-de-rainneville-membres-de-la-commission-denquete","status":"publish","type":"product","link":"https:\/\/www.elibron.com\/catalog\/product\/pour-la-verite-et-pour-la-justice-petition-a-lassemblee-nationale-et-reponse-aux-rapports-de-mm-saint-marc-girardin-chaper-et-de-rainneville-membres-de-la-commission-denquete\/","title":{"rendered":"Pour la v\u00e9rit\u00e9 et pour la justice. P\u00e9tition \u00e0 l&#8217;Assembl\u00e9e nationale et r\u00e9ponse aux rapports de mm. Saint-Marc Girardin, Chaper et De Rainneville, membres de la Commission d&#8217;enqu\u00eate"},"content":{"rendered":"<aside class=\"mashsb-container mashsb-main mashsb-stretched\"><div class=\"mashsb-box\"><div class=\"mashsb-buttons\"><a  class=\"mashicon-facebook mash-large mash-center mashsb-noshadow\" href=\"https:\/\/www.facebook.com\/sharer.php?u=https%3A%2F%2Fwww.elibron.com%2Fcatalog%2Fproduct%2Fpour-la-verite-et-pour-la-justice-petition-a-lassemblee-nationale-et-reponse-aux-rapports-de-mm-saint-marc-girardin-chaper-et-de-rainneville-membres-de-la-commission-denquete%2F\" target=\"_blank\" rel=\"noopener nofollow\"><span class=\"icon\"><\/span><span class=\"text\">Share<\/span><\/a><a  class=\"mashicon-twitter mash-large mash-center mashsb-noshadow\" href=\"https:\/\/twitter.com\/intent\/tweet?text=&url=https:\/\/www.elibron.com\/catalog\/product\/pour-la-verite-et-pour-la-justice-petition-a-lassemblee-nationale-et-reponse-aux-rapports-de-mm-saint-marc-girardin-chaper-et-de-rainneville-membres-de-la-commission-denquete\/&via=ElibronBooks\" target=\"_blank\" rel=\"noopener nofollow\"><span class=\"icon\"><\/span><span class=\"text\">Tweet<\/span><\/a><div class=\"onoffswitch2 mash-large mashsb-noshadow\" style=\"display:none;\"><\/div><\/div>\r\n            <\/div>\r\n                <div style=\"clear:both;\"><\/div><div class=\"mashsb-toggle-container\"><\/div><\/aside>\r\n            <!-- Share buttons by mashshare.net - Version: 3.5.7-->","protected":false},"excerpt":{"rendered":"","protected":false},"featured_media":45076,"comment_status":"closed","ping_status":"open","template":"","meta":{"_acf_changed":false,"jetpack_post_was_ever_published":false,"jetpack_publicize_message":"","jetpack_publicize_feature_enabled":true,"jetpack_social_post_already_shared":false,"jetpack_social_options":{"image_generator_settings":{"template":"highway","enabled":false},"version":2}},"product_brand":[],"product_cat":[6,2437,2366],"product_tag":[297,94],"class_list":{"0":"post-45075","1":"product","2":"type-product","3":"status-publish","4":"has-post-thumbnail","6":"product_cat-books","7":"product_cat-military-books","8":"product_cat-society-social-sciences-books","9":"product_tag-military","10":"product_tag-society-social-sciences","12":"first","13":"instock","14":"purchasable","15":"product-type-simple"},"jetpack_publicize_connections":[],"acf":[],"jetpack_sharing_enabled":true,"_links":{"self":[{"href":"https:\/\/www.elibron.com\/catalog\/wp-json\/wp\/v2\/product\/45075","targetHints":{"allow":["GET"]}}],"collection":[{"href":"https:\/\/www.elibron.com\/catalog\/wp-json\/wp\/v2\/product"}],"about":[{"href":"https:\/\/www.elibron.com\/catalog\/wp-json\/wp\/v2\/types\/product"}],"replies":[{"embeddable":true,"href":"https:\/\/www.elibron.com\/catalog\/wp-json\/wp\/v2\/comments?post=45075"}],"wp:featuredmedia":[{"embeddable":true,"href":"https:\/\/www.elibron.com\/catalog\/wp-json\/wp\/v2\/media\/45076"}],"wp:attachment":[{"href":"https:\/\/www.elibron.com\/catalog\/wp-json\/wp\/v2\/media?parent=45075"}],"wp:term":[{"taxonomy":"product_brand","embeddable":true,"href":"https:\/\/www.elibron.com\/catalog\/wp-json\/wp\/v2\/product_brand?post=45075"},{"taxonomy":"product_cat","embeddable":true,"href":"https:\/\/www.elibron.com\/catalog\/wp-json\/wp\/v2\/product_cat?post=45075"},{"taxonomy":"product_tag","embeddable":true,"href":"https:\/\/www.elibron.com\/catalog\/wp-json\/wp\/v2\/product_tag?post=45075"}],"curies":[{"name":"wp","href":"https:\/\/api.w.org\/{rel}","templated":true}]}}