{"id":44613,"date":"2017-04-05T04:35:36","date_gmt":"2017-04-05T04:35:36","guid":{"rendered":"https:\/\/www.elibron.com\/catalog\/product\/lor-et-la-transmutation-des-metaux-memoires-et-conferences-precedes-de-paracelse-et-lalchimie-au-xvie-siecle-par-m-franck\/"},"modified":"2017-04-06T09:03:55","modified_gmt":"2017-04-06T09:03:55","slug":"lor-et-la-transmutation-des-metaux-memoires-et-conferences-precedes-de-paracelse-et-lalchimie-au-xvie-siecle-par-m-franck","status":"publish","type":"product","link":"https:\/\/www.elibron.com\/catalog\/product\/lor-et-la-transmutation-des-metaux-memoires-et-conferences-precedes-de-paracelse-et-lalchimie-au-xvie-siecle-par-m-franck\/","title":{"rendered":"L&#8217;or et la transmutation des m\u00e9taux. M\u00e9moires et conf\u00e9rences pr\u00e9c\u00e9d\u00e9s de Paracelse et l&#8217;alchimie au XVIe si\u00e8cle, par m. Franck"},"content":{"rendered":"<aside class=\"mashsb-container mashsb-main mashsb-stretched\"><div class=\"mashsb-box\"><div class=\"mashsb-buttons\"><a  class=\"mashicon-facebook mash-large mash-center mashsb-noshadow\" href=\"https:\/\/www.facebook.com\/sharer.php?u=https%3A%2F%2Fwww.elibron.com%2Fcatalog%2Fproduct%2Flor-et-la-transmutation-des-metaux-memoires-et-conferences-precedes-de-paracelse-et-lalchimie-au-xvie-siecle-par-m-franck%2F\" target=\"_blank\" rel=\"noopener nofollow\"><span class=\"icon\"><\/span><span class=\"text\">Share<\/span><\/a><a  class=\"mashicon-twitter mash-large mash-center mashsb-noshadow\" href=\"https:\/\/twitter.com\/intent\/tweet?text=&url=https:\/\/www.elibron.com\/catalog\/product\/lor-et-la-transmutation-des-metaux-memoires-et-conferences-precedes-de-paracelse-et-lalchimie-au-xvie-siecle-par-m-franck\/&via=ElibronBooks\" target=\"_blank\" rel=\"noopener nofollow\"><span class=\"icon\"><\/span><span class=\"text\">Tweet<\/span><\/a><div class=\"onoffswitch2 mash-large mashsb-noshadow\" style=\"display:none;\"><\/div><\/div>\r\n            <\/div>\r\n                <div style=\"clear:both;\"><\/div><div class=\"mashsb-toggle-container\"><\/div><\/aside>\r\n            <!-- Share buttons by mashshare.net - Version: 3.5.7-->","protected":false},"excerpt":{"rendered":"","protected":false},"featured_media":44614,"comment_status":"closed","ping_status":"open","template":"","meta":{"_acf_changed":false,"jetpack_post_was_ever_published":false,"jetpack_publicize_message":"","jetpack_publicize_feature_enabled":true,"jetpack_social_post_already_shared":false,"jetpack_social_options":{"image_generator_settings":{"template":"highway","enabled":false},"version":2}},"product_brand":[],"product_cat":[2344,6,2511,2390,2365,2389],"product_tag":[53,719,163,91,162],"class_list":{"0":"post-44613","1":"product","2":"type-product","3":"status-publish","4":"has-post-thumbnail","6":"product_cat-biography-memoir-books","7":"product_cat-books","8":"product_cat-chemistry-books","9":"product_cat-inventors-books","10":"product_cat-sciences-books","11":"product_cat-scientists-books","12":"product_tag-biography-memoir","13":"product_tag-chemistry","14":"product_tag-inventors","15":"product_tag-sciences","16":"product_tag-scientists","18":"first","19":"instock","20":"purchasable","21":"product-type-simple"},"jetpack_publicize_connections":[],"acf":[],"jetpack_sharing_enabled":true,"_links":{"self":[{"href":"https:\/\/www.elibron.com\/catalog\/wp-json\/wp\/v2\/product\/44613","targetHints":{"allow":["GET"]}}],"collection":[{"href":"https:\/\/www.elibron.com\/catalog\/wp-json\/wp\/v2\/product"}],"about":[{"href":"https:\/\/www.elibron.com\/catalog\/wp-json\/wp\/v2\/types\/product"}],"replies":[{"embeddable":true,"href":"https:\/\/www.elibron.com\/catalog\/wp-json\/wp\/v2\/comments?post=44613"}],"wp:featuredmedia":[{"embeddable":true,"href":"https:\/\/www.elibron.com\/catalog\/wp-json\/wp\/v2\/media\/44614"}],"wp:attachment":[{"href":"https:\/\/www.elibron.com\/catalog\/wp-json\/wp\/v2\/media?parent=44613"}],"wp:term":[{"taxonomy":"product_brand","embeddable":true,"href":"https:\/\/www.elibron.com\/catalog\/wp-json\/wp\/v2\/product_brand?post=44613"},{"taxonomy":"product_cat","embeddable":true,"href":"https:\/\/www.elibron.com\/catalog\/wp-json\/wp\/v2\/product_cat?post=44613"},{"taxonomy":"product_tag","embeddable":true,"href":"https:\/\/www.elibron.com\/catalog\/wp-json\/wp\/v2\/product_tag?post=44613"}],"curies":[{"name":"wp","href":"https:\/\/api.w.org\/{rel}","templated":true}]}}