{"id":44358,"date":"2017-04-05T04:21:32","date_gmt":"2017-04-05T04:21:32","guid":{"rendered":"https:\/\/www.elibron.com\/catalog\/product\/histoire-de-lempire-ottoman-depuis-son-origine-jusqua-nos-jours-traduit-de-lallemand-sur-la-deuxieme-edition-par-m-dochez-tome-1\/"},"modified":"2017-04-06T09:01:32","modified_gmt":"2017-04-06T09:01:32","slug":"histoire-de-lempire-ottoman-depuis-son-origine-jusqua-nos-jours-traduit-de-lallemand-sur-la-deuxieme-edition-par-m-dochez-tome-1","status":"publish","type":"product","link":"https:\/\/www.elibron.com\/catalog\/product\/histoire-de-lempire-ottoman-depuis-son-origine-jusqua-nos-jours-traduit-de-lallemand-sur-la-deuxieme-edition-par-m-dochez-tome-1\/","title":{"rendered":"Histoire de l&#8217;Empire Ottoman, depuis son origine jusqu&#8217;\u00e0 nos jours. Traduit de l&#8217;allemand, sur la deuxi\u00e8me \u00e9dition par M. Dochez. Tome 1"},"content":{"rendered":"<aside class=\"mashsb-container mashsb-main mashsb-stretched\"><div class=\"mashsb-box\"><div class=\"mashsb-buttons\"><a  class=\"mashicon-facebook mash-large mash-center mashsb-noshadow\" href=\"https:\/\/www.facebook.com\/sharer.php?u=https%3A%2F%2Fwww.elibron.com%2Fcatalog%2Fproduct%2Fhistoire-de-lempire-ottoman-depuis-son-origine-jusqua-nos-jours-traduit-de-lallemand-sur-la-deuxieme-edition-par-m-dochez-tome-1%2F\" target=\"_blank\" rel=\"noopener nofollow\"><span class=\"icon\"><\/span><span class=\"text\">Share<\/span><\/a><a  class=\"mashicon-twitter mash-large mash-center mashsb-noshadow\" href=\"https:\/\/twitter.com\/intent\/tweet?text=&url=https:\/\/www.elibron.com\/catalog\/product\/histoire-de-lempire-ottoman-depuis-son-origine-jusqua-nos-jours-traduit-de-lallemand-sur-la-deuxieme-edition-par-m-dochez-tome-1\/&via=ElibronBooks\" target=\"_blank\" rel=\"noopener nofollow\"><span class=\"icon\"><\/span><span class=\"text\">Tweet<\/span><\/a><div class=\"onoffswitch2 mash-large mashsb-noshadow\" style=\"display:none;\"><\/div><\/div>\r\n            <\/div>\r\n                <div style=\"clear:both;\"><\/div><div class=\"mashsb-toggle-container\"><\/div><\/aside>\r\n            <!-- Share buttons by mashshare.net - Version: 3.5.7-->","protected":false},"excerpt":{"rendered":"","protected":false},"featured_media":44359,"comment_status":"closed","ping_status":"open","template":"","meta":{"_acf_changed":false,"jetpack_post_was_ever_published":false,"jetpack_publicize_message":"","jetpack_publicize_feature_enabled":true,"jetpack_social_post_already_shared":false,"jetpack_social_options":{"image_generator_settings":{"template":"highway","enabled":false},"version":2}},"product_brand":[],"product_cat":[2419,6,2358,2355,2479,2403,2366,2357,2359],"product_tag":[237,76,74,709,199,94,193,77],"class_list":{"0":"post-44358","1":"product","2":"type-product","3":"status-publish","4":"has-post-thumbnail","6":"product_cat-asia-books","7":"product_cat-books","8":"product_cat-countries-maps-books","9":"product_cat-history-books","10":"product_cat-international-relations-books","11":"product_cat-politics-political-science-books","12":"product_cat-society-social-sciences-books","13":"product_cat-travel-books","14":"product_cat-travel-guides-books","15":"product_tag-asia","16":"product_tag-countries-maps","17":"product_tag-history","18":"product_tag-international-relations","19":"product_tag-politics-political-science","20":"product_tag-society-social-sciences","21":"product_tag-travel","22":"product_tag-travel-guides","24":"first","25":"instock","26":"purchasable","27":"product-type-simple"},"jetpack_publicize_connections":[],"acf":[],"jetpack_sharing_enabled":true,"_links":{"self":[{"href":"https:\/\/www.elibron.com\/catalog\/wp-json\/wp\/v2\/product\/44358","targetHints":{"allow":["GET"]}}],"collection":[{"href":"https:\/\/www.elibron.com\/catalog\/wp-json\/wp\/v2\/product"}],"about":[{"href":"https:\/\/www.elibron.com\/catalog\/wp-json\/wp\/v2\/types\/product"}],"replies":[{"embeddable":true,"href":"https:\/\/www.elibron.com\/catalog\/wp-json\/wp\/v2\/comments?post=44358"}],"wp:featuredmedia":[{"embeddable":true,"href":"https:\/\/www.elibron.com\/catalog\/wp-json\/wp\/v2\/media\/44359"}],"wp:attachment":[{"href":"https:\/\/www.elibron.com\/catalog\/wp-json\/wp\/v2\/media?parent=44358"}],"wp:term":[{"taxonomy":"product_brand","embeddable":true,"href":"https:\/\/www.elibron.com\/catalog\/wp-json\/wp\/v2\/product_brand?post=44358"},{"taxonomy":"product_cat","embeddable":true,"href":"https:\/\/www.elibron.com\/catalog\/wp-json\/wp\/v2\/product_cat?post=44358"},{"taxonomy":"product_tag","embeddable":true,"href":"https:\/\/www.elibron.com\/catalog\/wp-json\/wp\/v2\/product_tag?post=44358"}],"curies":[{"name":"wp","href":"https:\/\/api.w.org\/{rel}","templated":true}]}}