{"id":44346,"date":"2017-04-05T04:20:52","date_gmt":"2017-04-05T04:20:52","guid":{"rendered":"https:\/\/www.elibron.com\/catalog\/product\/dictionnaire-des-artistes-de-lecole-francaise-au-xixe-siecle-peinture-sculpture-architecture-gravure-dessin-lithographie-et-composition-musicale\/"},"modified":"2017-04-06T09:01:27","modified_gmt":"2017-04-06T09:01:27","slug":"dictionnaire-des-artistes-de-lecole-francaise-au-xixe-siecle-peinture-sculpture-architecture-gravure-dessin-lithographie-et-composition-musicale","status":"publish","type":"product","link":"https:\/\/www.elibron.com\/catalog\/product\/dictionnaire-des-artistes-de-lecole-francaise-au-xixe-siecle-peinture-sculpture-architecture-gravure-dessin-lithographie-et-composition-musicale\/","title":{"rendered":"Dictionnaire des artistes de l&#8217;\u00e9cole fran\u00e7aise, au XIXe si\u00e8cle. Peinture, sculpture, architecture, gravure, dessin, lithographie et composition musicale"},"content":{"rendered":"<aside class=\"mashsb-container mashsb-main mashsb-stretched\"><div class=\"mashsb-box\"><div class=\"mashsb-buttons\"><a  class=\"mashicon-facebook mash-large mash-center mashsb-noshadow\" href=\"https:\/\/www.facebook.com\/sharer.php?u=https%3A%2F%2Fwww.elibron.com%2Fcatalog%2Fproduct%2Fdictionnaire-des-artistes-de-lecole-francaise-au-xixe-siecle-peinture-sculpture-architecture-gravure-dessin-lithographie-et-composition-musicale%2F\" target=\"_blank\" rel=\"noopener nofollow\"><span class=\"icon\"><\/span><span class=\"text\">Share<\/span><\/a><a  class=\"mashicon-twitter mash-large mash-center mashsb-noshadow\" href=\"https:\/\/twitter.com\/intent\/tweet?text=&url=https:\/\/www.elibron.com\/catalog\/product\/dictionnaire-des-artistes-de-lecole-francaise-au-xixe-siecle-peinture-sculpture-architecture-gravure-dessin-lithographie-et-composition-musicale\/&via=ElibronBooks\" target=\"_blank\" rel=\"noopener nofollow\"><span class=\"icon\"><\/span><span class=\"text\">Tweet<\/span><\/a><div class=\"onoffswitch2 mash-large mashsb-noshadow\" style=\"display:none;\"><\/div><\/div>\r\n            <\/div>\r\n                <div style=\"clear:both;\"><\/div><div class=\"mashsb-toggle-container\"><\/div><\/aside>\r\n            <!-- Share buttons by mashshare.net - Version: 3.5.7-->","protected":false},"excerpt":{"rendered":"","protected":false},"featured_media":44347,"comment_status":"closed","ping_status":"open","template":"","meta":{"_acf_changed":false,"jetpack_post_was_ever_published":false,"jetpack_publicize_message":"","jetpack_publicize_feature_enabled":true,"jetpack_social_post_already_shared":false,"jetpack_social_options":{"image_generator_settings":{"template":"highway","enabled":false},"version":2}},"product_brand":[],"product_cat":[2344,6,2413,2422,2394],"product_tag":[53,221,247,224],"class_list":{"0":"post-44346","1":"product","2":"type-product","3":"status-publish","4":"has-post-thumbnail","6":"product_cat-biography-memoir-books","7":"product_cat-books","8":"product_cat-dictionaries-thesauri-books","9":"product_cat-entertainment-performing-arts-books","10":"product_cat-reference-books","11":"product_tag-biography-memoir","12":"product_tag-dictionaries-thesauri","13":"product_tag-entertainment-performing-arts","14":"product_tag-reference","16":"first","17":"instock","18":"purchasable","19":"product-type-simple"},"jetpack_publicize_connections":[],"acf":[],"jetpack_sharing_enabled":true,"_links":{"self":[{"href":"https:\/\/www.elibron.com\/catalog\/wp-json\/wp\/v2\/product\/44346","targetHints":{"allow":["GET"]}}],"collection":[{"href":"https:\/\/www.elibron.com\/catalog\/wp-json\/wp\/v2\/product"}],"about":[{"href":"https:\/\/www.elibron.com\/catalog\/wp-json\/wp\/v2\/types\/product"}],"replies":[{"embeddable":true,"href":"https:\/\/www.elibron.com\/catalog\/wp-json\/wp\/v2\/comments?post=44346"}],"wp:featuredmedia":[{"embeddable":true,"href":"https:\/\/www.elibron.com\/catalog\/wp-json\/wp\/v2\/media\/44347"}],"wp:attachment":[{"href":"https:\/\/www.elibron.com\/catalog\/wp-json\/wp\/v2\/media?parent=44346"}],"wp:term":[{"taxonomy":"product_brand","embeddable":true,"href":"https:\/\/www.elibron.com\/catalog\/wp-json\/wp\/v2\/product_brand?post=44346"},{"taxonomy":"product_cat","embeddable":true,"href":"https:\/\/www.elibron.com\/catalog\/wp-json\/wp\/v2\/product_cat?post=44346"},{"taxonomy":"product_tag","embeddable":true,"href":"https:\/\/www.elibron.com\/catalog\/wp-json\/wp\/v2\/product_tag?post=44346"}],"curies":[{"name":"wp","href":"https:\/\/api.w.org\/{rel}","templated":true}]}}