{"id":44340,"date":"2017-04-05T04:20:32","date_gmt":"2017-04-05T04:20:32","guid":{"rendered":"https:\/\/www.elibron.com\/catalog\/product\/exposition-sommaire-du-sens-interne-des-livres-prophetiques-de-lancien-testament-et-des-psaumes-de-david-avec-un-double-index-des-matieres-traduit-du-latin-par-j-f-e-le-bois-des-guays-sur-ledit\/"},"modified":"2017-04-06T09:01:25","modified_gmt":"2017-04-06T09:01:25","slug":"exposition-sommaire-du-sens-interne-des-livres-prophetiques-de-lancien-testament-et-des-psaumes-de-david-avec-un-double-index-des-matieres-traduit-du-latin-par-j-f-e-le-bois-des-guays-sur-ledit","status":"publish","type":"product","link":"https:\/\/www.elibron.com\/catalog\/product\/exposition-sommaire-du-sens-interne-des-livres-prophetiques-de-lancien-testament-et-des-psaumes-de-david-avec-un-double-index-des-matieres-traduit-du-latin-par-j-f-e-le-bois-des-guays-sur-ledit\/","title":{"rendered":"Exposition sommaire du sens interne des livres proph\u00e9tiques de l&#8217;Ancien Testament et des Psaumes de David. Avec un double index des mati\u00e8res. Traduit du latin par J.-F.-E. Le Bois des Guays sur l&#8217;\u00e9dition de Robert Hindmarsh (Londres, 1784)"},"content":{"rendered":"<aside class=\"mashsb-container mashsb-main mashsb-stretched\"><div class=\"mashsb-box\"><div class=\"mashsb-buttons\"><a  class=\"mashicon-facebook mash-large mash-center mashsb-noshadow\" href=\"https:\/\/www.facebook.com\/sharer.php?u=https%3A%2F%2Fwww.elibron.com%2Fcatalog%2Fproduct%2Fexposition-sommaire-du-sens-interne-des-livres-prophetiques-de-lancien-testament-et-des-psaumes-de-david-avec-un-double-index-des-matieres-traduit-du-latin-par-j-f-e-le-bois-des-guays-sur-ledit%2F\" target=\"_blank\" rel=\"noopener nofollow\"><span class=\"icon\"><\/span><span class=\"text\">Share<\/span><\/a><a  class=\"mashicon-twitter mash-large mash-center mashsb-noshadow\" href=\"https:\/\/twitter.com\/intent\/tweet?text=&url=https:\/\/www.elibron.com\/catalog\/product\/exposition-sommaire-du-sens-interne-des-livres-prophetiques-de-lancien-testament-et-des-psaumes-de-david-avec-un-double-index-des-matieres-traduit-du-latin-par-j-f-e-le-bois-des-guays-sur-ledit\/&via=ElibronBooks\" target=\"_blank\" rel=\"noopener nofollow\"><span class=\"icon\"><\/span><span class=\"text\">Tweet<\/span><\/a><div class=\"onoffswitch2 mash-large mashsb-noshadow\" style=\"display:none;\"><\/div><\/div>\r\n            <\/div>\r\n                <div style=\"clear:both;\"><\/div><div class=\"mashsb-toggle-container\"><\/div><\/aside>\r\n            <!-- Share buttons by mashshare.net - Version: 3.5.7-->","protected":false},"excerpt":{"rendered":"","protected":false},"featured_media":44341,"comment_status":"closed","ping_status":"open","template":"","meta":{"_acf_changed":false,"jetpack_post_was_ever_published":false,"jetpack_publicize_message":"","jetpack_publicize_feature_enabled":true,"jetpack_social_post_already_shared":false,"jetpack_social_options":{"image_generator_settings":{"template":"highway","enabled":false},"version":2}},"product_brand":[],"product_cat":[6,2382,2381],"product_tag":[135,134],"class_list":{"0":"post-44340","1":"product","2":"type-product","3":"status-publish","4":"has-post-thumbnail","6":"product_cat-books","7":"product_cat-christianity-books","8":"product_cat-religions-spirituality-books","9":"product_tag-christianity","10":"product_tag-religions-spirituality","12":"first","13":"instock","14":"purchasable","15":"product-type-simple"},"jetpack_publicize_connections":[],"acf":[],"jetpack_sharing_enabled":true,"_links":{"self":[{"href":"https:\/\/www.elibron.com\/catalog\/wp-json\/wp\/v2\/product\/44340","targetHints":{"allow":["GET"]}}],"collection":[{"href":"https:\/\/www.elibron.com\/catalog\/wp-json\/wp\/v2\/product"}],"about":[{"href":"https:\/\/www.elibron.com\/catalog\/wp-json\/wp\/v2\/types\/product"}],"replies":[{"embeddable":true,"href":"https:\/\/www.elibron.com\/catalog\/wp-json\/wp\/v2\/comments?post=44340"}],"wp:featuredmedia":[{"embeddable":true,"href":"https:\/\/www.elibron.com\/catalog\/wp-json\/wp\/v2\/media\/44341"}],"wp:attachment":[{"href":"https:\/\/www.elibron.com\/catalog\/wp-json\/wp\/v2\/media?parent=44340"}],"wp:term":[{"taxonomy":"product_brand","embeddable":true,"href":"https:\/\/www.elibron.com\/catalog\/wp-json\/wp\/v2\/product_brand?post=44340"},{"taxonomy":"product_cat","embeddable":true,"href":"https:\/\/www.elibron.com\/catalog\/wp-json\/wp\/v2\/product_cat?post=44340"},{"taxonomy":"product_tag","embeddable":true,"href":"https:\/\/www.elibron.com\/catalog\/wp-json\/wp\/v2\/product_tag?post=44340"}],"curies":[{"name":"wp","href":"https:\/\/api.w.org\/{rel}","templated":true}]}}