{"id":44238,"date":"2017-04-05T04:15:05","date_gmt":"2017-04-05T04:15:05","guid":{"rendered":"https:\/\/www.elibron.com\/catalog\/product\/recueil-dexercices-sur-le-calcul-infinitesimal-a-lusage-des-candidats-a-lecole-polytechnique-et-a-lecole-normale-des-eleves-de-ces-ecoles%c2%85-appendice-sur-les-residus-les-fonctions-elliptiqu\/"},"modified":"2017-04-06T09:00:30","modified_gmt":"2017-04-06T09:00:30","slug":"recueil-dexercices-sur-le-calcul-infinitesimal-a-lusage-des-candidats-a-lecole-polytechnique-et-a-lecole-normale-des-eleves-de-ces-ecoles%c2%85-appendice-sur-les-residus-les-fonctions-elliptiqu","status":"publish","type":"product","link":"https:\/\/www.elibron.com\/catalog\/product\/recueil-dexercices-sur-le-calcul-infinitesimal-a-lusage-des-candidats-a-lecole-polytechnique-et-a-lecole-normale-des-eleves-de-ces-ecoles%c2%85-appendice-sur-les-residus-les-fonctions-elliptiqu\/","title":{"rendered":"Recueil d&#8217;exercices sur le calcul infinit\u00e9simal. \u00c0 l&#8217;usage des candidats \u00e0 l&#8217;\u00e9cole polytechnique et \u00e0 l&#8217;\u00e9cole normale, des \u00e9l\u00e8ves de ces \u00e9coles\u0085 Appendice sur les r\u00e9sidus, les fonctions elliptiques, les \u00e9quations aux d\u00e9riv\u00e9es partielles, les \u00e9quations aux"},"content":{"rendered":"<aside class=\"mashsb-container mashsb-main mashsb-stretched\"><div class=\"mashsb-box\"><div class=\"mashsb-buttons\"><a  class=\"mashicon-facebook mash-large mash-center mashsb-noshadow\" href=\"https:\/\/www.facebook.com\/sharer.php?u=https%3A%2F%2Fwww.elibron.com%2Fcatalog%2Fproduct%2Frecueil-dexercices-sur-le-calcul-infinitesimal-a-lusage-des-candidats-a-lecole-polytechnique-et-a-lecole-normale-des-eleves-de-ces-ecoles%25c2%2585-appendice-sur-les-residus-les-fonctions-elliptiqu%2F\" target=\"_blank\" rel=\"noopener nofollow\"><span class=\"icon\"><\/span><span class=\"text\">Share<\/span><\/a><a  class=\"mashicon-twitter mash-large mash-center mashsb-noshadow\" href=\"https:\/\/twitter.com\/intent\/tweet?text=&url=https:\/\/www.elibron.com\/catalog\/product\/recueil-dexercices-sur-le-calcul-infinitesimal-a-lusage-des-candidats-a-lecole-polytechnique-et-a-lecole-normale-des-eleves-de-ces-ecoles%c2%85-appendice-sur-les-residus-les-fonctions-elliptiqu\/&via=ElibronBooks\" target=\"_blank\" rel=\"noopener nofollow\"><span class=\"icon\"><\/span><span class=\"text\">Tweet<\/span><\/a><div class=\"onoffswitch2 mash-large mashsb-noshadow\" style=\"display:none;\"><\/div><\/div>\r\n            <\/div>\r\n                <div style=\"clear:both;\"><\/div><div class=\"mashsb-toggle-container\"><\/div><\/aside>\r\n            <!-- Share buttons by mashshare.net - Version: 3.5.7-->","protected":false},"excerpt":{"rendered":"","protected":false},"featured_media":44239,"comment_status":"closed","ping_status":"open","template":"","meta":{"_acf_changed":false,"jetpack_post_was_ever_published":false,"jetpack_publicize_message":"","jetpack_publicize_feature_enabled":true,"jetpack_social_post_already_shared":false,"jetpack_social_options":{"image_generator_settings":{"template":"highway","enabled":false},"version":2}},"product_brand":[],"product_cat":[6,2438,2365],"product_tag":[299,91],"class_list":{"0":"post-44238","1":"product","2":"type-product","3":"status-publish","4":"has-post-thumbnail","6":"product_cat-books","7":"product_cat-mathematics-statistics-books","8":"product_cat-sciences-books","9":"product_tag-mathematics-statistics","10":"product_tag-sciences","12":"first","13":"instock","14":"purchasable","15":"product-type-simple"},"jetpack_publicize_connections":[],"acf":[],"jetpack_sharing_enabled":true,"_links":{"self":[{"href":"https:\/\/www.elibron.com\/catalog\/wp-json\/wp\/v2\/product\/44238","targetHints":{"allow":["GET"]}}],"collection":[{"href":"https:\/\/www.elibron.com\/catalog\/wp-json\/wp\/v2\/product"}],"about":[{"href":"https:\/\/www.elibron.com\/catalog\/wp-json\/wp\/v2\/types\/product"}],"replies":[{"embeddable":true,"href":"https:\/\/www.elibron.com\/catalog\/wp-json\/wp\/v2\/comments?post=44238"}],"wp:featuredmedia":[{"embeddable":true,"href":"https:\/\/www.elibron.com\/catalog\/wp-json\/wp\/v2\/media\/44239"}],"wp:attachment":[{"href":"https:\/\/www.elibron.com\/catalog\/wp-json\/wp\/v2\/media?parent=44238"}],"wp:term":[{"taxonomy":"product_brand","embeddable":true,"href":"https:\/\/www.elibron.com\/catalog\/wp-json\/wp\/v2\/product_brand?post=44238"},{"taxonomy":"product_cat","embeddable":true,"href":"https:\/\/www.elibron.com\/catalog\/wp-json\/wp\/v2\/product_cat?post=44238"},{"taxonomy":"product_tag","embeddable":true,"href":"https:\/\/www.elibron.com\/catalog\/wp-json\/wp\/v2\/product_tag?post=44238"}],"curies":[{"name":"wp","href":"https:\/\/api.w.org\/{rel}","templated":true}]}}