{"id":43978,"date":"2017-04-05T04:01:01","date_gmt":"2017-04-05T04:01:01","guid":{"rendered":"https:\/\/www.elibron.com\/catalog\/product\/lettres-de-fernand-cortes-a-charles-quint-sur-la-decouverte-et-la-conquete-du-mexique-traduites-par-desire-charnay-avec-preface-du-docteur-e-t-hamy\/"},"modified":"2017-04-06T08:57:58","modified_gmt":"2017-04-06T08:57:58","slug":"lettres-de-fernand-cortes-a-charles-quint-sur-la-decouverte-et-la-conquete-du-mexique-traduites-par-desire-charnay-avec-preface-du-docteur-e-t-hamy","status":"publish","type":"product","link":"https:\/\/www.elibron.com\/catalog\/product\/lettres-de-fernand-cortes-a-charles-quint-sur-la-decouverte-et-la-conquete-du-mexique-traduites-par-desire-charnay-avec-preface-du-docteur-e-t-hamy\/","title":{"rendered":"Lettres de Fernand Cort\u00e8s \u00e0 Charles-Quint sur la d\u00e9couverte et la conqu\u00eate du Mexique. Traduites par D\u00e9sir\u00e9 Charnay. Avec pr\u00e9face du docteur E.-T. Hamy"},"content":{"rendered":"<aside class=\"mashsb-container mashsb-main mashsb-stretched\"><div class=\"mashsb-box\"><div class=\"mashsb-buttons\"><a  class=\"mashicon-facebook mash-large mash-center mashsb-noshadow\" href=\"https:\/\/www.facebook.com\/sharer.php?u=https%3A%2F%2Fwww.elibron.com%2Fcatalog%2Fproduct%2Flettres-de-fernand-cortes-a-charles-quint-sur-la-decouverte-et-la-conquete-du-mexique-traduites-par-desire-charnay-avec-preface-du-docteur-e-t-hamy%2F\" target=\"_blank\" rel=\"noopener nofollow\"><span class=\"icon\"><\/span><span class=\"text\">Share<\/span><\/a><a  class=\"mashicon-twitter mash-large mash-center mashsb-noshadow\" href=\"https:\/\/twitter.com\/intent\/tweet?text=&url=https:\/\/www.elibron.com\/catalog\/product\/lettres-de-fernand-cortes-a-charles-quint-sur-la-decouverte-et-la-conquete-du-mexique-traduites-par-desire-charnay-avec-preface-du-docteur-e-t-hamy\/&via=ElibronBooks\" target=\"_blank\" rel=\"noopener nofollow\"><span class=\"icon\"><\/span><span class=\"text\">Tweet<\/span><\/a><div class=\"onoffswitch2 mash-large mashsb-noshadow\" style=\"display:none;\"><\/div><\/div>\r\n            <\/div>\r\n                <div style=\"clear:both;\"><\/div><div class=\"mashsb-toggle-container\"><\/div><\/aside>\r\n            <!-- Share buttons by mashshare.net - Version: 3.5.7-->","protected":false},"excerpt":{"rendered":"","protected":false},"featured_media":43979,"comment_status":"closed","ping_status":"open","template":"","meta":{"_acf_changed":false,"jetpack_post_was_ever_published":false,"jetpack_publicize_message":"","jetpack_publicize_feature_enabled":true,"jetpack_social_post_already_shared":false,"jetpack_social_options":{"image_generator_settings":{"template":"highway","enabled":false},"version":2}},"product_brand":[],"product_cat":[2344,6,2355,2450,2437],"product_tag":[53,74,597,297],"class_list":{"0":"post-43978","1":"product","2":"type-product","3":"status-publish","4":"has-post-thumbnail","6":"product_cat-biography-memoir-books","7":"product_cat-books","8":"product_cat-history-books","9":"product_cat-latin-america-books","10":"product_cat-military-books","11":"product_tag-biography-memoir","12":"product_tag-history","13":"product_tag-latin-america","14":"product_tag-military","16":"first","17":"instock","18":"purchasable","19":"product-type-simple"},"jetpack_publicize_connections":[],"acf":[],"jetpack_sharing_enabled":true,"_links":{"self":[{"href":"https:\/\/www.elibron.com\/catalog\/wp-json\/wp\/v2\/product\/43978","targetHints":{"allow":["GET"]}}],"collection":[{"href":"https:\/\/www.elibron.com\/catalog\/wp-json\/wp\/v2\/product"}],"about":[{"href":"https:\/\/www.elibron.com\/catalog\/wp-json\/wp\/v2\/types\/product"}],"replies":[{"embeddable":true,"href":"https:\/\/www.elibron.com\/catalog\/wp-json\/wp\/v2\/comments?post=43978"}],"wp:featuredmedia":[{"embeddable":true,"href":"https:\/\/www.elibron.com\/catalog\/wp-json\/wp\/v2\/media\/43979"}],"wp:attachment":[{"href":"https:\/\/www.elibron.com\/catalog\/wp-json\/wp\/v2\/media?parent=43978"}],"wp:term":[{"taxonomy":"product_brand","embeddable":true,"href":"https:\/\/www.elibron.com\/catalog\/wp-json\/wp\/v2\/product_brand?post=43978"},{"taxonomy":"product_cat","embeddable":true,"href":"https:\/\/www.elibron.com\/catalog\/wp-json\/wp\/v2\/product_cat?post=43978"},{"taxonomy":"product_tag","embeddable":true,"href":"https:\/\/www.elibron.com\/catalog\/wp-json\/wp\/v2\/product_tag?post=43978"}],"curies":[{"name":"wp","href":"https:\/\/api.w.org\/{rel}","templated":true}]}}