{"id":43868,"date":"2017-04-05T03:54:42","date_gmt":"2017-04-05T03:54:42","guid":{"rendered":"https:\/\/www.elibron.com\/catalog\/product\/lhotel-de-la-reine-marguerite-premiere-femme-de-henry-iv-precede-dune-etude-sur-le-palais-des-thermes-labbaye-de-saint-germain-des-pres-lenceinte-de-philippe-auguste-lhotel-de-nesle-les-pre\/"},"modified":"2017-04-06T08:56:57","modified_gmt":"2017-04-06T08:56:57","slug":"lhotel-de-la-reine-marguerite-premiere-femme-de-henry-iv-precede-dune-etude-sur-le-palais-des-thermes-labbaye-de-saint-germain-des-pres-lenceinte-de-philippe-auguste-lhotel-de-nesle-les-pre","status":"publish","type":"product","link":"https:\/\/www.elibron.com\/catalog\/product\/lhotel-de-la-reine-marguerite-premiere-femme-de-henry-iv-precede-dune-etude-sur-le-palais-des-thermes-labbaye-de-saint-germain-des-pres-lenceinte-de-philippe-auguste-lhotel-de-nesle-les-pre\/","title":{"rendered":"L&#8217;h\u00f4tel de la reine Marguerite, premi\u00e8re femme de Henry IV. Pr\u00e9c\u00e9d\u00e9 d&#8217;une \u00e9tude sur Le Palais des Thermes, l&#8217;Abbaye de Saint-Germain-des-Pr\u00e9s, l&#8217;Enceinte de Philippe-Auguste, l&#8217;H\u00f4tel de Nesle, les Pr\u00e9s aux Clercs, etc., par Charles Duplomb"},"content":{"rendered":"<aside class=\"mashsb-container mashsb-main mashsb-stretched\"><div class=\"mashsb-box\"><div class=\"mashsb-buttons\"><a  class=\"mashicon-facebook mash-large mash-center mashsb-noshadow\" href=\"https:\/\/www.facebook.com\/sharer.php?u=https%3A%2F%2Fwww.elibron.com%2Fcatalog%2Fproduct%2Flhotel-de-la-reine-marguerite-premiere-femme-de-henry-iv-precede-dune-etude-sur-le-palais-des-thermes-labbaye-de-saint-germain-des-pres-lenceinte-de-philippe-auguste-lhotel-de-nesle-les-pre%2F\" target=\"_blank\" rel=\"noopener nofollow\"><span class=\"icon\"><\/span><span class=\"text\">Share<\/span><\/a><a  class=\"mashicon-twitter mash-large mash-center mashsb-noshadow\" href=\"https:\/\/twitter.com\/intent\/tweet?text=&url=https:\/\/www.elibron.com\/catalog\/product\/lhotel-de-la-reine-marguerite-premiere-femme-de-henry-iv-precede-dune-etude-sur-le-palais-des-thermes-labbaye-de-saint-germain-des-pres-lenceinte-de-philippe-auguste-lhotel-de-nesle-les-pre\/&via=ElibronBooks\" target=\"_blank\" rel=\"noopener nofollow\"><span class=\"icon\"><\/span><span class=\"text\">Tweet<\/span><\/a><div class=\"onoffswitch2 mash-large mashsb-noshadow\" style=\"display:none;\"><\/div><\/div>\r\n            <\/div>\r\n                <div style=\"clear:both;\"><\/div><div class=\"mashsb-toggle-container\"><\/div><\/aside>\r\n            <!-- Share buttons by mashshare.net - Version: 3.5.7-->","protected":false},"excerpt":{"rendered":"","protected":false},"featured_media":43869,"comment_status":"closed","ping_status":"open","template":"","meta":{"_acf_changed":false,"jetpack_post_was_ever_published":false,"jetpack_publicize_message":"","jetpack_publicize_feature_enabled":true,"jetpack_social_post_already_shared":false,"jetpack_social_options":{"image_generator_settings":{"template":"highway","enabled":false},"version":2}},"product_brand":[],"product_cat":[2452,2398,6,2356,2355],"product_tag":[367,182,79,74],"class_list":{"0":"post-43868","1":"product","2":"type-product","3":"status-publish","4":"has-post-thumbnail","6":"product_cat-architecture","7":"product_cat-arts-entertainment-books","8":"product_cat-books","9":"product_cat-europe-books","10":"product_cat-history-books","11":"product_tag-architecture","12":"product_tag-arts-entertainment","13":"product_tag-europe","14":"product_tag-history","16":"first","17":"instock","18":"purchasable","19":"product-type-simple"},"jetpack_publicize_connections":[],"acf":[],"jetpack_sharing_enabled":true,"_links":{"self":[{"href":"https:\/\/www.elibron.com\/catalog\/wp-json\/wp\/v2\/product\/43868","targetHints":{"allow":["GET"]}}],"collection":[{"href":"https:\/\/www.elibron.com\/catalog\/wp-json\/wp\/v2\/product"}],"about":[{"href":"https:\/\/www.elibron.com\/catalog\/wp-json\/wp\/v2\/types\/product"}],"replies":[{"embeddable":true,"href":"https:\/\/www.elibron.com\/catalog\/wp-json\/wp\/v2\/comments?post=43868"}],"wp:featuredmedia":[{"embeddable":true,"href":"https:\/\/www.elibron.com\/catalog\/wp-json\/wp\/v2\/media\/43869"}],"wp:attachment":[{"href":"https:\/\/www.elibron.com\/catalog\/wp-json\/wp\/v2\/media?parent=43868"}],"wp:term":[{"taxonomy":"product_brand","embeddable":true,"href":"https:\/\/www.elibron.com\/catalog\/wp-json\/wp\/v2\/product_brand?post=43868"},{"taxonomy":"product_cat","embeddable":true,"href":"https:\/\/www.elibron.com\/catalog\/wp-json\/wp\/v2\/product_cat?post=43868"},{"taxonomy":"product_tag","embeddable":true,"href":"https:\/\/www.elibron.com\/catalog\/wp-json\/wp\/v2\/product_tag?post=43868"}],"curies":[{"name":"wp","href":"https:\/\/api.w.org\/{rel}","templated":true}]}}