{"id":43832,"date":"2017-04-05T03:52:44","date_gmt":"2017-04-05T03:52:44","guid":{"rendered":"https:\/\/www.elibron.com\/catalog\/product\/recherches-et-considerations-critiques-sur-le-magnetisme-animal-avec-un-programme-relatif-au-somnambulisme-artificiel-ou-magnetique-traduit-du-latin-du-docteur-metzger-accompagne-de-notes-et-suivi\/"},"modified":"2017-04-06T08:56:38","modified_gmt":"2017-04-06T08:56:38","slug":"recherches-et-considerations-critiques-sur-le-magnetisme-animal-avec-un-programme-relatif-au-somnambulisme-artificiel-ou-magnetique-traduit-du-latin-du-docteur-metzger-accompagne-de-notes-et-suivi","status":"publish","type":"product","link":"https:\/\/www.elibron.com\/catalog\/product\/recherches-et-considerations-critiques-sur-le-magnetisme-animal-avec-un-programme-relatif-au-somnambulisme-artificiel-ou-magnetique-traduit-du-latin-du-docteur-metzger-accompagne-de-notes-et-suivi\/","title":{"rendered":"Recherches et consid\u00e9rations critiques sur le magn\u00e9tisme animal. Avec un programme relatif au somnambulisme artificiel ou magn\u00e9tique, traduit du latin du docteur Metzger, accompagn\u00e9 de notes, et suivi de r\u00e9flexions morales ou pens\u00e9es d\u00e9tach\u00e9es, applicable"},"content":{"rendered":"<aside class=\"mashsb-container mashsb-main mashsb-stretched\"><div class=\"mashsb-box\"><div class=\"mashsb-buttons\"><a  class=\"mashicon-facebook mash-large mash-center mashsb-noshadow\" href=\"https:\/\/www.facebook.com\/sharer.php?u=https%3A%2F%2Fwww.elibron.com%2Fcatalog%2Fproduct%2Frecherches-et-considerations-critiques-sur-le-magnetisme-animal-avec-un-programme-relatif-au-somnambulisme-artificiel-ou-magnetique-traduit-du-latin-du-docteur-metzger-accompagne-de-notes-et-suivi%2F\" target=\"_blank\" rel=\"noopener nofollow\"><span class=\"icon\"><\/span><span class=\"text\">Share<\/span><\/a><a  class=\"mashicon-twitter mash-large mash-center mashsb-noshadow\" href=\"https:\/\/twitter.com\/intent\/tweet?text=&url=https:\/\/www.elibron.com\/catalog\/product\/recherches-et-considerations-critiques-sur-le-magnetisme-animal-avec-un-programme-relatif-au-somnambulisme-artificiel-ou-magnetique-traduit-du-latin-du-docteur-metzger-accompagne-de-notes-et-suivi\/&via=ElibronBooks\" target=\"_blank\" rel=\"noopener nofollow\"><span class=\"icon\"><\/span><span class=\"text\">Tweet<\/span><\/a><div class=\"onoffswitch2 mash-large mashsb-noshadow\" style=\"display:none;\"><\/div><\/div>\r\n            <\/div>\r\n                <div style=\"clear:both;\"><\/div><div class=\"mashsb-toggle-container\"><\/div><\/aside>\r\n            <!-- Share buttons by mashshare.net - Version: 3.5.7-->","protected":false},"excerpt":{"rendered":"","protected":false},"featured_media":43833,"comment_status":"closed","ping_status":"open","template":"","meta":{"_acf_changed":false,"jetpack_post_was_ever_published":false,"jetpack_publicize_message":"","jetpack_publicize_feature_enabled":true,"jetpack_social_post_already_shared":false,"jetpack_social_options":{"image_generator_settings":{"template":"highway","enabled":false},"version":2}},"product_brand":[],"product_cat":[2384,6,2365],"product_tag":[143,91],"class_list":{"0":"post-43832","1":"product","2":"type-product","3":"status-publish","4":"has-post-thumbnail","6":"product_cat-biological-sciences-books","7":"product_cat-books","8":"product_cat-sciences-books","9":"product_tag-biological-sciences","10":"product_tag-sciences","12":"first","13":"instock","14":"purchasable","15":"product-type-simple"},"jetpack_publicize_connections":[],"acf":[],"jetpack_sharing_enabled":true,"_links":{"self":[{"href":"https:\/\/www.elibron.com\/catalog\/wp-json\/wp\/v2\/product\/43832","targetHints":{"allow":["GET"]}}],"collection":[{"href":"https:\/\/www.elibron.com\/catalog\/wp-json\/wp\/v2\/product"}],"about":[{"href":"https:\/\/www.elibron.com\/catalog\/wp-json\/wp\/v2\/types\/product"}],"replies":[{"embeddable":true,"href":"https:\/\/www.elibron.com\/catalog\/wp-json\/wp\/v2\/comments?post=43832"}],"wp:featuredmedia":[{"embeddable":true,"href":"https:\/\/www.elibron.com\/catalog\/wp-json\/wp\/v2\/media\/43833"}],"wp:attachment":[{"href":"https:\/\/www.elibron.com\/catalog\/wp-json\/wp\/v2\/media?parent=43832"}],"wp:term":[{"taxonomy":"product_brand","embeddable":true,"href":"https:\/\/www.elibron.com\/catalog\/wp-json\/wp\/v2\/product_brand?post=43832"},{"taxonomy":"product_cat","embeddable":true,"href":"https:\/\/www.elibron.com\/catalog\/wp-json\/wp\/v2\/product_cat?post=43832"},{"taxonomy":"product_tag","embeddable":true,"href":"https:\/\/www.elibron.com\/catalog\/wp-json\/wp\/v2\/product_tag?post=43832"}],"curies":[{"name":"wp","href":"https:\/\/api.w.org\/{rel}","templated":true}]}}