{"id":43780,"date":"2017-04-05T03:49:53","date_gmt":"2017-04-05T03:49:53","guid":{"rendered":"https:\/\/www.elibron.com\/catalog\/product\/historische-und-beschreibende-darstellung-von-persien-von-den-altesten-zeiten-bis-auf-die-neueste-nebst-einer-genauen-uebersicht-seiner-hulfsquellen-regierung-bevolkerung-naturgeschichte-und-des-2\/"},"modified":"2017-04-06T08:56:06","modified_gmt":"2017-04-06T08:56:06","slug":"historische-und-beschreibende-darstellung-von-persien-von-den-altesten-zeiten-bis-auf-die-neueste-nebst-einer-genauen-uebersicht-seiner-hulfsquellen-regierung-bevolkerung-naturgeschichte-und-des-2","status":"publish","type":"product","link":"https:\/\/www.elibron.com\/catalog\/product\/historische-und-beschreibende-darstellung-von-persien-von-den-altesten-zeiten-bis-auf-die-neueste-nebst-einer-genauen-uebersicht-seiner-hulfsquellen-regierung-bevolkerung-naturgeschichte-und-des-2\/","title":{"rendered":"Historische und beschreibende Darstellung von Persien, von den \u00e4ltesten Zeiten bis auf die neueste. Nebst einer genauen Uebersicht seiner H\u00fclfsquellen, Regierung, Bev\u00f6lkerung, Naturgeschichte und des Charakters seiner Einwohner, insbesondere der wandernde"},"content":{"rendered":"<aside class=\"mashsb-container mashsb-main mashsb-stretched\"><div class=\"mashsb-box\"><div class=\"mashsb-buttons\"><a  class=\"mashicon-facebook mash-large mash-center mashsb-noshadow\" href=\"https:\/\/www.facebook.com\/sharer.php?u=https%3A%2F%2Fwww.elibron.com%2Fcatalog%2Fproduct%2Fhistorische-und-beschreibende-darstellung-von-persien-von-den-altesten-zeiten-bis-auf-die-neueste-nebst-einer-genauen-uebersicht-seiner-hulfsquellen-regierung-bevolkerung-naturgeschichte-und-des-2%2F\" target=\"_blank\" rel=\"noopener nofollow\"><span class=\"icon\"><\/span><span class=\"text\">Share<\/span><\/a><a  class=\"mashicon-twitter mash-large mash-center mashsb-noshadow\" href=\"https:\/\/twitter.com\/intent\/tweet?text=&url=https:\/\/www.elibron.com\/catalog\/product\/historische-und-beschreibende-darstellung-von-persien-von-den-altesten-zeiten-bis-auf-die-neueste-nebst-einer-genauen-uebersicht-seiner-hulfsquellen-regierung-bevolkerung-naturgeschichte-und-des-2\/&via=ElibronBooks\" target=\"_blank\" rel=\"noopener nofollow\"><span class=\"icon\"><\/span><span class=\"text\">Tweet<\/span><\/a><div class=\"onoffswitch2 mash-large mashsb-noshadow\" style=\"display:none;\"><\/div><\/div>\r\n            <\/div>\r\n                <div style=\"clear:both;\"><\/div><div class=\"mashsb-toggle-container\"><\/div><\/aside>\r\n            <!-- Share buttons by mashshare.net - Version: 3.5.7-->","protected":false},"excerpt":{"rendered":"","protected":false},"featured_media":43781,"comment_status":"closed","ping_status":"open","template":"","meta":{"_acf_changed":false,"jetpack_post_was_ever_published":false,"jetpack_publicize_message":"","jetpack_publicize_feature_enabled":true,"jetpack_social_post_already_shared":false,"jetpack_social_options":{"image_generator_settings":{"template":"highway","enabled":false},"version":2}},"product_brand":[],"product_cat":[2419,6,2358,2378,2355,2357,2379],"product_tag":[237,76,128,74,193,129],"class_list":{"0":"post-43780","1":"product","2":"type-product","3":"status-publish","4":"has-post-thumbnail","6":"product_cat-asia-books","7":"product_cat-books","8":"product_cat-countries-maps-books","9":"product_cat-customs-traditions-of-nations-books","10":"product_cat-history-books","11":"product_cat-travel-books","12":"product_cat-travel-stories-books","13":"product_tag-asia","14":"product_tag-countries-maps","15":"product_tag-customs-traditions-of-nations","16":"product_tag-history","17":"product_tag-travel","18":"product_tag-travel-stories","20":"first","21":"instock","22":"purchasable","23":"product-type-simple"},"jetpack_publicize_connections":[],"acf":[],"jetpack_sharing_enabled":true,"_links":{"self":[{"href":"https:\/\/www.elibron.com\/catalog\/wp-json\/wp\/v2\/product\/43780","targetHints":{"allow":["GET"]}}],"collection":[{"href":"https:\/\/www.elibron.com\/catalog\/wp-json\/wp\/v2\/product"}],"about":[{"href":"https:\/\/www.elibron.com\/catalog\/wp-json\/wp\/v2\/types\/product"}],"replies":[{"embeddable":true,"href":"https:\/\/www.elibron.com\/catalog\/wp-json\/wp\/v2\/comments?post=43780"}],"wp:featuredmedia":[{"embeddable":true,"href":"https:\/\/www.elibron.com\/catalog\/wp-json\/wp\/v2\/media\/43781"}],"wp:attachment":[{"href":"https:\/\/www.elibron.com\/catalog\/wp-json\/wp\/v2\/media?parent=43780"}],"wp:term":[{"taxonomy":"product_brand","embeddable":true,"href":"https:\/\/www.elibron.com\/catalog\/wp-json\/wp\/v2\/product_brand?post=43780"},{"taxonomy":"product_cat","embeddable":true,"href":"https:\/\/www.elibron.com\/catalog\/wp-json\/wp\/v2\/product_cat?post=43780"},{"taxonomy":"product_tag","embeddable":true,"href":"https:\/\/www.elibron.com\/catalog\/wp-json\/wp\/v2\/product_tag?post=43780"}],"curies":[{"name":"wp","href":"https:\/\/api.w.org\/{rel}","templated":true}]}}