{"id":43312,"date":"2017-04-05T03:24:17","date_gmt":"2017-04-05T03:24:17","guid":{"rendered":"https:\/\/www.elibron.com\/catalog\/product\/dictionnaire-geographique-de-lancienne-egypte-contenant-par-ordre-alphabetique-la-nomenclature-comparee-des-noms-propres-geographiques-qui-se-rencontrent-sur-les-monuments-et-dans-les-papyrus-tome-1\/"},"modified":"2017-04-06T08:51:46","modified_gmt":"2017-04-06T08:51:46","slug":"dictionnaire-geographique-de-lancienne-egypte-contenant-par-ordre-alphabetique-la-nomenclature-comparee-des-noms-propres-geographiques-qui-se-rencontrent-sur-les-monuments-et-dans-les-papyrus-tome-1","status":"publish","type":"product","link":"https:\/\/www.elibron.com\/catalog\/product\/dictionnaire-geographique-de-lancienne-egypte-contenant-par-ordre-alphabetique-la-nomenclature-comparee-des-noms-propres-geographiques-qui-se-rencontrent-sur-les-monuments-et-dans-les-papyrus-tome-1\/","title":{"rendered":"Dictionnaire g\u00e9ographique de l&#8217;ancienne \u00c9gypte contenant par ordre alphab\u00e9tique la nomenclature compar\u00e9e des noms propres g\u00e9ographiques qui se rencontrent sur les monuments et dans les papyrus. Tome 1"},"content":{"rendered":"<aside class=\"mashsb-container mashsb-main mashsb-stretched\"><div class=\"mashsb-box\"><div class=\"mashsb-buttons\"><a  class=\"mashicon-facebook mash-large mash-center mashsb-noshadow\" href=\"https:\/\/www.facebook.com\/sharer.php?u=https%3A%2F%2Fwww.elibron.com%2Fcatalog%2Fproduct%2Fdictionnaire-geographique-de-lancienne-egypte-contenant-par-ordre-alphabetique-la-nomenclature-comparee-des-noms-propres-geographiques-qui-se-rencontrent-sur-les-monuments-et-dans-les-papyrus-tome-1%2F\" target=\"_blank\" rel=\"noopener nofollow\"><span class=\"icon\"><\/span><span class=\"text\">Share<\/span><\/a><a  class=\"mashicon-twitter mash-large mash-center mashsb-noshadow\" href=\"https:\/\/twitter.com\/intent\/tweet?text=&url=https:\/\/www.elibron.com\/catalog\/product\/dictionnaire-geographique-de-lancienne-egypte-contenant-par-ordre-alphabetique-la-nomenclature-comparee-des-noms-propres-geographiques-qui-se-rencontrent-sur-les-monuments-et-dans-les-papyrus-tome-1\/&via=ElibronBooks\" target=\"_blank\" rel=\"noopener nofollow\"><span class=\"icon\"><\/span><span class=\"text\">Tweet<\/span><\/a><div class=\"onoffswitch2 mash-large mashsb-noshadow\" style=\"display:none;\"><\/div><\/div>\r\n            <\/div>\r\n                <div style=\"clear:both;\"><\/div><div class=\"mashsb-toggle-container\"><\/div><\/aside>\r\n            <!-- Share buttons by mashshare.net - Version: 3.5.7-->","protected":false},"excerpt":{"rendered":"","protected":false},"featured_media":43313,"comment_status":"closed","ping_status":"open","template":"","meta":{"_acf_changed":false,"jetpack_post_was_ever_published":false,"jetpack_publicize_message":"","jetpack_publicize_feature_enabled":true,"jetpack_social_post_already_shared":false,"jetpack_social_options":{"image_generator_settings":{"template":"highway","enabled":false},"version":2}},"product_brand":[],"product_cat":[2409,6,2413,2410,2418,2355,2376,2365],"product_tag":[214,221,236,233,74,125,91],"class_list":{"0":"post-43312","1":"product","2":"type-product","3":"status-publish","4":"has-post-thumbnail","6":"product_cat-ancient-history","7":"product_cat-books","8":"product_cat-dictionaries-thesauri-books","9":"product_cat-general-books","10":"product_cat-geography-books","11":"product_cat-history-books","12":"product_cat-language-books","13":"product_cat-sciences-books","14":"product_tag-ancient-history","15":"product_tag-dictionaries-thesauri","16":"product_tag-general","17":"product_tag-geography","18":"product_tag-history","19":"product_tag-language","20":"product_tag-sciences","22":"first","23":"instock","24":"purchasable","25":"product-type-simple"},"jetpack_publicize_connections":[],"acf":[],"jetpack_sharing_enabled":true,"_links":{"self":[{"href":"https:\/\/www.elibron.com\/catalog\/wp-json\/wp\/v2\/product\/43312","targetHints":{"allow":["GET"]}}],"collection":[{"href":"https:\/\/www.elibron.com\/catalog\/wp-json\/wp\/v2\/product"}],"about":[{"href":"https:\/\/www.elibron.com\/catalog\/wp-json\/wp\/v2\/types\/product"}],"replies":[{"embeddable":true,"href":"https:\/\/www.elibron.com\/catalog\/wp-json\/wp\/v2\/comments?post=43312"}],"wp:featuredmedia":[{"embeddable":true,"href":"https:\/\/www.elibron.com\/catalog\/wp-json\/wp\/v2\/media\/43313"}],"wp:attachment":[{"href":"https:\/\/www.elibron.com\/catalog\/wp-json\/wp\/v2\/media?parent=43312"}],"wp:term":[{"taxonomy":"product_brand","embeddable":true,"href":"https:\/\/www.elibron.com\/catalog\/wp-json\/wp\/v2\/product_brand?post=43312"},{"taxonomy":"product_cat","embeddable":true,"href":"https:\/\/www.elibron.com\/catalog\/wp-json\/wp\/v2\/product_cat?post=43312"},{"taxonomy":"product_tag","embeddable":true,"href":"https:\/\/www.elibron.com\/catalog\/wp-json\/wp\/v2\/product_tag?post=43312"}],"curies":[{"name":"wp","href":"https:\/\/api.w.org\/{rel}","templated":true}]}}