{"id":43174,"date":"2017-04-05T03:16:47","date_gmt":"2017-04-05T03:16:47","guid":{"rendered":"https:\/\/www.elibron.com\/catalog\/product\/etudes-economiques-sur-le-xviiie-siecle-le-pacte-de-famine-ladministration-du-commerce\/"},"modified":"2017-04-06T08:50:26","modified_gmt":"2017-04-06T08:50:26","slug":"etudes-economiques-sur-le-xviiie-siecle-le-pacte-de-famine-ladministration-du-commerce","status":"publish","type":"product","link":"https:\/\/www.elibron.com\/catalog\/product\/etudes-economiques-sur-le-xviiie-siecle-le-pacte-de-famine-ladministration-du-commerce\/","title":{"rendered":"\u00c9tudes \u00e9conomiques sur le XVIIIe si\u00e8cle. Le pacte de famine. L&#8217;administration du commerce"},"content":{"rendered":"<aside class=\"mashsb-container mashsb-main mashsb-stretched\"><div class=\"mashsb-box\"><div class=\"mashsb-buttons\"><a  class=\"mashicon-facebook mash-large mash-center mashsb-noshadow\" href=\"https:\/\/www.facebook.com\/sharer.php?u=https%3A%2F%2Fwww.elibron.com%2Fcatalog%2Fproduct%2Fetudes-economiques-sur-le-xviiie-siecle-le-pacte-de-famine-ladministration-du-commerce%2F\" target=\"_blank\" rel=\"noopener nofollow\"><span class=\"icon\"><\/span><span class=\"text\">Share<\/span><\/a><a  class=\"mashicon-twitter mash-large mash-center mashsb-noshadow\" href=\"https:\/\/twitter.com\/intent\/tweet?text=&url=https:\/\/www.elibron.com\/catalog\/product\/etudes-economiques-sur-le-xviiie-siecle-le-pacte-de-famine-ladministration-du-commerce\/&via=ElibronBooks\" target=\"_blank\" rel=\"noopener nofollow\"><span class=\"icon\"><\/span><span class=\"text\">Tweet<\/span><\/a><div class=\"onoffswitch2 mash-large mashsb-noshadow\" style=\"display:none;\"><\/div><\/div>\r\n            <\/div>\r\n                <div style=\"clear:both;\"><\/div><div class=\"mashsb-toggle-container\"><\/div><\/aside>\r\n            <!-- Share buttons by mashshare.net - Version: 3.5.7-->","protected":false},"excerpt":{"rendered":"","protected":false},"featured_media":43175,"comment_status":"closed","ping_status":"open","template":"","meta":{"_acf_changed":false,"jetpack_post_was_ever_published":false,"jetpack_publicize_message":"","jetpack_publicize_feature_enabled":true,"jetpack_social_post_already_shared":false,"jetpack_social_options":{"image_generator_settings":{"template":"highway","enabled":false},"version":2}},"product_brand":[],"product_cat":[6,2448,2388,2355,2526,2366],"product_tag":[360,157,74,951,94],"class_list":{"0":"post-43174","1":"product","2":"type-product","3":"status-publish","4":"has-post-thumbnail","6":"product_cat-books","7":"product_cat-business-books","8":"product_cat-economy-economics-books","9":"product_cat-history-books","10":"product_cat-international-trade-global-economy-books","11":"product_cat-society-social-sciences-books","12":"product_tag-business","13":"product_tag-economy-economics","14":"product_tag-history","15":"product_tag-international-trade-global-economy","16":"product_tag-society-social-sciences","18":"first","19":"instock","20":"purchasable","21":"product-type-simple"},"jetpack_publicize_connections":[],"acf":[],"jetpack_sharing_enabled":true,"_links":{"self":[{"href":"https:\/\/www.elibron.com\/catalog\/wp-json\/wp\/v2\/product\/43174","targetHints":{"allow":["GET"]}}],"collection":[{"href":"https:\/\/www.elibron.com\/catalog\/wp-json\/wp\/v2\/product"}],"about":[{"href":"https:\/\/www.elibron.com\/catalog\/wp-json\/wp\/v2\/types\/product"}],"replies":[{"embeddable":true,"href":"https:\/\/www.elibron.com\/catalog\/wp-json\/wp\/v2\/comments?post=43174"}],"wp:featuredmedia":[{"embeddable":true,"href":"https:\/\/www.elibron.com\/catalog\/wp-json\/wp\/v2\/media\/43175"}],"wp:attachment":[{"href":"https:\/\/www.elibron.com\/catalog\/wp-json\/wp\/v2\/media?parent=43174"}],"wp:term":[{"taxonomy":"product_brand","embeddable":true,"href":"https:\/\/www.elibron.com\/catalog\/wp-json\/wp\/v2\/product_brand?post=43174"},{"taxonomy":"product_cat","embeddable":true,"href":"https:\/\/www.elibron.com\/catalog\/wp-json\/wp\/v2\/product_cat?post=43174"},{"taxonomy":"product_tag","embeddable":true,"href":"https:\/\/www.elibron.com\/catalog\/wp-json\/wp\/v2\/product_tag?post=43174"}],"curies":[{"name":"wp","href":"https:\/\/api.w.org\/{rel}","templated":true}]}}