{"id":41682,"date":"2017-04-05T01:56:16","date_gmt":"2017-04-05T01:56:16","guid":{"rendered":"https:\/\/www.elibron.com\/catalog\/product\/lexikon-der-geschichte-des-altertums-und-der-alten-geographie-die-historischen-personen-volker-lander-und-statten-aus-der-orientalischen-griechischen-und-romischen-geschichte-bis-zur-zeit-der-volk\/"},"modified":"2017-04-06T08:36:43","modified_gmt":"2017-04-06T08:36:43","slug":"lexikon-der-geschichte-des-altertums-und-der-alten-geographie-die-historischen-personen-volker-lander-und-statten-aus-der-orientalischen-griechischen-und-romischen-geschichte-bis-zur-zeit-der-volk","status":"publish","type":"product","link":"https:\/\/www.elibron.com\/catalog\/product\/lexikon-der-geschichte-des-altertums-und-der-alten-geographie-die-historischen-personen-volker-lander-und-statten-aus-der-orientalischen-griechischen-und-romischen-geschichte-bis-zur-zeit-der-volk\/","title":{"rendered":"Lexikon der Geschichte des Altertums und der alten Geographie. Die historischen Personen, V\u00f6lker, L\u00e4nder und St\u00e4tten aus der orientalischen, griechischen und r\u00f6mischen Geschichte bis zur Zeit der V\u00f6lkerwanderung. Von Dr. Heinrich Peter. (Meyers Sach-Lexik"},"content":{"rendered":"<aside class=\"mashsb-container mashsb-main mashsb-stretched\"><div class=\"mashsb-box\"><div class=\"mashsb-buttons\"><a  class=\"mashicon-facebook mash-large mash-center mashsb-noshadow\" href=\"https:\/\/www.facebook.com\/sharer.php?u=https%3A%2F%2Fwww.elibron.com%2Fcatalog%2Fproduct%2Flexikon-der-geschichte-des-altertums-und-der-alten-geographie-die-historischen-personen-volker-lander-und-statten-aus-der-orientalischen-griechischen-und-romischen-geschichte-bis-zur-zeit-der-volk%2F\" target=\"_blank\" rel=\"noopener nofollow\"><span class=\"icon\"><\/span><span class=\"text\">Share<\/span><\/a><a  class=\"mashicon-twitter mash-large mash-center mashsb-noshadow\" href=\"https:\/\/twitter.com\/intent\/tweet?text=&url=https:\/\/www.elibron.com\/catalog\/product\/lexikon-der-geschichte-des-altertums-und-der-alten-geographie-die-historischen-personen-volker-lander-und-statten-aus-der-orientalischen-griechischen-und-romischen-geschichte-bis-zur-zeit-der-volk\/&via=ElibronBooks\" target=\"_blank\" rel=\"noopener nofollow\"><span class=\"icon\"><\/span><span class=\"text\">Tweet<\/span><\/a><div class=\"onoffswitch2 mash-large mashsb-noshadow\" style=\"display:none;\"><\/div><\/div>\r\n            <\/div>\r\n                <div style=\"clear:both;\"><\/div><div class=\"mashsb-toggle-container\"><\/div><\/aside>\r\n            <!-- Share buttons by mashshare.net - Version: 3.5.7-->","protected":false},"excerpt":{"rendered":"","protected":false},"featured_media":41683,"comment_status":"closed","ping_status":"open","template":"","meta":{"_acf_changed":false,"jetpack_post_was_ever_published":false,"jetpack_publicize_message":"","jetpack_publicize_feature_enabled":true,"jetpack_social_post_already_shared":false,"jetpack_social_options":{"image_generator_settings":{"template":"highway","enabled":false},"version":2}},"product_brand":[],"product_cat":[2409,6,2410,2355],"product_tag":[214,236,74],"class_list":{"0":"post-41682","1":"product","2":"type-product","3":"status-publish","4":"has-post-thumbnail","6":"product_cat-ancient-history","7":"product_cat-books","8":"product_cat-general-books","9":"product_cat-history-books","10":"product_tag-ancient-history","11":"product_tag-general","12":"product_tag-history","14":"first","15":"instock","16":"purchasable","17":"product-type-simple"},"jetpack_publicize_connections":[],"acf":[],"jetpack_sharing_enabled":true,"_links":{"self":[{"href":"https:\/\/www.elibron.com\/catalog\/wp-json\/wp\/v2\/product\/41682","targetHints":{"allow":["GET"]}}],"collection":[{"href":"https:\/\/www.elibron.com\/catalog\/wp-json\/wp\/v2\/product"}],"about":[{"href":"https:\/\/www.elibron.com\/catalog\/wp-json\/wp\/v2\/types\/product"}],"replies":[{"embeddable":true,"href":"https:\/\/www.elibron.com\/catalog\/wp-json\/wp\/v2\/comments?post=41682"}],"wp:featuredmedia":[{"embeddable":true,"href":"https:\/\/www.elibron.com\/catalog\/wp-json\/wp\/v2\/media\/41683"}],"wp:attachment":[{"href":"https:\/\/www.elibron.com\/catalog\/wp-json\/wp\/v2\/media?parent=41682"}],"wp:term":[{"taxonomy":"product_brand","embeddable":true,"href":"https:\/\/www.elibron.com\/catalog\/wp-json\/wp\/v2\/product_brand?post=41682"},{"taxonomy":"product_cat","embeddable":true,"href":"https:\/\/www.elibron.com\/catalog\/wp-json\/wp\/v2\/product_cat?post=41682"},{"taxonomy":"product_tag","embeddable":true,"href":"https:\/\/www.elibron.com\/catalog\/wp-json\/wp\/v2\/product_tag?post=41682"}],"curies":[{"name":"wp","href":"https:\/\/api.w.org\/{rel}","templated":true}]}}