{"id":41406,"date":"2017-04-05T01:41:15","date_gmt":"2017-04-05T01:41:15","guid":{"rendered":"https:\/\/www.elibron.com\/catalog\/product\/histoire-de-la-papaute-pendant-les-seizieme-et-dix-septieme-siecles-traduite-de-lallemand-par-j-b-haiber-publiee-augmentee-dune-introduction-et-de-nombreuses-notes-historiques-et-critiques-con\/"},"modified":"2017-04-06T08:34:08","modified_gmt":"2017-04-06T08:34:08","slug":"histoire-de-la-papaute-pendant-les-seizieme-et-dix-septieme-siecles-traduite-de-lallemand-par-j-b-haiber-publiee-augmentee-dune-introduction-et-de-nombreuses-notes-historiques-et-critiques-con","status":"publish","type":"product","link":"https:\/\/www.elibron.com\/catalog\/product\/histoire-de-la-papaute-pendant-les-seizieme-et-dix-septieme-siecles-traduite-de-lallemand-par-j-b-haiber-publiee-augmentee-dune-introduction-et-de-nombreuses-notes-historiques-et-critiques-con\/","title":{"rendered":"Histoire de la Papaut\u00e9 pendant les seizi\u00e8me et dix-septi\u00e8me si\u00e8cles. Traduite de l&#8217;allemand par J.-B. Haiber. Publi\u00e9e, augment\u00e9e d&#8217;une introduction et de nombreuses notes historiques et critiques, continu\u00e9e jusqu&#8217;\u00e0 nos jours par A. de Saint-Cheron. Tome 1"},"content":{"rendered":"<aside class=\"mashsb-container mashsb-main mashsb-stretched\"><div class=\"mashsb-box\"><div class=\"mashsb-buttons\"><a  class=\"mashicon-facebook mash-large mash-center mashsb-noshadow\" href=\"https:\/\/www.facebook.com\/sharer.php?u=https%3A%2F%2Fwww.elibron.com%2Fcatalog%2Fproduct%2Fhistoire-de-la-papaute-pendant-les-seizieme-et-dix-septieme-siecles-traduite-de-lallemand-par-j-b-haiber-publiee-augmentee-dune-introduction-et-de-nombreuses-notes-historiques-et-critiques-con%2F\" target=\"_blank\" rel=\"noopener nofollow\"><span class=\"icon\"><\/span><span class=\"text\">Share<\/span><\/a><a  class=\"mashicon-twitter mash-large mash-center mashsb-noshadow\" href=\"https:\/\/twitter.com\/intent\/tweet?text=&url=https:\/\/www.elibron.com\/catalog\/product\/histoire-de-la-papaute-pendant-les-seizieme-et-dix-septieme-siecles-traduite-de-lallemand-par-j-b-haiber-publiee-augmentee-dune-introduction-et-de-nombreuses-notes-historiques-et-critiques-con\/&via=ElibronBooks\" target=\"_blank\" rel=\"noopener nofollow\"><span class=\"icon\"><\/span><span class=\"text\">Tweet<\/span><\/a><div class=\"onoffswitch2 mash-large mashsb-noshadow\" style=\"display:none;\"><\/div><\/div>\r\n            <\/div>\r\n                <div style=\"clear:both;\"><\/div><div class=\"mashsb-toggle-container\"><\/div><\/aside>\r\n            <!-- Share buttons by mashshare.net - Version: 3.5.7-->","protected":false},"excerpt":{"rendered":"","protected":false},"featured_media":41407,"comment_status":"closed","ping_status":"open","template":"","meta":{"_acf_changed":false,"jetpack_post_was_ever_published":false,"jetpack_publicize_message":"","jetpack_publicize_feature_enabled":true,"jetpack_social_post_already_shared":false,"jetpack_social_options":{"image_generator_settings":{"template":"highway","enabled":false},"version":2}},"product_brand":[],"product_cat":[6,2382,2356,2355,2381],"product_tag":[135,79,74,134],"class_list":{"0":"post-41406","1":"product","2":"type-product","3":"status-publish","4":"has-post-thumbnail","6":"product_cat-books","7":"product_cat-christianity-books","8":"product_cat-europe-books","9":"product_cat-history-books","10":"product_cat-religions-spirituality-books","11":"product_tag-christianity","12":"product_tag-europe","13":"product_tag-history","14":"product_tag-religions-spirituality","16":"first","17":"instock","18":"purchasable","19":"product-type-simple"},"jetpack_publicize_connections":[],"acf":[],"jetpack_sharing_enabled":true,"_links":{"self":[{"href":"https:\/\/www.elibron.com\/catalog\/wp-json\/wp\/v2\/product\/41406","targetHints":{"allow":["GET"]}}],"collection":[{"href":"https:\/\/www.elibron.com\/catalog\/wp-json\/wp\/v2\/product"}],"about":[{"href":"https:\/\/www.elibron.com\/catalog\/wp-json\/wp\/v2\/types\/product"}],"replies":[{"embeddable":true,"href":"https:\/\/www.elibron.com\/catalog\/wp-json\/wp\/v2\/comments?post=41406"}],"wp:featuredmedia":[{"embeddable":true,"href":"https:\/\/www.elibron.com\/catalog\/wp-json\/wp\/v2\/media\/41407"}],"wp:attachment":[{"href":"https:\/\/www.elibron.com\/catalog\/wp-json\/wp\/v2\/media?parent=41406"}],"wp:term":[{"taxonomy":"product_brand","embeddable":true,"href":"https:\/\/www.elibron.com\/catalog\/wp-json\/wp\/v2\/product_brand?post=41406"},{"taxonomy":"product_cat","embeddable":true,"href":"https:\/\/www.elibron.com\/catalog\/wp-json\/wp\/v2\/product_cat?post=41406"},{"taxonomy":"product_tag","embeddable":true,"href":"https:\/\/www.elibron.com\/catalog\/wp-json\/wp\/v2\/product_tag?post=41406"}],"curies":[{"name":"wp","href":"https:\/\/api.w.org\/{rel}","templated":true}]}}