{"id":41086,"date":"2017-04-05T01:23:44","date_gmt":"2017-04-05T01:23:44","guid":{"rendered":"https:\/\/www.elibron.com\/catalog\/product\/memoires-de-baber-zahir-ed-din-mohammed-traduits-pour-la-premiere-fois-sur-le-texte-djagatai-par-a-pavet-de-courteille-tome-1\/"},"modified":"2017-04-06T08:31:09","modified_gmt":"2017-04-06T08:31:09","slug":"memoires-de-baber-zahir-ed-din-mohammed-traduits-pour-la-premiere-fois-sur-le-texte-djagatai-par-a-pavet-de-courteille-tome-1","status":"publish","type":"product","link":"https:\/\/www.elibron.com\/catalog\/product\/memoires-de-baber-zahir-ed-din-mohammed-traduits-pour-la-premiere-fois-sur-le-texte-djagatai-par-a-pavet-de-courteille-tome-1\/","title":{"rendered":"M\u00e9moires de Baber (Zahir-ed-Din-Mohammed). Traduits pour la premi\u00e8re fois sur le texte djagata\u00ef par A. Pavet de Courteille. Tome 1"},"content":{"rendered":"<aside class=\"mashsb-container mashsb-main mashsb-stretched\"><div class=\"mashsb-box\"><div class=\"mashsb-buttons\"><a  class=\"mashicon-facebook mash-large mash-center mashsb-noshadow\" href=\"https:\/\/www.facebook.com\/sharer.php?u=https%3A%2F%2Fwww.elibron.com%2Fcatalog%2Fproduct%2Fmemoires-de-baber-zahir-ed-din-mohammed-traduits-pour-la-premiere-fois-sur-le-texte-djagatai-par-a-pavet-de-courteille-tome-1%2F\" target=\"_blank\" rel=\"noopener nofollow\"><span class=\"icon\"><\/span><span class=\"text\">Share<\/span><\/a><a  class=\"mashicon-twitter mash-large mash-center mashsb-noshadow\" href=\"https:\/\/twitter.com\/intent\/tweet?text=&url=https:\/\/www.elibron.com\/catalog\/product\/memoires-de-baber-zahir-ed-din-mohammed-traduits-pour-la-premiere-fois-sur-le-texte-djagatai-par-a-pavet-de-courteille-tome-1\/&via=ElibronBooks\" target=\"_blank\" rel=\"noopener nofollow\"><span class=\"icon\"><\/span><span class=\"text\">Tweet<\/span><\/a><div class=\"onoffswitch2 mash-large mashsb-noshadow\" style=\"display:none;\"><\/div><\/div>\r\n            <\/div>\r\n                <div style=\"clear:both;\"><\/div><div class=\"mashsb-toggle-container\"><\/div><\/aside>\r\n            <!-- Share buttons by mashshare.net - Version: 3.5.7-->","protected":false},"excerpt":{"rendered":"","protected":false},"featured_media":41087,"comment_status":"closed","ping_status":"open","template":"","meta":{"_acf_changed":false,"jetpack_post_was_ever_published":false,"jetpack_publicize_message":"","jetpack_publicize_feature_enabled":true,"jetpack_social_post_already_shared":false,"jetpack_social_options":{"image_generator_settings":{"template":"highway","enabled":false},"version":2}},"product_brand":[],"product_cat":[2419,2344,6,2401,2355,2400],"product_tag":[237,53,189,74,188],"class_list":{"0":"post-41086","1":"product","2":"type-product","3":"status-publish","4":"has-post-thumbnail","6":"product_cat-asia-books","7":"product_cat-biography-memoir-books","8":"product_cat-books","9":"product_cat-heads-of-state-books","10":"product_cat-history-books","11":"product_cat-politicians-books","12":"product_tag-asia","13":"product_tag-biography-memoir","14":"product_tag-heads-of-state","15":"product_tag-history","16":"product_tag-politicians","18":"first","19":"instock","20":"purchasable","21":"product-type-simple"},"jetpack_publicize_connections":[],"acf":[],"jetpack_sharing_enabled":true,"_links":{"self":[{"href":"https:\/\/www.elibron.com\/catalog\/wp-json\/wp\/v2\/product\/41086","targetHints":{"allow":["GET"]}}],"collection":[{"href":"https:\/\/www.elibron.com\/catalog\/wp-json\/wp\/v2\/product"}],"about":[{"href":"https:\/\/www.elibron.com\/catalog\/wp-json\/wp\/v2\/types\/product"}],"replies":[{"embeddable":true,"href":"https:\/\/www.elibron.com\/catalog\/wp-json\/wp\/v2\/comments?post=41086"}],"wp:featuredmedia":[{"embeddable":true,"href":"https:\/\/www.elibron.com\/catalog\/wp-json\/wp\/v2\/media\/41087"}],"wp:attachment":[{"href":"https:\/\/www.elibron.com\/catalog\/wp-json\/wp\/v2\/media?parent=41086"}],"wp:term":[{"taxonomy":"product_brand","embeddable":true,"href":"https:\/\/www.elibron.com\/catalog\/wp-json\/wp\/v2\/product_brand?post=41086"},{"taxonomy":"product_cat","embeddable":true,"href":"https:\/\/www.elibron.com\/catalog\/wp-json\/wp\/v2\/product_cat?post=41086"},{"taxonomy":"product_tag","embeddable":true,"href":"https:\/\/www.elibron.com\/catalog\/wp-json\/wp\/v2\/product_tag?post=41086"}],"curies":[{"name":"wp","href":"https:\/\/api.w.org\/{rel}","templated":true}]}}