{"id":40806,"date":"2017-04-05T01:07:58","date_gmt":"2017-04-05T01:07:58","guid":{"rendered":"https:\/\/www.elibron.com\/catalog\/product\/livres-classiques-de-lempire-de-la-chine-recueillis-par-le-pere-noel-precedes-dobservations-sur-lorigine-la-nature-et-les-effets-de-la-philosophie-morale-et-politique-dans-cet-empire-tome-3-le\/"},"modified":"2017-04-06T08:28:29","modified_gmt":"2017-04-06T08:28:29","slug":"livres-classiques-de-lempire-de-la-chine-recueillis-par-le-pere-noel-precedes-dobservations-sur-lorigine-la-nature-et-les-effets-de-la-philosophie-morale-et-politique-dans-cet-empire-tome-3-le","status":"publish","type":"product","link":"https:\/\/www.elibron.com\/catalog\/product\/livres-classiques-de-lempire-de-la-chine-recueillis-par-le-pere-noel-precedes-dobservations-sur-lorigine-la-nature-et-les-effets-de-la-philosophie-morale-et-politique-dans-cet-empire-tome-3-le\/","title":{"rendered":"Livres classiques de l&#8217;empire de la Chine, recueillis par le p\u00e8re No\u00ebl; pr\u00e9c\u00e9d\u00e9s d&#8217;observations sur l&#8217;origine, la nature et les effets de la philosophie morale et politique dans cet empire. Tome 3: Le livre des sentences"},"content":{"rendered":"<aside class=\"mashsb-container mashsb-main mashsb-stretched\"><div class=\"mashsb-box\"><div class=\"mashsb-buttons\"><a  class=\"mashicon-facebook mash-large mash-center mashsb-noshadow\" href=\"https:\/\/www.facebook.com\/sharer.php?u=https%3A%2F%2Fwww.elibron.com%2Fcatalog%2Fproduct%2Flivres-classiques-de-lempire-de-la-chine-recueillis-par-le-pere-noel-precedes-dobservations-sur-lorigine-la-nature-et-les-effets-de-la-philosophie-morale-et-politique-dans-cet-empire-tome-3-le%2F\" target=\"_blank\" rel=\"noopener nofollow\"><span class=\"icon\"><\/span><span class=\"text\">Share<\/span><\/a><a  class=\"mashicon-twitter mash-large mash-center mashsb-noshadow\" href=\"https:\/\/twitter.com\/intent\/tweet?text=&url=https:\/\/www.elibron.com\/catalog\/product\/livres-classiques-de-lempire-de-la-chine-recueillis-par-le-pere-noel-precedes-dobservations-sur-lorigine-la-nature-et-les-effets-de-la-philosophie-morale-et-politique-dans-cet-empire-tome-3-le\/&via=ElibronBooks\" target=\"_blank\" rel=\"noopener nofollow\"><span class=\"icon\"><\/span><span class=\"text\">Tweet<\/span><\/a><div class=\"onoffswitch2 mash-large mashsb-noshadow\" style=\"display:none;\"><\/div><\/div>\r\n            <\/div>\r\n                <div style=\"clear:both;\"><\/div><div class=\"mashsb-toggle-container\"><\/div><\/aside>\r\n            <!-- Share buttons by mashshare.net - Version: 3.5.7-->","protected":false},"excerpt":{"rendered":"","protected":false},"featured_media":40807,"comment_status":"closed","ping_status":"open","template":"","meta":{"_acf_changed":false,"jetpack_post_was_ever_published":false,"jetpack_publicize_message":"","jetpack_publicize_feature_enabled":true,"jetpack_social_post_already_shared":false,"jetpack_social_options":{"image_generator_settings":{"template":"highway","enabled":false},"version":2}},"product_brand":[],"product_cat":[2362,6,2451,2361],"product_tag":[85,365,84],"class_list":{"0":"post-40806","1":"product","2":"type-product","3":"status-publish","4":"has-post-thumbnail","6":"product_cat-17th-and-18th-century","7":"product_cat-books","8":"product_cat-eastern-books","9":"product_cat-philosophy-books","10":"product_tag-17th-and-18th-century","11":"product_tag-eastern","12":"product_tag-philosophy","14":"first","15":"instock","16":"purchasable","17":"product-type-simple"},"jetpack_publicize_connections":[],"acf":[],"jetpack_sharing_enabled":true,"_links":{"self":[{"href":"https:\/\/www.elibron.com\/catalog\/wp-json\/wp\/v2\/product\/40806","targetHints":{"allow":["GET"]}}],"collection":[{"href":"https:\/\/www.elibron.com\/catalog\/wp-json\/wp\/v2\/product"}],"about":[{"href":"https:\/\/www.elibron.com\/catalog\/wp-json\/wp\/v2\/types\/product"}],"replies":[{"embeddable":true,"href":"https:\/\/www.elibron.com\/catalog\/wp-json\/wp\/v2\/comments?post=40806"}],"wp:featuredmedia":[{"embeddable":true,"href":"https:\/\/www.elibron.com\/catalog\/wp-json\/wp\/v2\/media\/40807"}],"wp:attachment":[{"href":"https:\/\/www.elibron.com\/catalog\/wp-json\/wp\/v2\/media?parent=40806"}],"wp:term":[{"taxonomy":"product_brand","embeddable":true,"href":"https:\/\/www.elibron.com\/catalog\/wp-json\/wp\/v2\/product_brand?post=40806"},{"taxonomy":"product_cat","embeddable":true,"href":"https:\/\/www.elibron.com\/catalog\/wp-json\/wp\/v2\/product_cat?post=40806"},{"taxonomy":"product_tag","embeddable":true,"href":"https:\/\/www.elibron.com\/catalog\/wp-json\/wp\/v2\/product_tag?post=40806"}],"curies":[{"name":"wp","href":"https:\/\/api.w.org\/{rel}","templated":true}]}}