{"id":40780,"date":"2017-04-05T01:06:24","date_gmt":"2017-04-05T01:06:24","guid":{"rendered":"https:\/\/www.elibron.com\/catalog\/product\/manuel-du-voyageur-aux-environs-de-paris-contenant-la-description-historique-ancienne-et-moderne-des-monuments-chateaux-maisons-de-plaisance-parcs-et-jardins-situes-dans-un-rayon-de-vingt-lieues\/"},"modified":"2017-04-06T08:28:19","modified_gmt":"2017-04-06T08:28:19","slug":"manuel-du-voyageur-aux-environs-de-paris-contenant-la-description-historique-ancienne-et-moderne-des-monuments-chateaux-maisons-de-plaisance-parcs-et-jardins-situes-dans-un-rayon-de-vingt-lieues","status":"publish","type":"product","link":"https:\/\/www.elibron.com\/catalog\/product\/manuel-du-voyageur-aux-environs-de-paris-contenant-la-description-historique-ancienne-et-moderne-des-monuments-chateaux-maisons-de-plaisance-parcs-et-jardins-situes-dans-un-rayon-de-vingt-lieues\/","title":{"rendered":"Manuel du voyageur aux environs de Paris. Contenant la description historique, ancienne et moderne des monuments, ch\u00e2teaux, maisons de plaisance, parcs et jardins, situ\u00e9s dans un rayon de vingt lieues, avec leur carte g\u00e9ographique et topographique. Tome 2"},"content":{"rendered":"<aside class=\"mashsb-container mashsb-main mashsb-stretched\"><div class=\"mashsb-box\"><div class=\"mashsb-buttons\"><a  class=\"mashicon-facebook mash-large mash-center mashsb-noshadow\" href=\"https:\/\/www.facebook.com\/sharer.php?u=https%3A%2F%2Fwww.elibron.com%2Fcatalog%2Fproduct%2Fmanuel-du-voyageur-aux-environs-de-paris-contenant-la-description-historique-ancienne-et-moderne-des-monuments-chateaux-maisons-de-plaisance-parcs-et-jardins-situes-dans-un-rayon-de-vingt-lieues%2F\" target=\"_blank\" rel=\"noopener nofollow\"><span class=\"icon\"><\/span><span class=\"text\">Share<\/span><\/a><a  class=\"mashicon-twitter mash-large mash-center mashsb-noshadow\" href=\"https:\/\/twitter.com\/intent\/tweet?text=&url=https:\/\/www.elibron.com\/catalog\/product\/manuel-du-voyageur-aux-environs-de-paris-contenant-la-description-historique-ancienne-et-moderne-des-monuments-chateaux-maisons-de-plaisance-parcs-et-jardins-situes-dans-un-rayon-de-vingt-lieues\/&via=ElibronBooks\" target=\"_blank\" rel=\"noopener nofollow\"><span class=\"icon\"><\/span><span class=\"text\">Tweet<\/span><\/a><div class=\"onoffswitch2 mash-large mashsb-noshadow\" style=\"display:none;\"><\/div><\/div>\r\n            <\/div>\r\n                <div style=\"clear:both;\"><\/div><div class=\"mashsb-toggle-container\"><\/div><\/aside>\r\n            <!-- Share buttons by mashshare.net - Version: 3.5.7-->","protected":false},"excerpt":{"rendered":"","protected":false},"featured_media":40781,"comment_status":"closed","ping_status":"open","template":"","meta":{"_acf_changed":false,"jetpack_post_was_ever_published":false,"jetpack_publicize_message":"","jetpack_publicize_feature_enabled":true,"jetpack_social_post_already_shared":false,"jetpack_social_options":{"image_generator_settings":{"template":"highway","enabled":false},"version":2}},"product_brand":[],"product_cat":[6,2358,2356,2355,2357,2359],"product_tag":[76,79,74,193,77],"class_list":{"0":"post-40780","1":"product","2":"type-product","3":"status-publish","4":"has-post-thumbnail","6":"product_cat-books","7":"product_cat-countries-maps-books","8":"product_cat-europe-books","9":"product_cat-history-books","10":"product_cat-travel-books","11":"product_cat-travel-guides-books","12":"product_tag-countries-maps","13":"product_tag-europe","14":"product_tag-history","15":"product_tag-travel","16":"product_tag-travel-guides","18":"first","19":"instock","20":"purchasable","21":"product-type-simple"},"jetpack_publicize_connections":[],"acf":[],"jetpack_sharing_enabled":true,"_links":{"self":[{"href":"https:\/\/www.elibron.com\/catalog\/wp-json\/wp\/v2\/product\/40780","targetHints":{"allow":["GET"]}}],"collection":[{"href":"https:\/\/www.elibron.com\/catalog\/wp-json\/wp\/v2\/product"}],"about":[{"href":"https:\/\/www.elibron.com\/catalog\/wp-json\/wp\/v2\/types\/product"}],"replies":[{"embeddable":true,"href":"https:\/\/www.elibron.com\/catalog\/wp-json\/wp\/v2\/comments?post=40780"}],"wp:featuredmedia":[{"embeddable":true,"href":"https:\/\/www.elibron.com\/catalog\/wp-json\/wp\/v2\/media\/40781"}],"wp:attachment":[{"href":"https:\/\/www.elibron.com\/catalog\/wp-json\/wp\/v2\/media?parent=40780"}],"wp:term":[{"taxonomy":"product_brand","embeddable":true,"href":"https:\/\/www.elibron.com\/catalog\/wp-json\/wp\/v2\/product_brand?post=40780"},{"taxonomy":"product_cat","embeddable":true,"href":"https:\/\/www.elibron.com\/catalog\/wp-json\/wp\/v2\/product_cat?post=40780"},{"taxonomy":"product_tag","embeddable":true,"href":"https:\/\/www.elibron.com\/catalog\/wp-json\/wp\/v2\/product_tag?post=40780"}],"curies":[{"name":"wp","href":"https:\/\/api.w.org\/{rel}","templated":true}]}}