{"id":40752,"date":"2017-04-05T01:04:55","date_gmt":"2017-04-05T01:04:55","guid":{"rendered":"https:\/\/www.elibron.com\/catalog\/product\/documents-sur-lhistoire-la-geographie-et-le-commerce-de-lafrique-orientale-partie-2-relation-du-voyage-dexploration-a-la-cote-orientale-dafrique-execute-pendant-les-annees-1846-1847-et-1848-p\/"},"modified":"2017-04-06T08:28:01","modified_gmt":"2017-04-06T08:28:01","slug":"documents-sur-lhistoire-la-geographie-et-le-commerce-de-lafrique-orientale-partie-2-relation-du-voyage-dexploration-a-la-cote-orientale-dafrique-execute-pendant-les-annees-1846-1847-et-1848-p","status":"publish","type":"product","link":"https:\/\/www.elibron.com\/catalog\/product\/documents-sur-lhistoire-la-geographie-et-le-commerce-de-lafrique-orientale-partie-2-relation-du-voyage-dexploration-a-la-cote-orientale-dafrique-execute-pendant-les-annees-1846-1847-et-1848-p\/","title":{"rendered":"Documents sur l&#8217;histoire, la g\u00e9ographie et le commerce de l&#8217;Afrique Orientale. Partie 2. Relation du voyage d&#8217;exploration \u00e0 la c\u00f4te orientale d&#8217;Afrique, ex\u00e9cut\u00e9 pendant les ann\u00e9es 1846, 1847 et 1848 par le brick Le Ducou\u00ebdic. Tome 1"},"content":{"rendered":"<aside class=\"mashsb-container mashsb-main mashsb-stretched\"><div class=\"mashsb-box\"><div class=\"mashsb-buttons\"><a  class=\"mashicon-facebook mash-large mash-center mashsb-noshadow\" href=\"https:\/\/www.facebook.com\/sharer.php?u=https%3A%2F%2Fwww.elibron.com%2Fcatalog%2Fproduct%2Fdocuments-sur-lhistoire-la-geographie-et-le-commerce-de-lafrique-orientale-partie-2-relation-du-voyage-dexploration-a-la-cote-orientale-dafrique-execute-pendant-les-annees-1846-1847-et-1848-p%2F\" target=\"_blank\" rel=\"noopener nofollow\"><span class=\"icon\"><\/span><span class=\"text\">Share<\/span><\/a><a  class=\"mashicon-twitter mash-large mash-center mashsb-noshadow\" href=\"https:\/\/twitter.com\/intent\/tweet?text=&url=https:\/\/www.elibron.com\/catalog\/product\/documents-sur-lhistoire-la-geographie-et-le-commerce-de-lafrique-orientale-partie-2-relation-du-voyage-dexploration-a-la-cote-orientale-dafrique-execute-pendant-les-annees-1846-1847-et-1848-p\/&via=ElibronBooks\" target=\"_blank\" rel=\"noopener nofollow\"><span class=\"icon\"><\/span><span class=\"text\">Tweet<\/span><\/a><div class=\"onoffswitch2 mash-large mashsb-noshadow\" style=\"display:none;\"><\/div><\/div>\r\n            <\/div>\r\n                <div style=\"clear:both;\"><\/div><div class=\"mashsb-toggle-container\"><\/div><\/aside>\r\n            <!-- Share buttons by mashshare.net - Version: 3.5.7-->","protected":false},"excerpt":{"rendered":"","protected":false},"featured_media":40753,"comment_status":"closed","ping_status":"open","template":"","meta":{"_acf_changed":false,"jetpack_post_was_ever_published":false,"jetpack_publicize_message":"","jetpack_publicize_feature_enabled":true,"jetpack_social_post_already_shared":false,"jetpack_social_options":{"image_generator_settings":{"template":"highway","enabled":false},"version":2}},"product_brand":[],"product_cat":[2430,6,2358,2378,2418,2355,2365,2357,2379],"product_tag":[270,76,128,233,74,91,193,129],"class_list":{"0":"post-40752","1":"product","2":"type-product","3":"status-publish","4":"has-post-thumbnail","6":"product_cat-africa","7":"product_cat-books","8":"product_cat-countries-maps-books","9":"product_cat-customs-traditions-of-nations-books","10":"product_cat-geography-books","11":"product_cat-history-books","12":"product_cat-sciences-books","13":"product_cat-travel-books","14":"product_cat-travel-stories-books","15":"product_tag-africa","16":"product_tag-countries-maps","17":"product_tag-customs-traditions-of-nations","18":"product_tag-geography","19":"product_tag-history","20":"product_tag-sciences","21":"product_tag-travel","22":"product_tag-travel-stories","24":"first","25":"instock","26":"purchasable","27":"product-type-simple"},"jetpack_publicize_connections":[],"acf":[],"jetpack_sharing_enabled":true,"_links":{"self":[{"href":"https:\/\/www.elibron.com\/catalog\/wp-json\/wp\/v2\/product\/40752","targetHints":{"allow":["GET"]}}],"collection":[{"href":"https:\/\/www.elibron.com\/catalog\/wp-json\/wp\/v2\/product"}],"about":[{"href":"https:\/\/www.elibron.com\/catalog\/wp-json\/wp\/v2\/types\/product"}],"replies":[{"embeddable":true,"href":"https:\/\/www.elibron.com\/catalog\/wp-json\/wp\/v2\/comments?post=40752"}],"wp:featuredmedia":[{"embeddable":true,"href":"https:\/\/www.elibron.com\/catalog\/wp-json\/wp\/v2\/media\/40753"}],"wp:attachment":[{"href":"https:\/\/www.elibron.com\/catalog\/wp-json\/wp\/v2\/media?parent=40752"}],"wp:term":[{"taxonomy":"product_brand","embeddable":true,"href":"https:\/\/www.elibron.com\/catalog\/wp-json\/wp\/v2\/product_brand?post=40752"},{"taxonomy":"product_cat","embeddable":true,"href":"https:\/\/www.elibron.com\/catalog\/wp-json\/wp\/v2\/product_cat?post=40752"},{"taxonomy":"product_tag","embeddable":true,"href":"https:\/\/www.elibron.com\/catalog\/wp-json\/wp\/v2\/product_tag?post=40752"}],"curies":[{"name":"wp","href":"https:\/\/api.w.org\/{rel}","templated":true}]}}