{"id":40732,"date":"2017-04-05T01:03:50","date_gmt":"2017-04-05T01:03:50","guid":{"rendered":"https:\/\/www.elibron.com\/catalog\/product\/lehre-von-den-augenkrankheiten-als-leitfaden-zu-seinen-offentlichen-vorlesungen-entworfen-band-ii-welcher-die-lehre-von-den-nachkrankheiten-der-augenentzundung-enthalt\/"},"modified":"2017-04-06T08:27:49","modified_gmt":"2017-04-06T08:27:49","slug":"lehre-von-den-augenkrankheiten-als-leitfaden-zu-seinen-offentlichen-vorlesungen-entworfen-band-ii-welcher-die-lehre-von-den-nachkrankheiten-der-augenentzundung-enthalt","status":"publish","type":"product","link":"https:\/\/www.elibron.com\/catalog\/product\/lehre-von-den-augenkrankheiten-als-leitfaden-zu-seinen-offentlichen-vorlesungen-entworfen-band-ii-welcher-die-lehre-von-den-nachkrankheiten-der-augenentzundung-enthalt\/","title":{"rendered":"Lehre von den Augenkrankheiten, als Leitfaden zu seinen \u00f6ffentlichen Vorlesungen entworfen. Band II, welcher die Lehre von den Nachkrankheiten der Augenentz\u00fcndung enth\u00e4lt"},"content":{"rendered":"<aside class=\"mashsb-container mashsb-main mashsb-stretched\"><div class=\"mashsb-box\"><div class=\"mashsb-buttons\"><a  class=\"mashicon-facebook mash-large mash-center mashsb-noshadow\" href=\"https:\/\/www.facebook.com\/sharer.php?u=https%3A%2F%2Fwww.elibron.com%2Fcatalog%2Fproduct%2Flehre-von-den-augenkrankheiten-als-leitfaden-zu-seinen-offentlichen-vorlesungen-entworfen-band-ii-welcher-die-lehre-von-den-nachkrankheiten-der-augenentzundung-enthalt%2F\" target=\"_blank\" rel=\"noopener nofollow\"><span class=\"icon\"><\/span><span class=\"text\">Share<\/span><\/a><a  class=\"mashicon-twitter mash-large mash-center mashsb-noshadow\" href=\"https:\/\/twitter.com\/intent\/tweet?text=&url=https:\/\/www.elibron.com\/catalog\/product\/lehre-von-den-augenkrankheiten-als-leitfaden-zu-seinen-offentlichen-vorlesungen-entworfen-band-ii-welcher-die-lehre-von-den-nachkrankheiten-der-augenentzundung-enthalt\/&via=ElibronBooks\" target=\"_blank\" rel=\"noopener nofollow\"><span class=\"icon\"><\/span><span class=\"text\">Tweet<\/span><\/a><div class=\"onoffswitch2 mash-large mashsb-noshadow\" style=\"display:none;\"><\/div><\/div>\r\n            <\/div>\r\n                <div style=\"clear:both;\"><\/div><div class=\"mashsb-toggle-container\"><\/div><\/aside>\r\n            <!-- Share buttons by mashshare.net - Version: 3.5.7-->","protected":false},"excerpt":{"rendered":"","protected":false},"featured_media":40733,"comment_status":"closed","ping_status":"open","template":"","meta":{"_acf_changed":false,"jetpack_post_was_ever_published":false,"jetpack_publicize_message":"","jetpack_publicize_feature_enabled":true,"jetpack_social_post_already_shared":false,"jetpack_social_options":{"image_generator_settings":{"template":"highway","enabled":false},"version":2}},"product_brand":[],"product_cat":[6,2396,2552],"product_tag":[178,1071],"class_list":{"0":"post-40732","1":"product","2":"type-product","3":"status-publish","4":"has-post-thumbnail","6":"product_cat-books","7":"product_cat-medicine-health-care-books","8":"product_cat-ophthalmology-books","9":"product_tag-medicine-health-care","10":"product_tag-ophthalmology","12":"first","13":"instock","14":"purchasable","15":"product-type-simple"},"jetpack_publicize_connections":[],"acf":[],"jetpack_sharing_enabled":true,"_links":{"self":[{"href":"https:\/\/www.elibron.com\/catalog\/wp-json\/wp\/v2\/product\/40732","targetHints":{"allow":["GET"]}}],"collection":[{"href":"https:\/\/www.elibron.com\/catalog\/wp-json\/wp\/v2\/product"}],"about":[{"href":"https:\/\/www.elibron.com\/catalog\/wp-json\/wp\/v2\/types\/product"}],"replies":[{"embeddable":true,"href":"https:\/\/www.elibron.com\/catalog\/wp-json\/wp\/v2\/comments?post=40732"}],"wp:featuredmedia":[{"embeddable":true,"href":"https:\/\/www.elibron.com\/catalog\/wp-json\/wp\/v2\/media\/40733"}],"wp:attachment":[{"href":"https:\/\/www.elibron.com\/catalog\/wp-json\/wp\/v2\/media?parent=40732"}],"wp:term":[{"taxonomy":"product_brand","embeddable":true,"href":"https:\/\/www.elibron.com\/catalog\/wp-json\/wp\/v2\/product_brand?post=40732"},{"taxonomy":"product_cat","embeddable":true,"href":"https:\/\/www.elibron.com\/catalog\/wp-json\/wp\/v2\/product_cat?post=40732"},{"taxonomy":"product_tag","embeddable":true,"href":"https:\/\/www.elibron.com\/catalog\/wp-json\/wp\/v2\/product_tag?post=40732"}],"curies":[{"name":"wp","href":"https:\/\/api.w.org\/{rel}","templated":true}]}}