{"id":40578,"date":"2017-04-05T00:55:30","date_gmt":"2017-04-05T00:55:30","guid":{"rendered":"https:\/\/www.elibron.com\/catalog\/product\/%c2%8cuvres-completes-de-j-j-barthelemy-tome-3-partie-1-voyage-du-jeune-anacharsis-en-grece-partie-2-dissertation-sur-une-ancienne-inscription-grecque-voyage-en-italie-lettres-au-comte-caylus\/"},"modified":"2017-04-06T08:26:23","modified_gmt":"2017-04-06T08:26:23","slug":"%c2%8cuvres-completes-de-j-j-barthelemy-tome-3-partie-1-voyage-du-jeune-anacharsis-en-grece-partie-2-dissertation-sur-une-ancienne-inscription-grecque-voyage-en-italie-lettres-au-comte-caylus","status":"publish","type":"product","link":"https:\/\/www.elibron.com\/catalog\/product\/%c2%8cuvres-completes-de-j-j-barthelemy-tome-3-partie-1-voyage-du-jeune-anacharsis-en-grece-partie-2-dissertation-sur-une-ancienne-inscription-grecque-voyage-en-italie-lettres-au-comte-caylus\/","title":{"rendered":"Oeuvres compl\u00e8tes de J. J. Barth\u00e9lemy. Tome 3. Partie 1. Voyage du jeune Anacharsis en Gr\u00e8ce. Partie 2. Dissertation sur une ancienne inscription grecque. Voyage en Italie. Lettres au comte Caylus. M\u00e9moire sur les anciens monuments de Rome"},"content":{"rendered":"<aside class=\"mashsb-container mashsb-main mashsb-stretched\"><div class=\"mashsb-box\"><div class=\"mashsb-buttons\"><a  class=\"mashicon-facebook mash-large mash-center mashsb-noshadow\" href=\"https:\/\/www.facebook.com\/sharer.php?u=https%3A%2F%2Fwww.elibron.com%2Fcatalog%2Fproduct%2F%25c2%258cuvres-completes-de-j-j-barthelemy-tome-3-partie-1-voyage-du-jeune-anacharsis-en-grece-partie-2-dissertation-sur-une-ancienne-inscription-grecque-voyage-en-italie-lettres-au-comte-caylus%2F\" target=\"_blank\" rel=\"noopener nofollow\"><span class=\"icon\"><\/span><span class=\"text\">Share<\/span><\/a><a  class=\"mashicon-twitter mash-large mash-center mashsb-noshadow\" href=\"https:\/\/twitter.com\/intent\/tweet?text=&url=https:\/\/www.elibron.com\/catalog\/product\/%c2%8cuvres-completes-de-j-j-barthelemy-tome-3-partie-1-voyage-du-jeune-anacharsis-en-grece-partie-2-dissertation-sur-une-ancienne-inscription-grecque-voyage-en-italie-lettres-au-comte-caylus\/&via=ElibronBooks\" target=\"_blank\" rel=\"noopener nofollow\"><span class=\"icon\"><\/span><span class=\"text\">Tweet<\/span><\/a><div class=\"onoffswitch2 mash-large mashsb-noshadow\" style=\"display:none;\"><\/div><\/div>\r\n            <\/div>\r\n                <div style=\"clear:both;\"><\/div><div class=\"mashsb-toggle-container\"><\/div><\/aside>\r\n            <!-- Share buttons by mashshare.net - Version: 3.5.7-->","protected":false},"excerpt":{"rendered":"","protected":false},"featured_media":40579,"comment_status":"closed","ping_status":"open","template":"","meta":{"_acf_changed":false,"jetpack_post_was_ever_published":false,"jetpack_publicize_message":"","jetpack_publicize_feature_enabled":true,"jetpack_social_post_already_shared":false,"jetpack_social_options":{"image_generator_settings":{"template":"highway","enabled":false},"version":2}},"product_brand":[],"product_cat":[2344,6,2358,2378,2356,2454,2355,2357,2379,2453],"product_tag":[53,76,128,79,599,74,193,129,370],"class_list":{"0":"post-40578","1":"product","2":"type-product","3":"status-publish","4":"has-post-thumbnail","6":"product_cat-biography-memoir-books","7":"product_cat-books","8":"product_cat-countries-maps-books","9":"product_cat-customs-traditions-of-nations-books","10":"product_cat-europe-books","11":"product_cat-explorers-books","12":"product_cat-history-books","13":"product_cat-travel-books","14":"product_cat-travel-stories-books","15":"product_cat-travelers-books","16":"product_tag-biography-memoir","17":"product_tag-countries-maps","18":"product_tag-customs-traditions-of-nations","19":"product_tag-europe","20":"product_tag-explorers","21":"product_tag-history","22":"product_tag-travel","23":"product_tag-travel-stories","24":"product_tag-travelers","26":"first","27":"instock","28":"purchasable","29":"product-type-simple"},"jetpack_publicize_connections":[],"acf":[],"jetpack_sharing_enabled":true,"_links":{"self":[{"href":"https:\/\/www.elibron.com\/catalog\/wp-json\/wp\/v2\/product\/40578","targetHints":{"allow":["GET"]}}],"collection":[{"href":"https:\/\/www.elibron.com\/catalog\/wp-json\/wp\/v2\/product"}],"about":[{"href":"https:\/\/www.elibron.com\/catalog\/wp-json\/wp\/v2\/types\/product"}],"replies":[{"embeddable":true,"href":"https:\/\/www.elibron.com\/catalog\/wp-json\/wp\/v2\/comments?post=40578"}],"wp:featuredmedia":[{"embeddable":true,"href":"https:\/\/www.elibron.com\/catalog\/wp-json\/wp\/v2\/media\/40579"}],"wp:attachment":[{"href":"https:\/\/www.elibron.com\/catalog\/wp-json\/wp\/v2\/media?parent=40578"}],"wp:term":[{"taxonomy":"product_brand","embeddable":true,"href":"https:\/\/www.elibron.com\/catalog\/wp-json\/wp\/v2\/product_brand?post=40578"},{"taxonomy":"product_cat","embeddable":true,"href":"https:\/\/www.elibron.com\/catalog\/wp-json\/wp\/v2\/product_cat?post=40578"},{"taxonomy":"product_tag","embeddable":true,"href":"https:\/\/www.elibron.com\/catalog\/wp-json\/wp\/v2\/product_tag?post=40578"}],"curies":[{"name":"wp","href":"https:\/\/api.w.org\/{rel}","templated":true}]}}